{"id":892,"date":"2022-05-01T23:10:34","date_gmt":"2022-05-01T22:10:34","guid":{"rendered":"https:\/\/autoinfo.hu\/szvk\/?page_id=892"},"modified":"2025-03-24T11:24:41","modified_gmt":"2025-03-24T10:24:41","slug":"vizsgadij-atutalas","status":"publish","type":"page","link":"https:\/\/autoinfo.hu\/szvk\/index.php\/vizsgadij-atutalas\/","title":{"rendered":"Vizsgad\u00edj \u00e9s okm\u00e1nykiad\u00e1si d\u00edj \u00e1tutal\u00e1s"},"content":{"rendered":"<table>\n<tbody>\n<tr>\n<td style=\"vertical-align: top;\">Kedvezm\u00e9nyezett neve:<\/td>\n<td style=\"font-weight: bold;\">KAV K\u00f6zleked\u00e9si Alkalmass\u00e1gi \u00e9s Vizsgak\u00f6zpont Nonprofit Kft.<br \/>\nHAJ\u00d3Z\u00c1SI VIZSGAK\u00d6ZPONT<\/td>\n<\/tr>\n<tr>\n<td style=\"vertical-align: top;\">Kedvezm\u00e9nyezett bank:<\/td>\n<td style=\"font-weight: bold;\">OTP Bank Nyrt.<\/td>\n<\/tr>\n<tr>\n<td style=\"vertical-align: top;\">Kedvezm\u00e9nyezett sz\u00e1mlasz\u00e1ma:<\/td>\n<td style=\"font-weight: bold;\">11711003-21463062-00000000<\/td>\n<\/tr>\n<tr>\n<td style=\"vertical-align: top;\">IBAN:<\/td>\n<td style=\"font-weight: bold;\">HU68 11711003-21463062-00000000<\/td>\n<\/tr>\n<tr>\n<td style=\"vertical-align: top;\">K\u00f6zlem\u00e9ny rovat:<\/td>\n<td><strong>1. utal\u00e1s: Teljes n\u00e9v, sz\u00fclet\u00e9si d\u00e1tum,<\/strong> kishaj\u00f3s vizsgad\u00edj<br \/>\n<strong>2. utal\u00e1s: Teljes n\u00e9v, sz\u00fclet\u00e9si d\u00e1tum,<\/strong> okm\u00e1nykiad\u00e1s d\u00edja<\/td>\n<\/tr>\n<\/tbody>\n<\/table>\n<h2>Utaland\u00f3 \u00f6sszegek<\/h2>\n<p>KISG\u00c9PHAJ\u00d3 VEZET\u0150 VIZSGA ESET\u00c9N:<\/p>\n<table style=\"max-width: 500px;\">\n<tbody>\n<tr>\n<td style=\"vertical-align: top;\">Haj\u00f3z\u00e1si szab\u00e1lyzat tesztvizsga d\u00edja:<\/td>\n<td style=\"text-align: right;\">10 900 Ft<\/td>\n<\/tr>\n<tr>\n<td style=\"vertical-align: top;\">Motoros haj\u00f3z\u00e1si ismeretek tesztvizsga d\u00edja:<\/td>\n<td style=\"text-align: right;\">10 900 Ft<\/td>\n<\/tr>\n<tr>\n<td style=\"vertical-align: top;\">Gyakorlati vizsga d\u00edja:<\/td>\n<td style=\"text-align: right;\">28 300 Ft<\/td>\n<\/tr>\n<tr>\n<td style=\"vertical-align: top;\"><strong>1. utal\u00e1s:<\/strong> <strong>Vizsgad\u00edj \u00f6sszesen:<\/strong><\/td>\n<td style=\"text-align: right;\"><strong>50 100 Ft<\/strong><\/td>\n<\/tr>\n<tr>\n<td style=\"vertical-align: top; font-weight: bold;\">2. utal\u00e1s: okm\u00e1nykiad\u00e1s d\u00edja<\/td>\n<td style=\"text-align: right; font-weight: bold;\">16 100 Ft<\/td>\n<\/tr>\n<\/tbody>\n<\/table>\n<p>VITORL\u00c1S \u00c9S KISG\u00c9PHAJ\u00d3 VEZET\u0150 VIZSGA ESET\u00c9N:<\/p>\n<table style=\"max-width: 500px;\">\n<tbody>\n<tr>\n<td style=\"vertical-align: top;\">Haj\u00f3z\u00e1si szab\u00e1lyzat tesztvizsga d\u00edja:<\/td>\n<td style=\"text-align: right;\">10 900 Ft<\/td>\n<\/tr>\n<tr>\n<td style=\"vertical-align: top;\">Motoros haj\u00f3z\u00e1si ismeretek tesztvizsga d\u00edja:<\/td>\n<td style=\"text-align: right;\">10 900 Ft<\/td>\n<\/tr>\n<tr>\n<td style=\"vertical-align: top;\">Vitorl\u00e1s haj\u00f3z\u00e1si ismeretek tesztvizsga d\u00edja:<\/td>\n<td style=\"text-align: right;\">10 900 Ft<\/td>\n<\/tr>\n<tr>\n<td style=\"vertical-align: top;\">Motoros gyakorlati vizsga d\u00edja:<\/td>\n<td style=\"text-align: right;\">28 300 Ft<\/td>\n<\/tr>\n<tr>\n<td style=\"vertical-align: top;\">Vitorl\u00e1s gyakorlati vizsga d\u00edja:<\/td>\n<td style=\"text-align: right;\">28 300 Ft<\/td>\n<\/tr>\n<tr>\n<td style=\"vertical-align: top;\"><strong>1. utal\u00e1s:<\/strong> <strong>Vizsgad\u00edj \u00f6sszesen:<\/strong><\/td>\n<td style=\"text-align: right;\"><strong>89 300 Ft<\/strong><\/td>\n<\/tr>\n<tr>\n<td style=\"vertical-align: top; font-weight: bold;\">2. utal\u00e1s: okm\u00e1nykiad\u00e1s d\u00edja<\/td>\n<td style=\"text-align: right; font-weight: bold;\">16 100 Ft<\/td>\n<\/tr>\n<\/tbody>\n<\/table>\n<p>K\u00dcL\u00d6NB\u00d6ZETI VIZSGA ESET\u00c9N:<\/p>\n<table style=\"max-width: 500px;\">\n<tbody>\n<tr>\n<td style=\"vertical-align: top;\">Motoros haj\u00f3z\u00e1si ismeretek, vagy<br \/>\nVitorl\u00e1s haj\u00f3z\u00e1si ismeretek tesztvizsga d\u00edja:<\/td>\n<td style=\"text-align: right; vertical-align: bottom;\">10 900 Ft<\/td>\n<\/tr>\n<tr>\n<td style=\"vertical-align: top;\">Motorosgyakorlati vizsga, vagy<br \/>\nVitorl\u00e1s gyakorlati vizsga d\u00edja:<\/td>\n<td style=\"text-align: right; vertical-align: bottom;\">28 300 Ft<\/td>\n<\/tr>\n<tr>\n<td style=\"vertical-align: top;\"><strong>1. utal\u00e1s:<\/strong> <strong>Vizsgad\u00edj \u00f6sszesen:<\/strong><\/td>\n<td style=\"text-align: right;\"><strong>39 200 Ft<\/strong><\/td>\n<\/tr>\n<tr>\n<td style=\"vertical-align: top; font-weight: bold;\">2. utal\u00e1s: okm\u00e1nykiad\u00e1s d\u00edja<\/td>\n<td style=\"text-align: right; font-weight: bold;\">16 100 Ft<\/td>\n<\/tr>\n<\/tbody>\n<\/table>\n<p>Fentiekt\u0151l elt\u00e9r\u0151 esetben el\u0151zetes <strong>egyeztet\u00e9s sz\u00fcks\u00e9ges.<\/strong><\/p>\n<p>Az \u00e1tutal\u00e1si megb\u00edz\u00e1s <strong>k\u00f6zlem\u00e9ny rovat\u00e1ba<\/strong> a k\u00f6vetkez\u0151ket sz\u00fcks\u00e9ges be\u00edrni:<br \/>\n<strong>1. utal\u00e1sn\u00e1l: Teljes n\u00e9v, sz\u00fclet\u00e9si d\u00e1tum, <\/strong>kishaj\u00f3s vizsgad\u00edj<br \/>\n<strong>2. utal\u00e1sn\u00e1l: Teljes n\u00e9v, sz\u00fclet\u00e9si d\u00e1tum, <\/strong>okm\u00e1nykiad\u00e1s d\u00edja<\/p>\n<p>A tranzakci\u00f3 megt\u00f6rt\u00e9nte ut\u00e1n a teljes\u00edt\u00e9st igazol\u00f3<strong><br \/>\nsz\u00e1mlakivonat m\u00e1solat\u00e1t k\u00e9rem e-mailen megk\u00fcldeni!<\/strong><br \/>\n( Az \u00e1tutal\u00e1si megb\u00edz\u00e1s m\u00e1solat\u00e1ra nincs sz\u00fcks\u00e9g. )<\/p>\n<p>Kipper Gy\u00f6rgy<br \/>\n<a href=\"mailto:kipper.gyorgy@gmail.com\">kipper@kipper.hu<\/a><br \/>\n<a href=\"tel:+36-30-978-6313\">+36 30 978 6313<\/a><\/p>\n","protected":false},"excerpt":{"rendered":"<p>Kedvezm\u00e9nyezett neve: KAV K\u00f6zleked\u00e9si Alkalmass\u00e1gi \u00e9s Vizsgak\u00f6zpont Nonprofit Kft. HAJ\u00d3Z\u00c1SI VIZSGAK\u00d6ZPONT Kedvezm\u00e9nyezett bank: OTP Bank Nyrt. Kedvezm\u00e9nyezett sz\u00e1mlasz\u00e1ma: 11711003-21463062-00000000 IBAN: HU68 11711003-21463062-00000000 K\u00f6zlem\u00e9ny rovat: 1. utal\u00e1s: Teljes n\u00e9v, sz\u00fclet\u00e9si d\u00e1tum, kishaj\u00f3s vizsgad\u00edj 2. utal\u00e1s: Teljes n\u00e9v, sz\u00fclet\u00e9si d\u00e1tum, okm\u00e1nykiad\u00e1s d\u00edja Utaland\u00f3 \u00f6sszegek KISG\u00c9PHAJ\u00d3 VEZET\u0150 VIZSGA ESET\u00c9N: Haj\u00f3z\u00e1si szab\u00e1lyzat tesztvizsga d\u00edja: 10 900 Ft Motoros haj\u00f3z\u00e1si [&hellip;]<\/p>\n","protected":false},"author":1694,"featured_media":0,"parent":0,"menu_order":0,"comment_status":"closed","ping_status":"closed","template":"","meta":{"_exactmetrics_skip_tracking":false,"_exactmetrics_sitenote_active":false,"_exactmetrics_sitenote_note":"","_exactmetrics_sitenote_category":0,"footnotes":""},"class_list":["post-892","page","type-page","status-publish","hentry"],"_links":{"self":[{"href":"https:\/\/autoinfo.hu\/szvk\/index.php\/wp-json\/wp\/v2\/pages\/892","targetHints":{"allow":["GET"]}}],"collection":[{"href":"https:\/\/autoinfo.hu\/szvk\/index.php\/wp-json\/wp\/v2\/pages"}],"about":[{"href":"https:\/\/autoinfo.hu\/szvk\/index.php\/wp-json\/wp\/v2\/types\/page"}],"author":[{"embeddable":true,"href":"https:\/\/autoinfo.hu\/szvk\/index.php\/wp-json\/wp\/v2\/users\/1694"}],"replies":[{"embeddable":true,"href":"https:\/\/autoinfo.hu\/szvk\/index.php\/wp-json\/wp\/v2\/comments?post=892"}],"version-history":[{"count":14,"href":"https:\/\/autoinfo.hu\/szvk\/index.php\/wp-json\/wp\/v2\/pages\/892\/revisions"}],"predecessor-version":[{"id":1520,"href":"https:\/\/autoinfo.hu\/szvk\/index.php\/wp-json\/wp\/v2\/pages\/892\/revisions\/1520"}],"wp:attachment":[{"href":"https:\/\/autoinfo.hu\/szvk\/index.php\/wp-json\/wp\/v2\/media?parent=892"}],"curies":[{"name":"wp","href":"https:\/\/api.w.org\/{rel}","templated":true}]}}