{"id":890,"date":"2022-05-01T23:09:19","date_gmt":"2022-05-01T22:09:19","guid":{"rendered":"https:\/\/autoinfo.hu\/szvk\/?page_id=890"},"modified":"2025-03-24T11:27:40","modified_gmt":"2025-03-24T10:27:40","slug":"tanfolyamdij-fizetes-atutalas","status":"publish","type":"page","link":"https:\/\/autoinfo.hu\/szvk\/index.php\/tanfolyamdij-fizetes-atutalas\/","title":{"rendered":"Tanfolyamd\u00edj fizet\u00e9s, \u00e1tutal\u00e1s"},"content":{"rendered":"<p>A Meg\u00e1llapod\u00e1s szerint a tanfolyam d\u00edj fizet\u00e9s a k\u00e9pz\u00e9s igazol\u00e1s kiad\u00e1sakor esed\u00e9kess\u00e9 v\u00e1lik.<br \/>\nA k\u00e9pz\u00e9s igazol\u00e1st az elm\u00e9leti illetve a gyakorlati vizsga el\u0151tti napon \u00e1ll\u00edtom ki.<br \/>\nA tanfolyamd\u00edj fizet\u00e9se t\u00f6rt\u00e9nhet k\u00e9szp\u00e9nzben, vagy banki \u00e1tutal\u00e1ssal.<\/p>\n<table>\n<tbody>\n<tr>\n<td style=\"vertical-align: top;\">Kedvezm\u00e9nyezett neve:<\/td>\n<td style=\"font-weight: bold;\">AUTOINFO HUNGARY EC<\/td>\n<\/tr>\n<tr>\n<td style=\"vertical-align: top;\">Kedvezm\u00e9nyezett bank:<\/td>\n<td style=\"font-weight: bold;\">MKB BANK<\/td>\n<\/tr>\n<tr>\n<td style=\"vertical-align: top;\">Kedvezm\u00e9nyezett sz\u00e1mlasz\u00e1ma:<\/td>\n<td style=\"font-weight: bold;\">10300002-28515139-00003285<\/td>\n<\/tr>\n<tr>\n<td style=\"vertical-align: top;\">IBAN:<\/td>\n<td style=\"font-weight: bold;\">HU40 10300002-28515139-00003285<\/td>\n<\/tr>\n<tr>\n<td style=\"vertical-align: top;\">K\u00f6zlem\u00e9ny rovat:<\/td>\n<td><strong>A vizsg\u00e1z\u00f3 teljes neve, sz\u00fclet\u00e9si d\u00e1tuma<\/strong><\/td>\n<\/tr>\n<\/tbody>\n<\/table>\n<p>KISG\u00c9PHAJ\u00d3 VEZET\u0150 VIZSGA ESET\u00c9N:<\/p>\n<table style=\"max-width: 500px;\">\n<tbody>\n<tr>\n<td style=\"vertical-align: top;\">Tanfolyamd\u00edj:<\/td>\n<td style=\"text-align: right;\">50 000 Ft<\/td>\n<\/tr>\n<tr>\n<td style=\"vertical-align: top;\"><\/td>\n<td style=\"text-align: right; vertical-align: bottom;\"><\/td>\n<\/tr>\n<tr>\n<td style=\"vertical-align: top; font-weight: bold;\">\u00c1tutaland\u00f3 d\u00edj \u00f6sszesen:<\/td>\n<td style=\"text-align: right; font-weight: bold;\">50 000 Ft<\/td>\n<\/tr>\n<\/tbody>\n<\/table>\n<p>VITORL\u00c1S KISHAJ\u00d3VEZET\u0150 VIZSGA ESET\u00c9N:<\/p>\n<table style=\"max-width: 500px;\">\n<tbody>\n<tr>\n<td style=\"vertical-align: top;\">Tanfolyamd\u00edj:<\/td>\n<td style=\"text-align: right;\">70 000 Ft<\/td>\n<\/tr>\n<tr>\n<td style=\"vertical-align: top;\"><\/td>\n<td style=\"text-align: right; vertical-align: bottom;\"><\/td>\n<\/tr>\n<tr>\n<td style=\"vertical-align: top; font-weight: bold;\">\u00c1tutaland\u00f3 d\u00edj \u00f6sszesen:<\/td>\n<td style=\"text-align: right; font-weight: bold;\">70 000 Ft<\/td>\n<\/tr>\n<\/tbody>\n<\/table>\n<p>VITORL\u00c1S \u00c9S KISG\u00c9PHAJ\u00d3 VEZET\u0150 VIZSGA ESET\u00c9N:<\/p>\n<table style=\"max-width: 500px;\">\n<tbody>\n<tr>\n<td style=\"vertical-align: top;\">Tanfolyamd\u00edj:<\/td>\n<td style=\"text-align: right;\">120 000 Ft<\/td>\n<\/tr>\n<tr>\n<td style=\"vertical-align: top;\"><\/td>\n<td style=\"text-align: right; vertical-align: bottom;\"><\/td>\n<\/tr>\n<tr>\n<td style=\"vertical-align: top; font-weight: bold;\">\u00c1tutaland\u00f3 d\u00edj \u00f6sszesen:<\/td>\n<td style=\"text-align: right; font-weight: bold;\">120 000 Ft<\/td>\n<\/tr>\n<\/tbody>\n<\/table>\n<p>Fentiekt\u0151l elt\u00e9r\u0151 esetben el\u0151zetes <strong>egyeztet\u00e9s sz\u00fcks\u00e9ges<\/strong>.<\/p>\n<p>Az \u00e1tutal\u00e1si megb\u00edz\u00e1s k\u00f6zlem\u00e9ny rovat\u00e1ba k\u00e9rem be\u00edrni:<br \/>\n<strong>a vizsg\u00e1z\u00f3 teljes nev\u00e9t, sz\u00fclet\u00e9si d\u00e1tum\u00e1t.<\/strong><\/p>\n<p>Kipper Gy\u00f6rgy<br \/>\n<a href=\"tel:+36-30-978-6313\">+36 30 978 6313<\/a><\/p>\n","protected":false},"excerpt":{"rendered":"<p>A Meg\u00e1llapod\u00e1s szerint a tanfolyam d\u00edj fizet\u00e9s a k\u00e9pz\u00e9s igazol\u00e1s kiad\u00e1sakor esed\u00e9kess\u00e9 v\u00e1lik. A k\u00e9pz\u00e9s igazol\u00e1st az elm\u00e9leti illetve a gyakorlati vizsga el\u0151tti napon \u00e1ll\u00edtom ki. A tanfolyamd\u00edj fizet\u00e9se t\u00f6rt\u00e9nhet k\u00e9szp\u00e9nzben, vagy banki \u00e1tutal\u00e1ssal. Kedvezm\u00e9nyezett neve: AUTOINFO HUNGARY EC Kedvezm\u00e9nyezett bank: MKB BANK Kedvezm\u00e9nyezett sz\u00e1mlasz\u00e1ma: 10300002-28515139-00003285 IBAN: HU40 10300002-28515139-00003285 K\u00f6zlem\u00e9ny rovat: A vizsg\u00e1z\u00f3 teljes neve, [&hellip;]<\/p>\n","protected":false},"author":1694,"featured_media":0,"parent":0,"menu_order":0,"comment_status":"closed","ping_status":"closed","template":"","meta":{"_exactmetrics_skip_tracking":false,"_exactmetrics_sitenote_active":false,"_exactmetrics_sitenote_note":"","_exactmetrics_sitenote_category":0,"footnotes":""},"class_list":["post-890","page","type-page","status-publish","hentry"],"_links":{"self":[{"href":"https:\/\/autoinfo.hu\/szvk\/index.php\/wp-json\/wp\/v2\/pages\/890","targetHints":{"allow":["GET"]}}],"collection":[{"href":"https:\/\/autoinfo.hu\/szvk\/index.php\/wp-json\/wp\/v2\/pages"}],"about":[{"href":"https:\/\/autoinfo.hu\/szvk\/index.php\/wp-json\/wp\/v2\/types\/page"}],"author":[{"embeddable":true,"href":"https:\/\/autoinfo.hu\/szvk\/index.php\/wp-json\/wp\/v2\/users\/1694"}],"replies":[{"embeddable":true,"href":"https:\/\/autoinfo.hu\/szvk\/index.php\/wp-json\/wp\/v2\/comments?post=890"}],"version-history":[{"count":6,"href":"https:\/\/autoinfo.hu\/szvk\/index.php\/wp-json\/wp\/v2\/pages\/890\/revisions"}],"predecessor-version":[{"id":1521,"href":"https:\/\/autoinfo.hu\/szvk\/index.php\/wp-json\/wp\/v2\/pages\/890\/revisions\/1521"}],"wp:attachment":[{"href":"https:\/\/autoinfo.hu\/szvk\/index.php\/wp-json\/wp\/v2\/media?parent=890"}],"curies":[{"name":"wp","href":"https:\/\/api.w.org\/{rel}","templated":true}]}}