{"id":888,"date":"2022-05-01T23:04:07","date_gmt":"2022-05-01T22:04:07","guid":{"rendered":"https:\/\/autoinfo.hu\/szvk\/?page_id=888"},"modified":"2024-02-16T16:56:47","modified_gmt":"2024-02-16T15:56:47","slug":"nyilatkozat-uszni-tudasrol","status":"publish","type":"page","link":"https:\/\/autoinfo.hu\/szvk\/index.php\/nyilatkozat-uszni-tudasrol\/","title":{"rendered":"Nyilatkozat \u00faszni tud\u00e1sr\u00f3l"},"content":{"rendered":"<p>A nyilatkozat kit\u00f6lt\u00e9se \u00e9s elk\u00fcld\u00e9se:<\/p>\n<ul>\n<li>a mell\u00e9kelt file let\u00f6lt\u00e9se,<\/li>\n<li>a szem\u00e9lyes adatokat sz\u00e1m\u00edt\u00f3g\u00e9ppel beg\u00e9pel\u00e9se,<\/li>\n<li>a szem\u00e9lyes adatokkal kit\u00f6lt\u00f6tt dokumentum kinyomtat\u00e1sa,<\/li>\n<li><strong>al\u00e1\u00edr\u00e1sa,<\/strong><\/li>\n<li>az al\u00e1\u00edrt nyilatkozat beszkennel\u00e9se, vagy egyszer\u0171en lefot\u00f3z\u00e1sa,<\/li>\n<li>a <strong><a href=\"mailto:kipper.gyorgy@gmail.com\">kipper@kipper.hu<\/a><\/strong> e-mail c\u00edmre elk\u00fcld\u00e9se.<\/li>\n<li><a href=\"https:\/\/autoinfo.hu\/szvk\/wp-content\/uploads\/2020\/02\/nyilatkozat_uszni_tudasrol.doc\">Nyilatkozat \u00faszni tud\u00e1sr\u00f3l let\u00f6lt\u00e9se \u00bb<\/a><\/li>\n<\/ul>\n","protected":false},"excerpt":{"rendered":"<p>A nyilatkozat kit\u00f6lt\u00e9se \u00e9s elk\u00fcld\u00e9se: a mell\u00e9kelt file let\u00f6lt\u00e9se, a szem\u00e9lyes adatokat sz\u00e1m\u00edt\u00f3g\u00e9ppel beg\u00e9pel\u00e9se, a szem\u00e9lyes adatokkal kit\u00f6lt\u00f6tt dokumentum kinyomtat\u00e1sa, al\u00e1\u00edr\u00e1sa, az al\u00e1\u00edrt nyilatkozat beszkennel\u00e9se, vagy egyszer\u0171en lefot\u00f3z\u00e1sa, a kipper@kipper.hu e-mail c\u00edmre elk\u00fcld\u00e9se. Nyilatkozat \u00faszni tud\u00e1sr\u00f3l let\u00f6lt\u00e9se \u00bb<\/p>\n","protected":false},"author":1694,"featured_media":0,"parent":0,"menu_order":0,"comment_status":"closed","ping_status":"closed","template":"","meta":{"_exactmetrics_skip_tracking":false,"_exactmetrics_sitenote_active":false,"_exactmetrics_sitenote_note":"","_exactmetrics_sitenote_category":0,"footnotes":""},"class_list":["post-888","page","type-page","status-publish","hentry"],"_links":{"self":[{"href":"https:\/\/autoinfo.hu\/szvk\/index.php\/wp-json\/wp\/v2\/pages\/888","targetHints":{"allow":["GET"]}}],"collection":[{"href":"https:\/\/autoinfo.hu\/szvk\/index.php\/wp-json\/wp\/v2\/pages"}],"about":[{"href":"https:\/\/autoinfo.hu\/szvk\/index.php\/wp-json\/wp\/v2\/types\/page"}],"author":[{"embeddable":true,"href":"https:\/\/autoinfo.hu\/szvk\/index.php\/wp-json\/wp\/v2\/users\/1694"}],"replies":[{"embeddable":true,"href":"https:\/\/autoinfo.hu\/szvk\/index.php\/wp-json\/wp\/v2\/comments?post=888"}],"version-history":[{"count":3,"href":"https:\/\/autoinfo.hu\/szvk\/index.php\/wp-json\/wp\/v2\/pages\/888\/revisions"}],"predecessor-version":[{"id":1125,"href":"https:\/\/autoinfo.hu\/szvk\/index.php\/wp-json\/wp\/v2\/pages\/888\/revisions\/1125"}],"wp:attachment":[{"href":"https:\/\/autoinfo.hu\/szvk\/index.php\/wp-json\/wp\/v2\/media?parent=888"}],"curies":[{"name":"wp","href":"https:\/\/api.w.org\/{rel}","templated":true}]}}