{"id":882,"date":"2022-05-01T22:15:47","date_gmt":"2022-05-01T21:15:47","guid":{"rendered":"https:\/\/autoinfo.hu\/szvk\/?page_id=882"},"modified":"2026-03-07T00:00:27","modified_gmt":"2026-03-06T23:00:27","slug":"orvosi-alkalmassagi-igazolas","status":"publish","type":"page","link":"https:\/\/autoinfo.hu\/szvk\/index.php\/orvosi-alkalmassagi-igazolas\/","title":{"rendered":"Orvosi alkalmass\u00e1gi igazol\u00e1s"},"content":{"rendered":"<p>A kishaj\u00f3s vizsg\u00e1ra jelentkez\u00e9shez az alkalmass\u00e1gr\u00f3l orvosi igazol\u00e1s sz\u00fcks\u00e9ges.<\/p>\n<p>Az alkalmass\u00e1gi vizsg\u00e1latot a h\u00e1ziorvos, k\u00f6rzetorvos, sportorvos, szakorvos egyar\u00e1nt elv\u00e9gezheti, amennyiben a megfelel\u0151 jogosults\u00e1ggal rendelkezik.<\/p>\n<p>21\/2002\/XI. GKM .ESZGSMk. rendelet 4.\u00a7 2. po. ba, bb, bc, bd alapj\u00e1n<\/p>\n<ul>\n<li><strong>18-40 \u00e9ves korig 10 \u00e9v<\/strong><\/li>\n<li><strong>40-60 \u00e9ves korig 5 \u00e9v<\/strong><\/li>\n<li><strong>60-70 \u00e9ves korig 3 \u00e9v<\/strong><\/li>\n<\/ul>\n<p>A rendel\u00e9si id\u0151kr\u0151l, a vizsg\u00e1lat id\u0151pontj\u00e1r\u00f3l c\u00e9lszer\u0171<br \/>\n<strong>KELL\u0150 ID\u0150BEN<\/strong> inform\u00e1l\u00f3dni, hogy ne az utols\u00f3 pillanatban kelljen kapkodni.<\/p>\n<p>K\u00fcl\u00f6nb\u00f6zeti vizsga eset\u00e9n <strong>c\u00e9lszer\u0171 m\u00e9rlegelni<\/strong>, hogy<\/p>\n<ul>\n<li>a megl\u00e9v\u0151 k\u00e9pes\u00edt\u00e9s orvosi alkalmass\u00e1g\u00e1nak id\u0151pontj\u00e1t elfogadod, a <strong>megl\u00e9v\u0151 k\u00e9pes\u00edt\u00e9s m\u00e1solat\u00e1val<\/strong> igazolni kell,<\/li>\n<li>vagy az \u00faj okm\u00e1ny gy\u00e1rt\u00e1sa miatt c\u00e9lszer\u0171 az orvosit is meg\u00faj\u00edtani.<\/li>\n<\/ul>\n<p>Let\u00f6lthet\u0151 egy orvosi igazol\u00e1s minta, hogy biztosan ne kelljen visszamenni az orvoshoz a hib\u00e1s igazol\u00e1s miatt.<br \/>\nAz igazol\u00e1son a k\u00f6vetkez\u0151knek kell szerepelnie:<\/p>\n<ul>\n<li><strong>N\u00e9v, sz\u00fclet\u00e9si n\u00e9v, sz\u00fclet\u00e9si d\u00e1tum, anyja neve<\/strong><\/li>\n<li><strong>alkalmas<\/strong><\/li>\n<li><strong>\u00e9rv\u00e9nyess\u00e9gi id\u0151<\/strong><\/li>\n<li><strong>d\u00e1tum<\/strong><\/li>\n<li><strong>al\u00e1\u00edr\u00e1s<\/strong><\/li>\n<li><strong>b\u00e9lyegz\u0151<\/strong><\/li>\n<\/ul>\n<p>Term\u00e9szetesen egyez\u0151 tartalommal az orvos \u00e1ltal nyomtatott is megfelel\u0151.<\/p>\n<p>K\u00fcl\u00f6n figyelmet ig\u00e9nyel, hogy sok orvosn\u00e1l a sz\u00e1m\u00edt\u00f3g\u00e9pes rendszer\u00fckben nincs aktualiz\u00e1lva a kor\u00e1bban haszn\u00e1latos igazol\u00e1s sz\u00f6vege (Belv\u00edzi kishaj\u00f3vezet\u00e9sre alkalmas) \u00e9s ha a tengeri k\u00fcl\u00f6nb\u00f6zeti vizsg\u00e1t is c\u00e9lul t\u0171zted a tisztelt KAV nem fogadja el.<br \/>\nB\u00e1r a vizsg\u00e1lat ugyanaz, de csak akkor fogadj\u00e1k el, ha az igazol\u00e1son a<br \/>\nBelv\u00edzi \u00e9s tengeri III. IV. osz\u00e1ly\u00fa kishaj\u00f3vezet\u00e9sre alkalmas sz\u00f6veg szerepel.<\/p>\n<p>N\u00e9h\u00e1ny orvos, akik a sportos vizsg\u00e1lat elv\u00e9gz\u00e9s\u00e9re is jogosultak:<br \/>\nA kompetencia vizsg\u00e1hoz <strong>szakorvosi<\/strong> vizsg\u00e1lat sz\u00fcks\u00e9ges.<\/p>\n<p><strong>Dr. Moln\u00e1r Andor<\/strong><br \/>\n+36 62 550 797<br \/>\n+36 30 943 8226<br \/>\n6725 SZEGED, Szent Ferenc u. 8.<br \/>\nH; K; CS\u00a0 8 &#8211; 10<br \/>\nBej\u00e1rat az 1-es villamos Bem utcai meg\u00e1ll\u00f3j\u00e1val szemben<\/p>\n<p><strong>Dr. Rakonczai Katalin<\/strong><br \/>\nf\u0151orvos, <strong>szakorvos<\/strong><br \/>\n+36 62 425 315<br \/>\n+36 30 958 7614<br \/>\n<a href=\"mailto:drrakonczai@invitel.hu\">drrakonczai@invitel.hu<\/a><br \/>\nSZEGED, B\u00e9ke u. 6. fsz. 23.<br \/>\nH: 10 &#8211; 13<br \/>\nK: 14 &#8211; 17<br \/>\nSz: 10 &#8211; 13<br \/>\nCs: 10 &#8211; 13<br \/>\nP: 9 &#8211; 12<\/p>\n<p><strong>Dr. Treer M\u00e1ria<\/strong><br \/>\n+36 62 463 918<br \/>\n+36 70 940 1198<br \/>\n+36 30 495 7471<br \/>\nSZEGED, Dorozsmai \u00fat 35.<br \/>\n( volt D\u00c9L\u00c9P telep )<br \/>\nH-P: 8 &#8211; 12<br \/>\nSZEGED, Francia u. 27.<br \/>\nH &#8211; P: 10 -13<br \/>\nSz: 13 &#8211; 15<\/p>\n<p><strong>Dr. Borb\u00e1th Gy\u00f6rgyi<\/strong><br \/>\n+36 20 974 2933<br \/>\nH\u00d3DMEZ\u0150V\u00c1S\u00c1RHELY, H\u0151s\u00f6k tere 3.<br \/>\nH: 13\u201316<br \/>\nSz: 15\u201317<br \/>\nCs: 8\u201311<\/p>\n<ul>\n<li><a href=\"https:\/\/autoinfo.hu\/szvk\/wp-content\/uploads\/2022\/05\/kishajos_orvosi_igazolas.pdf\">Kit\u00f6ltend\u0151 orvosi alkalmass\u00e1gi igazol\u00e1s let\u00f6lt\u00e9se \u00bb<\/a><\/li>\n<\/ul>\n","protected":false},"excerpt":{"rendered":"<p>A kishaj\u00f3s vizsg\u00e1ra jelentkez\u00e9shez az alkalmass\u00e1gr\u00f3l orvosi igazol\u00e1s sz\u00fcks\u00e9ges. Az alkalmass\u00e1gi vizsg\u00e1latot a h\u00e1ziorvos, k\u00f6rzetorvos, sportorvos, szakorvos egyar\u00e1nt elv\u00e9gezheti, amennyiben a megfelel\u0151 jogosults\u00e1ggal rendelkezik. 21\/2002\/XI. GKM .ESZGSMk. rendelet 4.\u00a7 2. po. ba, bb, bc, bd alapj\u00e1n 18-40 \u00e9ves korig 10 \u00e9v 40-60 \u00e9ves korig 5 \u00e9v 60-70 \u00e9ves korig 3 \u00e9v A rendel\u00e9si id\u0151kr\u0151l, a [&hellip;]<\/p>\n","protected":false},"author":1694,"featured_media":0,"parent":0,"menu_order":0,"comment_status":"closed","ping_status":"closed","template":"","meta":{"_exactmetrics_skip_tracking":false,"_exactmetrics_sitenote_active":false,"_exactmetrics_sitenote_note":"","_exactmetrics_sitenote_category":0,"footnotes":""},"class_list":["post-882","page","type-page","status-publish","hentry"],"_links":{"self":[{"href":"https:\/\/autoinfo.hu\/szvk\/index.php\/wp-json\/wp\/v2\/pages\/882","targetHints":{"allow":["GET"]}}],"collection":[{"href":"https:\/\/autoinfo.hu\/szvk\/index.php\/wp-json\/wp\/v2\/pages"}],"about":[{"href":"https:\/\/autoinfo.hu\/szvk\/index.php\/wp-json\/wp\/v2\/types\/page"}],"author":[{"embeddable":true,"href":"https:\/\/autoinfo.hu\/szvk\/index.php\/wp-json\/wp\/v2\/users\/1694"}],"replies":[{"embeddable":true,"href":"https:\/\/autoinfo.hu\/szvk\/index.php\/wp-json\/wp\/v2\/comments?post=882"}],"version-history":[{"count":7,"href":"https:\/\/autoinfo.hu\/szvk\/index.php\/wp-json\/wp\/v2\/pages\/882\/revisions"}],"predecessor-version":[{"id":1688,"href":"https:\/\/autoinfo.hu\/szvk\/index.php\/wp-json\/wp\/v2\/pages\/882\/revisions\/1688"}],"wp:attachment":[{"href":"https:\/\/autoinfo.hu\/szvk\/index.php\/wp-json\/wp\/v2\/media?parent=882"}],"curies":[{"name":"wp","href":"https:\/\/api.w.org\/{rel}","templated":true}]}}