{"id":878,"date":"2022-05-01T21:12:22","date_gmt":"2022-05-01T20:12:22","guid":{"rendered":"https:\/\/autoinfo.hu\/szvk\/?page_id=878"},"modified":"2026-02-17T10:42:36","modified_gmt":"2026-02-17T09:42:36","slug":"megallapodas-es-adminisztrativ-feladatok","status":"publish","type":"page","link":"https:\/\/autoinfo.hu\/szvk\/index.php\/megallapodas-es-adminisztrativ-feladatok\/","title":{"rendered":"Meg\u00e1llapod\u00e1s \u00e9s adminisztrat\u00edv feladatok"},"content":{"rendered":"<h1>Sz\u00fcks\u00e9ges dokumentumok<\/h1>\n<p>K\u00e9rem a tisztelt vizsg\u00e1z\u00f3kat, hogy a k\u00f6vetkez\u0151 dokumentumokat kit\u00f6ltve, al\u00e1\u00edrva, beszkennelve a <a href=\"mailto:kipper.gyorgy@gmail.com\"><strong>kipper@kipper.hu<\/strong><\/a> e-mail c\u00edmre k\u00fcldj\u00e9k el!<\/p>\n<p>Az e-Hivatali regisztr\u00e1ci\u00f3hoz, valamint az elm\u00e9leti vizsg\u00e1ra jelentkez\u00e9shez sz\u00fcks\u00e9ges dokumentumokat <strong>FOLYAMATOSAN<\/strong>, min\u00e9l el\u0151bb k\u00fcldj\u00e9tek el <strong>e-mailben<\/strong> lehet\u0151leg ne v\u00e1laszk\u00e9nt, hanem <strong>\u00daJ \u00dcZENETBEN<\/strong>, szem\u00e9lyenk\u00e9nt k\u00fcl\u00f6n csoportos\u00edtva.<\/p>\n<p><strong>1. Meg\u00e1llapod\u00e1s *.doc<\/strong><\/p>\n<p>A <strong>MEG\u00c1LLAPOD\u00c1ST<\/strong> a szem\u00e9lyigazolv\u00e1ny \u00e9s lakc\u00edmk\u00e1rtya adataival mindenben egyez\u0151en kit\u00f6ltve <strong>*.doc<\/strong> form\u00e1tumban sz\u00edveskedjetek visszak\u00fcldeni \u00e9s k\u00e9t al\u00e1\u00edrt p\u00e9ld\u00e1nyt szem\u00e9lyes tal\u00e1lkoz\u00e1skor leadni!<\/p>\n<p><strong>2. Orvosi alkalmass\u00e1gi igazol\u00e1s *.jpg<\/strong><br \/>\n<strong>3. Nyilatkozat \u00faszni tud\u00e1sr\u00f3l *.jpg<\/strong><br \/>\n<strong>4. Szem\u00e9lyigazolv\u00e1ny \u00e9s lakc\u00edmk\u00e1rtya mindk\u00e9t oldala *.jpg<\/strong><br \/>\n<strong>5. Legmagasabb iskolai v\u00e9gzetts\u00e9g igazol\u00e1sa *.jpg<\/strong><br \/>\n<strong>6. Vizsgad\u00edj \u00e1tutal\u00e1sa a KAVK r\u00e9sz\u00e9re *.jpg<\/strong><\/p>\n<p>A mell\u00e9kletek file m\u00e9rete k\u00fcl\u00f6n-k\u00fcl\u00f6n nem haladhatja meg az <strong>5 MB<\/strong>-ot.<\/p>\n<p><span style=\"color: red; font-weight: bold;\">A dokumentumok bek\u00fcld\u00e9si hat\u00e1rideje az elm\u00e9leti vizsga id\u0151pontja el\u0151tt k\u00e9t h\u00e9ttel P\u00c9NTEK.<\/span><\/p>\n<p>A <strong>gyakorlati vizsga ut\u00e1n<\/strong>, az okm\u00e1nykiad\u00e1si k\u00e9relem beny\u00fajt\u00e1sakor kell leadni:<\/p>\n<p><strong>7. Szabv\u00e1nyos, sz\u00ednes pap\u00edr IGAZOLV\u00c1NYK\u00c9P <\/strong><br \/>\n2 db 35mm x 45mm-es, feh\u00e9r h\u00e1tt\u00e9r\u0171<\/p>\n<h1>A tanfolyam d\u00edja<\/h1>\n<p>A <strong>TANFOLYAMD\u00cdJ<\/strong> \u00f6sszeg\u00e9t <strong>&#8211; mely a k\u00e9pz\u00e9si igazol\u00e1s ki\u00e1ll\u00edt\u00e1sakor v\u00e1lik esed\u00e9kess\u00e9 &#8211; <\/strong>k\u00e9rem az szem\u00e9lyes tal\u00e1lkoz\u00e1sunk alkalm\u00e1val k\u00e9szp\u00e9nzben befizetni, vagy\u00a0 AUTOINFO HUNGARY EC\u00a0\u00a0 MBH BANK 10300002-28515139-00003285 sz\u00e1m\u00fa banksz\u00e1ml\u00e1j\u00e1ra \u00e1tutalni!<\/p>\n<h1>Tanul\u00e1s<\/h1>\n<p>Jelezz\u00e9tek, ha ig\u00e9nylitek a <strong>Haj\u00f3z\u00e1si Szab\u00e1lyzat<\/strong> nyomtatott v\u00e1ltozat\u00e1t!<\/p>\n<p>A let\u00f6lthet\u0151 dokumentumok, az el\u0151ad\u00e1sok vide\u00f3 felv\u00e9telei \u00e9s a tesztk\u00e9rd\u00e9sek el\u00e9rhet\u0151k a<br \/>\n<strong><a href=\"https:\/\/autoinfo.hu\/szvk\/index.php\/csak-regisztraltaknak\/\">https:\/\/autoinfo.hu\/szvk\/index.php\/csak-regisztraltaknak\/<\/a><\/strong><br \/>\nmen\u00fcpontban.<\/p>\n<p>A honlapunkon a <strong>2024.01.01<\/strong>-t\u0151l \u00e9rv\u00e9nyes tesztk\u00e9rd\u00e9sek nyilv\u00e1nosan, b\u00e1rki sz\u00e1m\u00e1ra el\u00e9rhet\u0151k a<br \/>\n<strong><a href=\"https:\/\/autoinfo.hu\/szvk\/index.php\/uj-tesztkerdesek\/\">https:\/\/autoinfo.hu\/szvk\/index.php\/uj-tesztkerdesek\/<\/a><\/strong> oldalon.<\/p>\n<p>Ezen a fel\u00fcleten a k\u00e9rd\u00e9sek 20-as csoportokban &#8211; mint a vizsg\u00e1n &#8211; <strong>v\u00e9letlenszer\u0171en<\/strong> jelennek meg, ez\u00e9rt <strong>a tanul\u00e1sra nem aj\u00e1nlott<\/strong>, csak mint pr\u00f3bavizsga.<\/p>\n<p>A <strong>TANUL\u00d3INK SZ\u00c1M\u00c1RA<\/strong> egy a k\u00e9rd\u00e9sek visszakeres\u00e9s\u00e9re is alkalmas rendszerezett fel\u00fcletet is kialak\u00edtottunk.<br \/>\nEzen fel\u00fclet el\u00e9r\u00e9s\u00e9hez a rendszerben <strong>regisztr\u00e1lni kell<\/strong>!<\/p>\n<p>1. <strong>Regisztr\u00e1ci\u00f3<\/strong> a <a href=\"https:\/\/autoinfo.hu\/szvk\/index.php\/registration\/\">https:\/\/autoinfo.hu\/szvk\/index.php\/registration\/<\/a> oldalon.<br \/>\nEz a link minden oldalon megjelenik a META szekci\u00f3ban a k\u00e9perny\u0151 jobb oldal\u00e1n.<br \/>\n<strong>Regisztr\u00e1lni csak egyszer kell!<\/strong><br \/>\nA gyakorl\u00e1s el\u0151tt a regisztr\u00e1lt n\u00e9vvel a rendszerbe be kell jelentkezni.<\/p>\n<p>2. <strong>Bejelentkez\u00e9s<\/strong> a <a href=\"https:\/\/autoinfo.hu\/szvk\/wp-login.php\">https:\/\/autoinfo.hu\/szvk\/wp-login.php<\/a> oldalon.<br \/>\nAm\u00edg be nem jelentkezik, ez a link minden oldalon megjelenik a META szekci\u00f3ban, a k\u00e9perny\u0151 jobb oldal\u00e1n.<\/p>\n<p>3. A vizsg\u00e1ra jelentkez\u00e9shez sz\u00fcks\u00e9ges dokumentumok let\u00f6lthet\u0151k.<\/p>\n<p>4. <strong>Tanul\u00e1s<\/strong> a <a href=\"https:\/\/autoinfo.hu\/szvk\/index.php\/csak-regisztraltaknak\/\">https:\/\/autoinfo.hu\/szvk\/index.php\/csak-regisztraltaknak\/<\/a> oldalon.<\/p>\n<p>5. A\u00a0<strong><a href=\"https:\/\/autoinfo.hu\/szvk\/index.php\/tanfolyam-videok\/\">TANFOLYAM VIDE\u00d3K<\/a><\/strong> men\u00fcpontban az el\u0151ad\u00e1sok videofelv\u00e9telei el\u00e9rhet\u0151k.<\/p>\n<p>6. A <a href=\"https:\/\/autoinfo.hu\/szvk\/index.php\/csak-regisztraltaknak\/#kishajosTesztkerdesek\"><strong>TESZTK\u00c9RD\u00c9SEK<\/strong><\/a> men\u00fcpontban h\u00e1rom csoportban megtal\u00e1ljuk a majdani tesztvizsg\u00e1n el\u0151fordul\u00f3 \u00f6sszes k\u00e9rd\u00e9st.<br \/>\n<strong>&#8211; Haj\u00f3z\u00e1si szab\u00e1lyzat, <\/strong><br \/>\n<strong>&#8211; motoros haj\u00f3z\u00e1si ismeretek,<\/strong><br \/>\n<strong>&#8211; vitorl\u00e1s haj\u00f3z\u00e1si ismeretek.<\/strong><\/p>\n<p>A tanul\u00f3k sz\u00e1m\u00e1ra kialak\u00edtott fel\u00fcleten a k\u00e9rd\u00e9scsoportokhoz egy, a k\u00e9rd\u00e9s sz\u00e1mait tartalmaz\u00f3 t\u00e1bl\u00e1zat jelenik meg.<br \/>\nA gyakorl\u00e1sn\u00e1l haladjunk m\u00f3dszeresen az elej\u00e9n kezdve.<br \/>\nHa felf\u00fcggesztj\u00fck a gyakorl\u00e1st jegyezz\u00fck meg t\u00e9mak\u00f6r\u00f6nk\u00e9nt a k\u00e9rd\u00e9s sorsz\u00e1m\u00e1t \u00e9s k\u00f6vetkez\u0151 alkalommal onnan folytassuk a felk\u00e9sz\u00fcl\u00e9st.<\/p>\n<p>7. <strong>N\u00e9h\u00e1ny oktat\u00f3 vide\u00f3k megtekint\u00e9se ut\u00e1n m\u00e1r a tesztk\u00e9rd\u00e9sek csoportonk\u00e9nt t\u00f6rt\u00e9n\u0151 megv\u00e1laszol\u00e1sa t\u00f6rt\u00e9nhet.<\/strong><br \/>\nA rendszer t\u00e1rolja a megv\u00e1laszolt k\u00e9rd\u00e9sek \u00e9rt\u00e9kel\u00e9s\u00e9t, \u00edgy visszat\u00e9rhet\u00fcnk a hib\u00e1san megv\u00e1laszolt, pirossal jelzettek ism\u00e9tl\u00e9s\u00e9re.<br \/>\nA tesztk\u00e9rd\u00e9sekkel m\u00e1r az oktat\u00f3 vide\u00f3k megtekint\u00e9s\u00e9vel p\u00e1rhuzamosan is ismerkedhet\u00fcnk, mivel &#8211; v\u00e1laszad\u00e1s n\u00e9lk\u00fcl &#8211; <strong>az ellen\u0151rz\u00e9s gombra kattintva<\/strong> a program kijel\u00f6li a helyes v\u00e1laszt.<br \/>\nA t\u00e1bl\u00e1zatban ez nem ker\u00fcl v\u00e1laszk\u00e9nt \u00e9rt\u00e9kel\u00e9sre, k\u00e9k sz\u00ednjel\u00f6l\u00e9st kap.<br \/>\nHa kijel\u00f6lj\u00fck az \u00e1ltalunk helyesnek v\u00e9lt v\u00e1laszt az helyes, z\u00f6ld, vagy hib\u00e1s piros sz\u00ednjel\u00f6l\u00e9st kap.<br \/>\nA TESZTK\u00c9RD\u00c9SEK men\u00fcpontban a tanul\u00e1s idej\u00e9re az egyes k\u00e9rd\u00e9sekhez t\u00f6rt\u00e9n\u0151 v\u00e1laszad\u00e1sra <strong>nincs id\u0151korl\u00e1t be\u00e1ll\u00edtva<\/strong>.<\/p>\n<p>8. Az <a href=\"https:\/\/autoinfo.hu\/szvk\/index.php\/egyeni-fejlodesnaplo\/\"><strong>EGY\u00c9NI FEJL\u0150D\u00c9SNAPL\u00d3<\/strong><\/a> t\u00e9mak\u00f6r\u00f6nk\u00e9nt grafikusan \u00e1br\u00e1zolja a TESZTK\u00c9RD\u00c9SEK, valamint a PR\u00d3BAVIZSGA men\u00fcpontban el\u00e9rt tud\u00e1sszint\u00fcnket. A megfelelt vizsgaeredm\u00e9nyhez a vizsg\u00e1n 20 k\u00e9rd\u00e9sb\u0151l 15 helyes v\u00e1lasz sz\u00fcks\u00e9ges.<\/p>\n<p>9. A <a href=\"https:\/\/autoinfo.hu\/szvk\/index.php\/proba-vizsga\/\"><strong>PR\u00d3BAVIZSGA<\/strong><\/a> v\u00e9letlenszer\u0171en kiv\u00e1lasztott 20 k\u00e9rd\u00e9st ad fel, &#8211; mint majdan a vizsg\u00e1n &#8211; viszont itt m\u00e1r egy k\u00e9rd\u00e9s megv\u00e1laszol\u00e1s\u00e1ra csak <strong>1 perc \u00e1ll rendelkez\u00e9s\u00fcnkre.<\/strong><\/p>\n<p><strong>Eredm\u00e9nyes felk\u00e9sz\u00fcl\u00e9st!<\/strong><\/p>\n<ul>\n<li><a href=\"https:\/\/autoinfo.hu\/szvk\/wp-content\/uploads\/2025\/07\/megallapodas_kishajos_kepzes_2025_06.doc\"><strong>Meg\u00e1llapod\u00e1s let\u00f6lt\u00e9se \u00bb<\/strong><\/a><\/li>\n<\/ul>\n<p><strong>Kipper Gy\u00f6rgy<\/strong><br \/>\n<a href=\"mailto:kipper.gyorgy@gmail.com\"><strong>kipper@kipper.hu<\/strong><\/a><br \/>\n<a href=\"tel:+36-30-978-6313\"><strong>+36 30 978 6313<\/strong><\/a><\/p>\n","protected":false},"excerpt":{"rendered":"<p>Sz\u00fcks\u00e9ges dokumentumok K\u00e9rem a tisztelt vizsg\u00e1z\u00f3kat, hogy a k\u00f6vetkez\u0151 dokumentumokat kit\u00f6ltve, al\u00e1\u00edrva, beszkennelve a kipper@kipper.hu e-mail c\u00edmre k\u00fcldj\u00e9k el! Az e-Hivatali regisztr\u00e1ci\u00f3hoz, valamint az elm\u00e9leti vizsg\u00e1ra jelentkez\u00e9shez sz\u00fcks\u00e9ges dokumentumokat FOLYAMATOSAN, min\u00e9l el\u0151bb k\u00fcldj\u00e9tek el e-mailben lehet\u0151leg ne v\u00e1laszk\u00e9nt, hanem \u00daJ \u00dcZENETBEN, szem\u00e9lyenk\u00e9nt k\u00fcl\u00f6n csoportos\u00edtva. 1. Meg\u00e1llapod\u00e1s *.doc A MEG\u00c1LLAPOD\u00c1ST a szem\u00e9lyigazolv\u00e1ny \u00e9s lakc\u00edmk\u00e1rtya adataival mindenben [&hellip;]<\/p>\n","protected":false},"author":1694,"featured_media":0,"parent":0,"menu_order":0,"comment_status":"closed","ping_status":"closed","template":"","meta":{"_exactmetrics_skip_tracking":false,"_exactmetrics_sitenote_active":false,"_exactmetrics_sitenote_note":"","_exactmetrics_sitenote_category":0,"footnotes":""},"class_list":["post-878","page","type-page","status-publish","hentry"],"_links":{"self":[{"href":"https:\/\/autoinfo.hu\/szvk\/index.php\/wp-json\/wp\/v2\/pages\/878","targetHints":{"allow":["GET"]}}],"collection":[{"href":"https:\/\/autoinfo.hu\/szvk\/index.php\/wp-json\/wp\/v2\/pages"}],"about":[{"href":"https:\/\/autoinfo.hu\/szvk\/index.php\/wp-json\/wp\/v2\/types\/page"}],"author":[{"embeddable":true,"href":"https:\/\/autoinfo.hu\/szvk\/index.php\/wp-json\/wp\/v2\/users\/1694"}],"replies":[{"embeddable":true,"href":"https:\/\/autoinfo.hu\/szvk\/index.php\/wp-json\/wp\/v2\/comments?post=878"}],"version-history":[{"count":23,"href":"https:\/\/autoinfo.hu\/szvk\/index.php\/wp-json\/wp\/v2\/pages\/878\/revisions"}],"predecessor-version":[{"id":1663,"href":"https:\/\/autoinfo.hu\/szvk\/index.php\/wp-json\/wp\/v2\/pages\/878\/revisions\/1663"}],"wp:attachment":[{"href":"https:\/\/autoinfo.hu\/szvk\/index.php\/wp-json\/wp\/v2\/media?parent=878"}],"curies":[{"name":"wp","href":"https:\/\/api.w.org\/{rel}","templated":true}]}}