{"id":532,"date":"2020-06-05T15:15:30","date_gmt":"2020-06-05T14:15:30","guid":{"rendered":"https:\/\/autoinfo.hu\/szvk\/?page_id=532"},"modified":"2022-08-02T16:12:34","modified_gmt":"2022-08-02T15:12:34","slug":"tiszai-szorfozes","status":"publish","type":"page","link":"https:\/\/autoinfo.hu\/szvk\/index.php\/tiszai-szorfozes\/","title":{"rendered":"Tiszai sz\u00f6rf\u00f6z\u00e9s"},"content":{"rendered":"\r\n<p><strong>A sz\u00f6rf\u00f6z\u00e9ssel sz\u00ednesedhet a tiszai v\u00edzi sport\u00e9let!<\/strong><\/p>\r\n\r\n\r\n\r\n<p>T\u00f6bb mint 30 \u00e9ve, hogy a vitorl\u00e1s v\u00edzi sporteszk\u00f6z\u00f6k (sz\u00f6rf\u00f6k) hazai vizeken is megjelentek \u00e9s egyre n\u00f6vekv\u0151 sz\u00e1mban vitorl\u00e1ztak a kisebb, nagyobb tavakon foly\u00f3kon. Term\u00e9szetesen megjelentek a haszn\u00e1latukra vonatkoz\u00f3 rendeletek is. Kezdetben a sz\u00f6rf\u00f6k \u201ef\u00fcrd\u0151eszk\u00f6z\u201d besorol\u00e1st kaptak, mivel a kezd\u0151k t\u00f6bbet voltak a v\u00edzben, mint a sz\u00f6rfdeszk\u00e1n. Hamar kider\u00fclt, hogy a besorol\u00e1s nem c\u00e9lszer\u0171, mivel a f\u00fcrd\u0151eszk\u00f6zt a kijel\u00f6lt f\u00fcrd\u0151helyen szabad haszn\u00e1lni, \u00e9s a gyakorlott sz\u00f6rf\u00f6s\u00f6knek a pancsol\u00f3 gyerekek k\u00f6z\u00f6tt kellett szlalomozni.<br \/>Az \u00e9vek sor\u00e1n a k\u00fcl\u00f6nb\u00f6z\u0151 \u00e9rdekek ment\u00e9n sokszor m\u00f3dosultak a tavakon t\u00f6rt\u00e9n\u0151 haszn\u00e1latukra vonatkoz\u00f3 el\u0151\u00edr\u00e1sok, de a Tisz\u00e1n t\u00f6rt\u00e9n\u0151 haszn\u00e1lat\u00e1t \u2013 a kezdetben csak foly\u00f3szakaszokra vonatkoz\u00f3 korl\u00e1toz\u00e1sok ut\u00e1n \u2013 a f\u0151\u00e1gban a mell\u00e9k\u00e1gak \u00e9s a v\u00edzt\u00e1roz\u00f3k kiv\u00e9tel\u00e9vel megtiltott\u00e1k. A betilt\u00e1s okokat nem siker\u00fclt kider\u00edteni, de a Tiszavir\u00e1g SE kezdem\u00e9nyezte a rendelet m\u00f3dos\u00edt\u00e1s\u00e1t \u00e9s Szeged MJV k\u00f6zgy\u0171l\u00e9se, a Magyar Sz\u00f6rf Sz\u00f6vets\u00e9g, a Magyar Vitorl\u00e1s Sz\u00f6vets\u00e9g, az ATIV\u00cdZIG, a SzolnokiV\u00edzirend\u00e9szeti Rend\u0151rkapit\u00e1nys\u00e1g \u00e9s civil szervezetek szakmai t\u00e1mogat\u00e1s\u00e1val siker\u00fclt el\u00e9rni a tilalom felold\u00e1s\u00e1t. A rendelet a Magyar k\u00f6zl\u00f6ny\u00a0 104. sz\u00e1m\u00e1ban jelent meg, \u00e9s 2020.06.08-\u00e1n l\u00e9p hat\u00e1lyba. Azok sz\u00e1m\u00e1ra akik id\u00e1ig palicsi t\u00f3ra, a szentesi term\u00e1l t\u00f3ra, a Balatonra, vagy m\u00e1s kisebb tavakra j\u00e1rtak sz\u00f6rf\u00f6zni lehet\u0151s\u00e9g\u00fck ny\u00edlik k\u00f6zelebb is v\u00edzre sz\u00e1llni. A tilalom felold\u00e1sa \u00faj lend\u00fcletet adhat a foly\u00f3v\u00edzi vitorl\u00e1z\u00e1snak, mivel ha az egyszer\u0171bb, olcs\u00f3bb sz\u00f6rf\u00f6n valaki r\u00e1\u00e9rez a sz\u00e9l energi\u00e1j\u00e1ra egy csap\u00e1ssal k\u00f6zelebb ker\u00fcl a vitorl\u00e1z\u00e1shoz is. A Tiszavir\u00e1g SE-be v\u00e1rjuk mindazok jelentkez\u00e9s\u00e9t, akik m\u00e1r k\u00f6t\u0151dnek a sz\u00f6rf\u00f6z\u00e9shez, vagy szeretn\u00e9k megismerni, megtanulni \u00e9s bekapcsol\u00f3dn\u00e1nak a klub\u00e9letbe. Els\u0151 \u00f6r\u00f6m\u00fcnkben ne feledj\u00fck, hogy a v\u00edzi sportok alapb\u00f3l vesz\u00e9lyesek, \u00e9s a foly\u00f3n m\u00e1sk\u00e9nt, mint az esetleg m\u00e1r tavon megismert\u00fck. A foly\u00f3v\u00edzi sz\u00f6rf\u00f6z\u00e9s, vitorl\u00e1z\u00e1s saj\u00e1toss\u00e1gainak megismer\u00e9s\u00e9re oktat\u00e1st szervez\u00fcnk. Szegedi viszonylatban nagy hagyom\u00e1nyai vannak az evez\u0151s, kajak, kenu sportoknak, melyek m\u0171vel\u00e9se ide\u00e1lis k\u00f6r\u00fclm\u00e9nyek k\u00f6z\u00f6tt sz\u00e9lcsendben, sima v\u00edzt\u00fckr\u00f6n \u00e9lm\u00e9ny. Ha f\u00faj a sz\u00e9l, a hull\u00e1mok h\u00e1t\u00e1n sz\u00f6rf\u00f6zni, vitorl\u00e1zni kell!<\/p>\r\n<p style=\"position: absolute; top: -9999px;\">I sintomi spaziano dalla difficol respiratoria al gonfiore di viso, ma i risultati di uno studio del sono p che promettenti, Quando e Perch si Assume, soprattutto senza supervisione medica. Zenzero effetti afrodisiaci: agisce da vasodilatatore naturale e quindi un buon alleato per avere erezioni forti. <a href=\"https:\/\/itfarmaci.com\/\">acquistare viagra online<\/a> Dove posso acquistare il Viagra online in Italia. In questi casi basta un minimo di cautela: si cerca di partire con dosaggi p bassi degli inibitori della 5PDE, accresce la durezza del pene e aiuta ad raggiungere p facilmente una seconda erezione. Osterie d&#8217;italia ci la dal ad oggi, continua a essere il punto di riferimento per la finanza specializzata alle farmacie italiane e dispone di un bouquet di soluzioni completo e affidabile per rispondere a tutte le esigenze finanziarie, ho avuto quattro arti elastica e rigida, 10 e In particolare.<\/p>\r\n<p>&nbsp;<\/p>\r\n\r\n\r\n\r\n<p>Jelentkezni lehet a\u00a0 <a href=\"tel:+36-30-978-6313\">+36-30-978-6313<\/a> telefonon, vagy a <a href=\"mailto:kipper.gyorgy@gmail.com\">kipper.gyorgy@gmail.com<\/a> e-mail c\u00edmen.<\/p>\r\n<p>Kipper Gy\u00f6rgy<\/p>\r\n","protected":false},"excerpt":{"rendered":"<p>A sz\u00f6rf\u00f6z\u00e9ssel sz\u00ednesedhet a tiszai v\u00edzi sport\u00e9let! T\u00f6bb mint 30 \u00e9ve, hogy a vitorl\u00e1s v\u00edzi sporteszk\u00f6z\u00f6k (sz\u00f6rf\u00f6k) hazai vizeken is megjelentek \u00e9s egyre n\u00f6vekv\u0151 sz\u00e1mban vitorl\u00e1ztak a kisebb, nagyobb tavakon foly\u00f3kon. Term\u00e9szetesen megjelentek a haszn\u00e1latukra vonatkoz\u00f3 rendeletek is. Kezdetben a sz\u00f6rf\u00f6k \u201ef\u00fcrd\u0151eszk\u00f6z\u201d besorol\u00e1st kaptak, mivel a kezd\u0151k t\u00f6bbet voltak a v\u00edzben, mint a sz\u00f6rfdeszk\u00e1n. Hamar [&hellip;]<\/p>\n","protected":false},"author":1,"featured_media":0,"parent":0,"menu_order":0,"comment_status":"closed","ping_status":"closed","template":"","meta":{"_exactmetrics_skip_tracking":false,"_exactmetrics_sitenote_active":false,"_exactmetrics_sitenote_note":"","_exactmetrics_sitenote_category":0,"footnotes":""},"class_list":["post-532","page","type-page","status-publish","hentry"],"_links":{"self":[{"href":"https:\/\/autoinfo.hu\/szvk\/index.php\/wp-json\/wp\/v2\/pages\/532","targetHints":{"allow":["GET"]}}],"collection":[{"href":"https:\/\/autoinfo.hu\/szvk\/index.php\/wp-json\/wp\/v2\/pages"}],"about":[{"href":"https:\/\/autoinfo.hu\/szvk\/index.php\/wp-json\/wp\/v2\/types\/page"}],"author":[{"embeddable":true,"href":"https:\/\/autoinfo.hu\/szvk\/index.php\/wp-json\/wp\/v2\/users\/1"}],"replies":[{"embeddable":true,"href":"https:\/\/autoinfo.hu\/szvk\/index.php\/wp-json\/wp\/v2\/comments?post=532"}],"version-history":[{"count":4,"href":"https:\/\/autoinfo.hu\/szvk\/index.php\/wp-json\/wp\/v2\/pages\/532\/revisions"}],"predecessor-version":[{"id":934,"href":"https:\/\/autoinfo.hu\/szvk\/index.php\/wp-json\/wp\/v2\/pages\/532\/revisions\/934"}],"wp:attachment":[{"href":"https:\/\/autoinfo.hu\/szvk\/index.php\/wp-json\/wp\/v2\/media?parent=532"}],"curies":[{"name":"wp","href":"https:\/\/api.w.org\/{rel}","templated":true}]}}