{"id":483,"date":"2020-05-31T06:33:46","date_gmt":"2020-05-31T05:33:46","guid":{"rendered":"https:\/\/autoinfo.hu\/szvk\/?page_id=483"},"modified":"2021-09-14T16:58:22","modified_gmt":"2021-09-14T15:58:22","slug":"tanfolyam-videok","status":"publish","type":"page","link":"https:\/\/autoinfo.hu\/szvk\/index.php\/tanfolyam-videok\/","title":{"rendered":"Tanfolyam vide\u00f3k"},"content":{"rendered":"<p>Ezt az oldalt csak regisztr\u00e1lt, bejelentkezett felhaszn\u00e1l\u00f3k l\u00e1thatj\u00e1k.<br \/><a href=\"https:\/\/autoinfo.hu\/szvk\/index.php\/registration\/\">REGISZTR\u00c1CI\u00d3<\/a><br \/><a href=\"https:\/\/autoinfo.hu\/szvk\/wp-login.php?redirect_to=https%3A%2F%2Fautoinfo.hu%2Fszvk%2Findex.php\/tanfolyam-videok&#038;reauth=1\">BEJELENTKEZ\u00c9S<\/a><\/p>\n<p>\n<\/p>\n","protected":false},"excerpt":{"rendered":"","protected":false},"author":3,"featured_media":0,"parent":0,"menu_order":0,"comment_status":"closed","ping_status":"closed","template":"","meta":{"_exactmetrics_skip_tracking":false,"_exactmetrics_sitenote_active":false,"_exactmetrics_sitenote_note":"","_exactmetrics_sitenote_category":0,"footnotes":""},"class_list":["post-483","page","type-page","status-publish","hentry"],"_links":{"self":[{"href":"https:\/\/autoinfo.hu\/szvk\/index.php\/wp-json\/wp\/v2\/pages\/483","targetHints":{"allow":["GET"]}}],"collection":[{"href":"https:\/\/autoinfo.hu\/szvk\/index.php\/wp-json\/wp\/v2\/pages"}],"about":[{"href":"https:\/\/autoinfo.hu\/szvk\/index.php\/wp-json\/wp\/v2\/types\/page"}],"author":[{"embeddable":true,"href":"https:\/\/autoinfo.hu\/szvk\/index.php\/wp-json\/wp\/v2\/users\/3"}],"replies":[{"embeddable":true,"href":"https:\/\/autoinfo.hu\/szvk\/index.php\/wp-json\/wp\/v2\/comments?post=483"}],"version-history":[{"count":48,"href":"https:\/\/autoinfo.hu\/szvk\/index.php\/wp-json\/wp\/v2\/pages\/483\/revisions"}],"predecessor-version":[{"id":800,"href":"https:\/\/autoinfo.hu\/szvk\/index.php\/wp-json\/wp\/v2\/pages\/483\/revisions\/800"}],"wp:attachment":[{"href":"https:\/\/autoinfo.hu\/szvk\/index.php\/wp-json\/wp\/v2\/media?parent=483"}],"curies":[{"name":"wp","href":"https:\/\/api.w.org\/{rel}","templated":true}]}}