{"id":437,"date":"2020-02-27T15:59:11","date_gmt":"2020-02-27T14:59:11","guid":{"rendered":"https:\/\/autoinfo.hu\/szvk\/?page_id=437"},"modified":"2021-02-24T06:39:44","modified_gmt":"2021-02-24T05:39:44","slug":"egyeni-fejlodesnaplo","status":"publish","type":"page","link":"https:\/\/autoinfo.hu\/szvk\/index.php\/egyeni-fejlodesnaplo\/","title":{"rendered":"Egy\u00e9ni fejl\u0151d\u00e9snapl\u00f3"},"content":{"rendered":"<script src=\"https:\/\/autoinfo.hu\/szvk\/wp-content\/plugins\/wp-pro-quiz\/js\/canvasjs.min.js\"><\/script>\r\n        <div style=\"margin-bottom: 30px; margin-top: 10px;\" class=\"wpProQuiz_toplist_\"\r\n             data-quiz_id=\"0\">\r\n                <b>Tud&aacute;sszintet m&eacute;r&#337; diagramok<br><\/b>\r\n                Ezen az oldalon csak a regisztr\u00e1ci\u00f3hoz k\u00f6t\u00f6tt k\u00e9rd\u00e9ssorok eredm\u00e9nyei l\u00e1that\u00f3k.<br>\r\n\t\t\t\t<a href=\"https:\/\/autoinfo.hu\/szvk\/wp-login.php?redirect_to=https%3A%2F%2Fautoinfo.hu%2Fszvk%2Findex.php\/egyeni-fejlodesnaplo&reauth=1\">Jelentkezz be!<\/a>\t\t\t\t\r\n<script>\r\nwindow.onload = function () {\r\n\t\r\nvar chart = new CanvasJS.Chart(\"chartContainerTengeri\", {\r\n\tanimationEnabled: true,\r\n\ttitle:{\r\n\t\ttext: \"Tengeri IV. oszt\u00e1ly\u00fa kishaj\u00f3\",\r\n\t\tfontSize: 18\r\n\t},\r\n\taxisX:{\r\n\t\ttitle: \"napok\",\r\n\t\tminimum: 0,\r\n\t\tmaximum: 29\r\n\t},\r\n\taxisY:{\r\n\t\ttitle:\"k\u00e9rd\u00e9sek sz\u00e1ma\",\r\n\t\tstripLines: [{\r\n\t\t\tvalue: 116,\r\n\t\t\tlabel: \"116 (75%)\",\r\n\t\t\tlabelFontColor: \"darkred\",\r\n\t\t\tcolor: \"darkred\",\r\n\t\t\tshowOnTop: true,\r\n\t\t\tthickness: 1,\r\n\t\t\tlineDashType: \"dash\",\r\n\t\t\tlabelAlign: \"near\"\r\n\t\t},\r\n\t\t{\r\n\t\t\tvalue: 155,\r\n\t\t\tlabel: \"155 (100%)\",\r\n\t\t\tlabelFontColor: \"darkgreen\",\r\n\t\t\tcolor: \"darkgreen\",\r\n\t\t\tshowOnTop: true,\r\n\t\t\tthickness: 2,\r\n\t\t\tlabelAlign: \"near\"\r\n\t\t}]\r\n\t},\r\n\ttoolTip:{\r\n\t\tshared: true\r\n\t},\r\n\tdata: [\r\n\t{\r\n\t\ttype: \"stackedArea\",\r\n\t\tname: \"helyes\",\r\n\t\tcolor: \"lightgreen\",\r\n\t\tshowInLegend: \"true\",\r\n\t\tdataPoints: [\r\n\t\t]\r\n\t},\r\n\t{\r\n\t\ttype: \"stackedArea\",\r\n\t\tname: \"hib\u00e1s\",\r\n\t\tcolor: \"lightcoral\",\r\n\t\tshowInLegend: \"true\",\r\n\t\tdataPoints: [\r\n\t\t]\r\n\t},\r\n    {\r\n\t\ttype: \"stackedArea\",\r\n\t\tname: \"megtekintett\",\r\n\t\tcolor: \"lightblue\",\r\n\t\tshowInLegend: \"true\",\r\n\t\tdataPoints: [\r\n\t\t]\r\n\t},\t\r\n\t{\r\n\t\ttype: \"stackedArea\",\r\n\t\tname: \"ismeretlen\",\r\n\t\tcolor: \"LemonChiffon\",\r\n\t\tshowInLegend: \"true\",\r\n\t\tdataPoints: [\r\n\t\t]\r\n\t}]\r\n});\r\nchart.render();\r\n\r\nvar chart = new CanvasJS.Chart(\"chartContainerTengeriProbaVizsga\", {\r\n\tanimationEnabled: true,\r\n\ttitle:{\r\n\t\ttext: \"Tengeri IV. oszt\u00e1ly\u00fa kishaj\u00f3 pr\u00f3ba vizsg\u00e1k\",\r\n\t\tfontSize: 18\r\n\t},\r\n\taxisX:{\r\n\t\ttitle: \"napok\",\r\n\t\tminimum: 0,\r\n\t\tmaximum: 29\r\n\t},\r\n\taxisY:{\r\n\t\ttitle:\"k\u00e9rd\u00e9sek sz\u00e1ma\",\r\n\t\tstripLines: [{\r\n\t\t\tvalue: 116,\r\n\t\t\tlabel: \"116 (75%)\",\r\n\t\t\tlabelFontColor: \"darkred\",\r\n\t\t\tcolor: \"darkred\",\r\n\t\t\tshowOnTop: true,\r\n\t\t\tthickness: 1,\r\n\t\t\tlineDashType: \"dash\",\r\n\t\t\tlabelAlign: \"near\"\r\n\t\t},\r\n\t\t{\r\n\t\t\tvalue: 155,\r\n\t\t\tlabel: \"155 (100%)\",\r\n\t\t\tlabelFontColor: \"darkgreen\",\r\n\t\t\tcolor: \"darkgreen\",\r\n\t\t\tshowOnTop: true,\r\n\t\t\tthickness: 2,\r\n\t\t\tlabelAlign: \"near\"\r\n\t\t}]\r\n\t},\r\n\ttoolTip:{\r\n\t\tshared: true\r\n\t},\r\n\tdata: [\r\n\t{\r\n\t\ttype: \"stackedArea\",\r\n\t\tname: \"helyes\",\r\n\t\tcolor: \"lightgreen\",\r\n\t\tshowInLegend: \"true\",\r\n\t\tdataPoints: [\r\n\t\t]\r\n\t},\r\n\t{\r\n\t\ttype: \"stackedArea\",\r\n\t\tname: \"hib\u00e1s\",\r\n\t\tcolor: \"lightcoral\",\r\n\t\tshowInLegend: \"true\",\r\n\t\tdataPoints: [\r\n\t\t]\r\n\t},\r\n    {\r\n\t\ttype: \"stackedArea\",\r\n\t\tname: \"megtekintett\",\r\n\t\tcolor: \"lightblue\",\r\n\t\tshowInLegend: \"true\",\r\n\t\tdataPoints: [\r\n\t\t]\r\n\t},\t\r\n\t{\r\n\t\ttype: \"stackedArea\",\r\n\t\tname: \"ismeretlen\",\r\n\t\tcolor: \"LemonChiffon\",\r\n\t\tshowInLegend: \"true\",\r\n\t\tdataPoints: [\r\n\t\t]\r\n\t}]\r\n});\r\nchart.render();\r\n\r\nvar chart = new CanvasJS.Chart(\"chartContainerHSZ\", {\r\n\tanimationEnabled: true,\r\n\ttitle:{\r\n\t\ttext: \"Haj\u00f3z\u00e1si szab\u00e1lyzat\",\r\n\t\tfontSize: 18\r\n\t},\r\n\taxisX:{\r\n\t\ttitle: \"napok\",\r\n\t\tminimum: 0,\r\n\t\tmaximum: 29\r\n\t},\r\n\taxisY:{\r\n\t\ttitle:\"k\u00e9rd\u00e9sek sz\u00e1ma\",\r\n\t\tstripLines: [{\r\n\t\t\tvalue: 402,\r\n\t\t\tlabel: \"402 (75%)\",\r\n\t\t\tlabelFontColor: \"darkred\",\r\n\t\t\tcolor: \"darkred\",\r\n\t\t\tshowOnTop: true,\r\n\t\t\tthickness: 1,\r\n\t\t\tlineDashType: \"dash\",\r\n\t\t\tlabelAlign: \"near\"\r\n\t\t},\r\n\t\t{\r\n\t\t\tvalue: 536,\r\n\t\t\tlabel: \"536 (100%)\",\r\n\t\t\tlabelFontColor: \"darkgreen\",\r\n\t\t\tcolor: \"darkgreen\",\r\n\t\t\tshowOnTop: true,\r\n\t\t\tthickness: 2,\r\n\t\t\tlabelAlign: \"near\"\r\n\t\t}]\r\n\t},\r\n\ttoolTip:{\r\n\t\tshared: true\r\n\t},\r\n\tdata: [\r\n\t{\r\n\t\ttype: \"stackedArea\",\r\n\t\tname: \"helyes\",\r\n\t\tcolor: \"lightgreen\",\r\n\t\tshowInLegend: \"true\",\r\n\t\tdataPoints: [\r\n\t\t]\r\n\t},\r\n\t{\r\n\t\ttype: \"stackedArea\",\r\n\t\tname: \"hib\u00e1s\",\r\n\t\tcolor: \"lightcoral\",\r\n\t\tshowInLegend: \"true\",\r\n\t\tdataPoints: [\r\n\t\t]\r\n\t},\r\n    {\r\n\t\ttype: \"stackedArea\",\r\n\t\tname: \"megtekintett\",\r\n\t\tcolor: \"lightblue\",\r\n\t\tshowInLegend: \"true\",\r\n\t\tdataPoints: [\r\n\t\t]\r\n\t},\t\r\n\t{\r\n\t\ttype: \"stackedArea\",\r\n\t\tname: \"ismeretlen\",\r\n\t\tcolor: \"LemonChiffon\",\r\n\t\tshowInLegend: \"true\",\r\n\t\tdataPoints: [\r\n\t\t]\r\n\t}]\r\n});\r\nchart.render();\r\n\r\nchart = new CanvasJS.Chart(\"chartContainerKGH\", {\r\n\tanimationEnabled: true,\r\n\ttitle:{\r\n\t\ttext: \"Kisg\u00e9phaj\u00f3\",\r\n\t\tfontSize: 18\r\n\t},\r\n\taxisX:{\r\n\t\ttitle: \"napok\",\r\n\t\tminimum: 0,\r\n\t\tmaximum: 29\r\n\t},\r\n\taxisY:{\r\n\t\ttitle:\"k\u00e9rd\u00e9sek sz\u00e1ma\",\r\n\t\tstripLines: [{\r\n\t\t\tvalue: 245,\r\n\t\t\tlabel: \"245 (75%)\",\r\n\t\t\tlabelFontColor: \"darkred\",\r\n\t\t\tcolor: \"darkred\",\r\n\t\t\tshowOnTop: true,\r\n\t\t\tthickness: 1,\r\n\t\t\tlineDashType: \"dash\",\r\n\t\t\tlabelAlign: \"near\"\r\n\t\t},\r\n\t\t{\r\n\t\t\tvalue: 326,\r\n\t\t\tlabel: \"326 (100%)\",\r\n\t\t\tlabelFontColor: \"darkgreen\",\r\n\t\t\tcolor: \"darkgreen\",\r\n\t\t\tshowOnTop: true,\r\n\t\t\tthickness: 2,\r\n\t\t\tlabelAlign: \"near\"\r\n\t\t}]\r\n\t},\r\n\ttoolTip:{\r\n\t\tshared: true\r\n\t},\r\n\tdata: [\r\n\t{\r\n\t\ttype: \"stackedArea\",\r\n\t\tname: \"helyes\",\r\n\t\tcolor: \"lightgreen\",\r\n\t\tshowInLegend: \"true\",\r\n\t\tdataPoints: [\r\n\t\t]\r\n\t},\r\n\t{\r\n\t\ttype: \"stackedArea\",\r\n\t\tname: \"hib\u00e1s\",\r\n\t\tcolor: \"lightcoral\",\r\n\t\tshowInLegend: \"true\",\r\n\t\tdataPoints: [\r\n\t\t]\r\n\t},\r\n\t{\r\n\t\ttype: \"stackedArea\",\r\n\t\tname: \"megtekintett\",\r\n\t\tcolor: \"lightblue\",\r\n\t\tshowInLegend: \"true\",\r\n\t\tdataPoints: [\r\n\t\t]\r\n\t},\r\n\t{\r\n\t\ttype: \"stackedArea\",\r\n\t\tname: \"ismeretlen\",\r\n\t\tcolor: \"LemonChiffon\",\r\n\t\tshowInLegend: \"true\",\r\n\t\tdataPoints: [\r\n\t\t]\r\n\t}]\r\n});\r\nchart.render();\r\n\r\nchart = new CanvasJS.Chart(\"chartContainerVIT\", {\r\n\tanimationEnabled: true,\r\n\ttitle:{\r\n\t\ttext: \"Vitorl\u00e1s kishaj\u00f3\",\r\n\t\tfontSize: 18\r\n\t},\r\n\taxisX:{\r\n\t\ttitle: \"napok\",\r\n\t\tminimum: 0,\r\n\t\tmaximum: 29\r\n\t},\r\n\taxisY:{\r\n\t\ttitle:\"k\u00e9rd\u00e9sek sz\u00e1ma\",\r\n\t\tstripLines: [{\r\n\t\t\tvalue: 312,\r\n\t\t\tlabel: \"312 (75%)\",\r\n\t\t\tlabelFontColor: \"darkred\",\r\n\t\t\tcolor: \"darkred\",\r\n\t\t\tshowOnTop: true,\r\n\t\t\tthickness: 1,\r\n\t\t\tlineDashType: \"dash\",\r\n\t\t\tlabelAlign: \"near\"\r\n\t\t},\r\n\t\t{\r\n\t\t\tvalue: 416,\r\n\t\t\tlabel: \"416 (100%)\",\r\n\t\t\tlabelFontColor: \"darkgreen\",\r\n\t\t\tcolor: \"darkgreen\",\r\n\t\t\tshowOnTop: true,\r\n\t\t\tthickness: 2,\r\n\t\t\tlabelAlign: \"near\"\r\n\t\t}]\r\n\t},\r\n\ttoolTip:{\r\n\t\tshared: true\r\n\t},\r\n\tdata: [\r\n\t{\r\n\t\ttype: \"stackedArea\",\r\n\t\tname: \"helyes\",\r\n\t\tcolor: \"lightgreen\",\r\n\t\tshowInLegend: \"true\",\r\n\t\tdataPoints: [\r\n\t\t]\r\n\t},\r\n\t{\r\n\t\ttype: \"stackedArea\",\r\n\t\tname: \"hib\u00e1s\",\r\n\t\tcolor: \"lightcoral\",\r\n\t\tshowInLegend: \"true\",\r\n\t\tdataPoints: [\r\n\t\t]\r\n\t},\r\n\t{\r\n\t\ttype: \"stackedArea\",\r\n\t\tname: \"megtekintett\",\r\n\t\tcolor: \"lightblue\",\r\n\t\tshowInLegend: \"true\",\r\n\t\tdataPoints: [\r\n\t\t]\r\n\t},\r\n\t{\r\n\t\ttype: \"stackedArea\",\r\n\t\tname: \"ismeretlen\",\r\n\t\tcolor: \"LemonChiffon\",\r\n\t\tshowInLegend: \"true\",\r\n\t\tdataPoints: [\r\n\t\t\r\n\t\t]\r\n\t}]\r\n});\r\nchart.render();\r\n\r\nvar chart = new CanvasJS.Chart(\"chartContainerHSZPV\", {\r\n\tanimationEnabled: true,\r\n\ttitle:{\r\n\t\ttext: \"Haj\u00f3z\u00e1si szab\u00e1lyzat pr\u00f3ba vizsg\u00e1k\",\r\n\t\tfontSize: 18\r\n\t},\r\n\taxisX:{\r\n\t\ttitle: \"napok\",\r\n\t\tminimum: 0,\r\n\t\tmaximum: 29\r\n\t},\r\n\taxisY:{\r\n\t\ttitle:\"k\u00e9rd\u00e9sek sz\u00e1ma\",\r\n\t\tstripLines: [{\r\n\t\t\tvalue: 402,\r\n\t\t\tlabel: \"402 (75%)\",\r\n\t\t\tlabelFontColor: \"darkred\",\r\n\t\t\tcolor: \"darkred\",\r\n\t\t\tshowOnTop: true,\r\n\t\t\tthickness: 1,\r\n\t\t\tlineDashType: \"dash\",\r\n\t\t\tlabelAlign: \"near\"\r\n\t\t},\r\n\t\t{\r\n\t\t\tvalue: 536,\r\n\t\t\tlabel: \"536 (100%)\",\r\n\t\t\tlabelFontColor: \"darkgreen\",\r\n\t\t\tcolor: \"darkgreen\",\r\n\t\t\tshowOnTop: true,\r\n\t\t\tthickness: 2,\r\n\t\t\tlabelAlign: \"near\"\r\n\t\t}]\r\n\t},\r\n\ttoolTip:{\r\n\t\tshared: true\r\n\t},\r\n\tdata: [\r\n\t{\r\n\t\ttype: \"stackedArea\",\r\n\t\tname: \"helyes\",\r\n\t\tcolor: \"lightgreen\",\r\n\t\tshowInLegend: \"true\",\r\n\t\tdataPoints: [\r\n\t\t]\r\n\t},\r\n\t{\r\n\t\ttype: \"stackedArea\",\r\n\t\tname: \"hib\u00e1s\",\r\n\t\tcolor: \"lightcoral\",\r\n\t\tshowInLegend: \"true\",\r\n\t\tdataPoints: [\r\n\t\t]\r\n\t},\r\n    {\r\n\t\ttype: \"stackedArea\",\r\n\t\tname: \"megtekintett\",\r\n\t\tcolor: \"lightblue\",\r\n\t\tshowInLegend: \"true\",\r\n\t\tdataPoints: [\r\n\t\t]\r\n\t},\t\r\n\t{\r\n\t\ttype: \"stackedArea\",\r\n\t\tname: \"ismeretlen\",\r\n\t\tcolor: \"LemonChiffon\",\r\n\t\tshowInLegend: \"true\",\r\n\t\tdataPoints: [\r\n\t\t]\r\n\t}]\r\n});\r\nchart.render();\r\n\r\nchart = new CanvasJS.Chart(\"chartContainerKGHPV\", {\r\n\tanimationEnabled: true,\r\n\ttitle:{\r\n\t\ttext: \"Kisg\u00e9phaj\u00f3 pr\u00f3ba vizsga\",\r\n\t\tfontSize: 18\r\n\t},\r\n\taxisX:{\r\n\t\ttitle: \"napok\",\r\n\t\tminimum: 0,\r\n\t\tmaximum: 29\r\n\t},\r\n\taxisY:{\r\n\t\ttitle:\"k\u00e9rd\u00e9sek sz\u00e1ma\",\r\n\t\tstripLines: [{\r\n\t\t\tvalue: 245,\r\n\t\t\tlabel: \"245 (75%)\",\r\n\t\t\tlabelFontColor: \"darkred\",\r\n\t\t\tcolor: \"darkred\",\r\n\t\t\tshowOnTop: true,\r\n\t\t\tthickness: 1,\r\n\t\t\tlineDashType: \"dash\",\r\n\t\t\tlabelAlign: \"near\"\r\n\t\t},\r\n\t\t{\r\n\t\t\tvalue: 326,\r\n\t\t\tlabel: \"326 (100%)\",\r\n\t\t\tlabelFontColor: \"darkgreen\",\r\n\t\t\tcolor: \"darkgreen\",\r\n\t\t\tshowOnTop: true,\r\n\t\t\tthickness: 2,\r\n\t\t\tlabelAlign: \"near\"\r\n\t\t}]\r\n\t},\r\n\ttoolTip:{\r\n\t\tshared: true\r\n\t},\r\n\tdata: [\r\n\t{\r\n\t\ttype: \"stackedArea\",\r\n\t\tname: \"helyes\",\r\n\t\tcolor: \"lightgreen\",\r\n\t\tshowInLegend: \"true\",\r\n\t\tdataPoints: [\r\n\t\t]\r\n\t},\r\n\t{\r\n\t\ttype: \"stackedArea\",\r\n\t\tname: \"hib\u00e1s\",\r\n\t\tcolor: \"lightcoral\",\r\n\t\tshowInLegend: \"true\",\r\n\t\tdataPoints: [\r\n\t\t]\r\n\t},\r\n\t{\r\n\t\ttype: \"stackedArea\",\r\n\t\tname: \"megtekintett\",\r\n\t\tcolor: \"lightblue\",\r\n\t\tshowInLegend: \"true\",\r\n\t\tdataPoints: [\r\n\t\t]\r\n\t},\r\n\t{\r\n\t\ttype: \"stackedArea\",\r\n\t\tname: \"ismeretlen\",\r\n\t\tcolor: \"LemonChiffon\",\r\n\t\tshowInLegend: \"true\",\r\n\t\tdataPoints: [\r\n\t\t]\r\n\t}]\r\n});\r\nchart.render();\r\n\r\nchart = new CanvasJS.Chart(\"chartContainerVITPV\", {\r\n\tanimationEnabled: true,\r\n\ttitle:{\r\n\t\ttext: \"Vitorl\u00e1s kishaj\u00f3 pr\u00f3ba vizsga\",\r\n\t\tfontSize: 18\r\n\t},\r\n\taxisX:{\r\n\t\ttitle: \"napok\",\r\n\t\tminimum: 0,\r\n\t\tmaximum: 29\r\n\t},\r\n\taxisY:{\r\n\t\ttitle:\"k\u00e9rd\u00e9sek sz\u00e1ma\",\r\n\t\tstripLines: [{\r\n\t\t\tvalue: 312,\r\n\t\t\tlabel: \"312 (75%)\",\r\n\t\t\tlabelFontColor: \"darkred\",\r\n\t\t\tcolor: \"darkred\",\r\n\t\t\tshowOnTop: true,\r\n\t\t\tthickness: 1,\r\n\t\t\tlineDashType: \"dash\",\r\n\t\t\tlabelAlign: \"near\"\r\n\t\t},\r\n\t\t{\r\n\t\t\tvalue: 416,\r\n\t\t\tlabel: \"416 (100%)\",\r\n\t\t\tlabelFontColor: \"darkgreen\",\r\n\t\t\tcolor: \"darkgreen\",\r\n\t\t\tshowOnTop: true,\r\n\t\t\tthickness: 2,\r\n\t\t\tlabelAlign: \"near\"\r\n\t\t}]\r\n\t},\r\n\ttoolTip:{\r\n\t\tshared: true\r\n\t},\r\n\tdata: [\r\n\t{\r\n\t\ttype: \"stackedArea\",\r\n\t\tname: \"helyes\",\r\n\t\tcolor: \"lightgreen\",\r\n\t\tshowInLegend: \"true\",\r\n\t\tdataPoints: [\r\n\t\t]\r\n\t},\r\n\t{\r\n\t\ttype: \"stackedArea\",\r\n\t\tname: \"hib\u00e1s\",\r\n\t\tcolor: \"lightcoral\",\r\n\t\tshowInLegend: \"true\",\r\n\t\tdataPoints: [\r\n\t\t]\r\n\t},\r\n\t{\r\n\t\ttype: \"stackedArea\",\r\n\t\tname: \"megtekintett\",\r\n\t\tcolor: \"lightblue\",\r\n\t\tshowInLegend: \"true\",\r\n\t\tdataPoints: [\r\n\t\t]\r\n\t},\r\n\t{\r\n\t\ttype: \"stackedArea\",\r\n\t\tname: \"ismeretlen\",\r\n\t\tcolor: \"LemonChiffon\",\r\n\t\tshowInLegend: \"true\",\r\n\t\tdataPoints: [\r\n\t\t\r\n\t\t]\r\n\t}]\r\n});\r\nchart.render();\r\n\r\nchart = new CanvasJS.Chart(\"chartContainerSzolgHSz\", {\r\n\tanimationEnabled: true,\r\n\ttitle:{\r\n\t\ttext: \"Szolg\u00e1lati\/hivat\u00e1sos: Haj\u00f3z\u00e1si szab\u00e1lyzat IV.\",\r\n\t\tfontSize: 18\r\n\t},\r\n\taxisX:{\r\n\t\ttitle: \"napok\",\r\n\t\tminimum: 0,\r\n\t\tmaximum: 29\r\n\t},\r\n\taxisY:{\r\n\t\ttitle:\"k\u00e9rd\u00e9sek sz\u00e1ma\",\r\n\t\tstripLines: [{\r\n\t\t\tvalue: 669,\r\n\t\t\tlabel: \"669 (75%)\",\r\n\t\t\tlabelFontColor: \"darkred\",\r\n\t\t\tcolor: \"darkred\",\r\n\t\t\tshowOnTop: true,\r\n\t\t\tthickness: 1,\r\n\t\t\tlineDashType: \"dash\",\r\n\t\t\tlabelAlign: \"near\"\r\n\t\t},\r\n\t\t{\r\n\t\t\tvalue: 892,\r\n\t\t\tlabel: \"892 (100%)\",\r\n\t\t\tlabelFontColor: \"darkgreen\",\r\n\t\t\tcolor: \"darkgreen\",\r\n\t\t\tshowOnTop: true,\r\n\t\t\tthickness: 2,\r\n\t\t\tlabelAlign: \"near\"\r\n\t\t}]\r\n\t},\r\n\ttoolTip:{\r\n\t\tshared: true\r\n\t},\r\n\tdata: [\r\n\t{\r\n\t\ttype: \"stackedArea\",\r\n\t\tname: \"helyes\",\r\n\t\tcolor: \"lightgreen\",\r\n\t\tshowInLegend: \"true\",\r\n\t\tdataPoints: [\r\n\t\t]\r\n\t},\r\n\t{\r\n\t\ttype: \"stackedArea\",\r\n\t\tname: \"hib\u00e1s\",\r\n\t\tcolor: \"lightcoral\",\r\n\t\tshowInLegend: \"true\",\r\n\t\tdataPoints: [\r\n\t\t]\r\n\t},\r\n\t{\r\n\t\ttype: \"stackedArea\",\r\n\t\tname: \"megtekintett\",\r\n\t\tcolor: \"lightblue\",\r\n\t\tshowInLegend: \"true\",\r\n\t\tdataPoints: [\r\n\t\t]\r\n\t},\r\n\t{\r\n\t\ttype: \"stackedArea\",\r\n\t\tname: \"ismeretlen\",\r\n\t\tcolor: \"LemonChiffon\",\r\n\t\tshowInLegend: \"true\",\r\n\t\tdataPoints: [\r\n\t\t]\r\n\t}]\r\n});\r\nchart.render();\r\n\r\nchart = new CanvasJS.Chart(\"chartContainerSzolgVez\", {\r\n\tanimationEnabled: true,\r\n\ttitle:{\r\n\t\ttext: \"Szolg\u00e1lati\/hivat\u00e1sos: Haj\u00f3vezet\u00e9stan IV.\",\r\n\t\tfontSize: 18\r\n\t},\r\n\taxisX:{\r\n\t\ttitle: \"napok\",\r\n\t\tminimum: 0,\r\n\t\tmaximum: 29\r\n\t},\r\n\taxisY:{\r\n\t\ttitle:\"k\u00e9rd\u00e9sek sz\u00e1ma\",\r\n\t\tstripLines: [{\r\n\t\t\tvalue: 137,\r\n\t\t\tlabel: \"137 (75%)\",\r\n\t\t\tlabelFontColor: \"darkred\",\r\n\t\t\tcolor: \"darkred\",\r\n\t\t\tshowOnTop: true,\r\n\t\t\tthickness: 1,\r\n\t\t\tlineDashType: \"dash\",\r\n\t\t\tlabelAlign: \"near\"\r\n\t\t},\r\n\t\t{\r\n\t\t\tvalue: 182,\r\n\t\t\tlabel: \"182 (100%)\",\r\n\t\t\tlabelFontColor: \"darkgreen\",\r\n\t\t\tcolor: \"darkgreen\",\r\n\t\t\tshowOnTop: true,\r\n\t\t\tthickness: 2,\r\n\t\t\tlabelAlign: \"near\"\r\n\t\t}]\r\n\t},\r\n\ttoolTip:{\r\n\t\tshared: true\r\n\t},\r\n\tdata: [\r\n\t{\r\n\t\ttype: \"stackedArea\",\r\n\t\tname: \"helyes\",\r\n\t\tcolor: \"lightgreen\",\r\n\t\tshowInLegend: \"true\",\r\n\t\tdataPoints: [\r\n\t\t]\r\n\t},\r\n\t{\r\n\t\ttype: \"stackedArea\",\r\n\t\tname: \"hib\u00e1s\",\r\n\t\tcolor: \"lightcoral\",\r\n\t\tshowInLegend: \"true\",\r\n\t\tdataPoints: [\r\n\t\t]\r\n\t},\r\n\t{\r\n\t\ttype: \"stackedArea\",\r\n\t\tname: \"megtekintett\",\r\n\t\tcolor: \"lightblue\",\r\n\t\tshowInLegend: \"true\",\r\n\t\tdataPoints: [\r\n\t\t]\r\n\t},\r\n\t{\r\n\t\ttype: \"stackedArea\",\r\n\t\tname: \"ismeretlen\",\r\n\t\tcolor: \"LemonChiffon\",\r\n\t\tshowInLegend: \"true\",\r\n\t\tdataPoints: [\r\n\t\t]\r\n\t}]\r\n});\r\nchart.render();\r\n\r\nchart = new CanvasJS.Chart(\"chartContainerSzolgHAFO\", {\r\n\tanimationEnabled: true,\r\n\ttitle:{\r\n\t\ttext: \"Szolg\u00e1lati\/hivat\u00e1sos: Haj\u00f3z\u00e1si f\u00f6ldrajz, v\u00edzrajz, meteorol\u00f3gia I.\",\r\n\t\tfontSize: 18\r\n\t},\r\n\taxisX:{\r\n\t\ttitle: \"napok\",\r\n\t\tminimum: 0,\r\n\t\tmaximum: 29\r\n\t},\r\n\taxisY:{\r\n\t\ttitle:\"k\u00e9rd\u00e9sek sz\u00e1ma\",\r\n\t\tstripLines: [{\r\n\t\t\tvalue: 89,\r\n\t\t\tlabel: \"89 (75%)\",\r\n\t\t\tlabelFontColor: \"darkred\",\r\n\t\t\tcolor: \"darkred\",\r\n\t\t\tshowOnTop: true,\r\n\t\t\tthickness: 1,\r\n\t\t\tlineDashType: \"dash\",\r\n\t\t\tlabelAlign: \"near\"\r\n\t\t},\r\n\t\t{\r\n\t\t\tvalue: 118,\r\n\t\t\tlabel: \"118 (100%)\",\r\n\t\t\tlabelFontColor: \"darkgreen\",\r\n\t\t\tcolor: \"darkgreen\",\r\n\t\t\tshowOnTop: true,\r\n\t\t\tthickness: 2,\r\n\t\t\tlabelAlign: \"near\"\r\n\t\t}]\r\n\t},\r\n\ttoolTip:{\r\n\t\tshared: true\r\n\t},\r\n\tdata: [\r\n\t{\r\n\t\ttype: \"stackedArea\",\r\n\t\tname: \"helyes\",\r\n\t\tcolor: \"lightgreen\",\r\n\t\tshowInLegend: \"true\",\r\n\t\tdataPoints: [\r\n\t\t]\r\n\t},\r\n\t{\r\n\t\ttype: \"stackedArea\",\r\n\t\tname: \"hib\u00e1s\",\r\n\t\tcolor: \"lightcoral\",\r\n\t\tshowInLegend: \"true\",\r\n\t\tdataPoints: [\r\n\t\t]\r\n\t},\r\n\t{\r\n\t\ttype: \"stackedArea\",\r\n\t\tname: \"megtekintett\",\r\n\t\tcolor: \"lightblue\",\r\n\t\tshowInLegend: \"true\",\r\n\t\tdataPoints: [\r\n\t\t]\r\n\t},\r\n\t{\r\n\t\ttype: \"stackedArea\",\r\n\t\tname: \"ismeretlen\",\r\n\t\tcolor: \"LemonChiffon\",\r\n\t\tshowInLegend: \"true\",\r\n\t\tdataPoints: [\r\n\t\t]\r\n\t}]\r\n});\r\nchart.render();\r\n\r\nchart = new CanvasJS.Chart(\"chartContainerSzolgHELM\", {\r\n\tanimationEnabled: true,\r\n\ttitle:{\r\n\t\ttext: \"Szolg\u00e1lati\/hivat\u00e1sos: Haj\u00f3elm\u00e9let, a haj\u00f3k szerkezete \u00e9s \u00e9p\u00edt\u00e9se, haj\u00f3g\u00e9ptan\",\r\n\t\tfontSize: 18\r\n\t},\r\n\taxisX:{\r\n\t\ttitle: \"napok\",\r\n\t\tminimum: 0,\r\n\t\tmaximum: 29\r\n\t},\r\n\taxisY:{\r\n\t\ttitle:\"k\u00e9rd\u00e9sek sz\u00e1ma\",\r\n\t\tstripLines: [{\r\n\t\t\tvalue: 94,\r\n\t\t\tlabel: \"94 (75%)\",\r\n\t\t\tlabelFontColor: \"darkred\",\r\n\t\t\tcolor: \"darkred\",\r\n\t\t\tshowOnTop: true,\r\n\t\t\tthickness: 1,\r\n\t\t\tlineDashType: \"dash\",\r\n\t\t\tlabelAlign: \"near\"\r\n\t\t},\r\n\t\t{\r\n\t\t\tvalue: 125,\r\n\t\t\tlabel: \"125 (100%)\",\r\n\t\t\tlabelFontColor: \"darkgreen\",\r\n\t\t\tcolor: \"darkgreen\",\r\n\t\t\tshowOnTop: true,\r\n\t\t\tthickness: 2,\r\n\t\t\tlabelAlign: \"near\"\r\n\t\t}]\r\n\t},\r\n\ttoolTip:{\r\n\t\tshared: true\r\n\t},\r\n\tdata: [\r\n\t{\r\n\t\ttype: \"stackedArea\",\r\n\t\tname: \"helyes\",\r\n\t\tcolor: \"lightgreen\",\r\n\t\tshowInLegend: \"true\",\r\n\t\tdataPoints: [\r\n\t\t]\r\n\t},\r\n\t{\r\n\t\ttype: \"stackedArea\",\r\n\t\tname: \"hib\u00e1s\",\r\n\t\tcolor: \"lightcoral\",\r\n\t\tshowInLegend: \"true\",\r\n\t\tdataPoints: [\r\n\t\t]\r\n\t},\r\n\t{\r\n\t\ttype: \"stackedArea\",\r\n\t\tname: \"megtekintett\",\r\n\t\tcolor: \"lightblue\",\r\n\t\tshowInLegend: \"true\",\r\n\t\tdataPoints: [\r\n\t\t]\r\n\t},\r\n\t{\r\n\t\ttype: \"stackedArea\",\r\n\t\tname: \"ismeretlen\",\r\n\t\tcolor: \"LemonChiffon\",\r\n\t\tshowInLegend: \"true\",\r\n\t\tdataPoints: [\r\n\t\t]\r\n\t}]\r\n});\r\nchart.render();\r\n\r\nchart = new CanvasJS.Chart(\"chartContainerSzolgJog\", {\r\n\tanimationEnabled: true,\r\n\ttitle:{\r\n\t\ttext: \"Szolg\u00e1lati\/hivat\u00e1sos: Jogi ismeretek I.\",\r\n\t\tfontSize: 18\r\n\t},\r\n\taxisX:{\r\n\t\ttitle: \"napok\",\r\n\t\tminimum: 0,\r\n\t\tmaximum: 29\r\n\t},\r\n\taxisY:{\r\n\t\ttitle:\"k\u00e9rd\u00e9sek sz\u00e1ma\",\r\n\t\tstripLines: [{\r\n\t\t\tvalue: 86,\r\n\t\t\tlabel: \"86 (75%)\",\r\n\t\t\tlabelFontColor: \"darkred\",\r\n\t\t\tcolor: \"darkred\",\r\n\t\t\tshowOnTop: true,\r\n\t\t\tthickness: 1,\r\n\t\t\tlineDashType: \"dash\",\r\n\t\t\tlabelAlign: \"near\"\r\n\t\t},\r\n\t\t{\r\n\t\t\tvalue: 114,\r\n\t\t\tlabel: \"114 (100%)\",\r\n\t\t\tlabelFontColor: \"darkgreen\",\r\n\t\t\tcolor: \"darkgreen\",\r\n\t\t\tshowOnTop: true,\r\n\t\t\tthickness: 2,\r\n\t\t\tlabelAlign: \"near\"\r\n\t\t}]\r\n\t},\r\n\ttoolTip:{\r\n\t\tshared: true\r\n\t},\r\n\tdata: [\r\n\t{\r\n\t\ttype: \"stackedArea\",\r\n\t\tname: \"helyes\",\r\n\t\tcolor: \"lightgreen\",\r\n\t\tshowInLegend: \"true\",\r\n\t\tdataPoints: [\r\n\t\t]\r\n\t},\r\n\t{\r\n\t\ttype: \"stackedArea\",\r\n\t\tname: \"hib\u00e1s\",\r\n\t\tcolor: \"lightcoral\",\r\n\t\tshowInLegend: \"true\",\r\n\t\tdataPoints: [\r\n\t\t]\r\n\t},\r\n\t{\r\n\t\ttype: \"stackedArea\",\r\n\t\tname: \"megtekintett\",\r\n\t\tcolor: \"lightblue\",\r\n\t\tshowInLegend: \"true\",\r\n\t\tdataPoints: [\r\n\t\t]\r\n\t},\r\n\t{\r\n\t\ttype: \"stackedArea\",\r\n\t\tname: \"ismeretlen\",\r\n\t\tcolor: \"LemonChiffon\",\r\n\t\tshowInLegend: \"true\",\r\n\t\tdataPoints: [\r\n\t\t]\r\n\t}]\r\n});\r\nchart.render();\r\n\r\nchart = new CanvasJS.Chart(\"chartContainerSzolgEKTV\", {\r\n\tanimationEnabled: true,\r\n\ttitle:{\r\n\t\ttext: \"Szolg\u00e1lati\/hivat\u00e1sos: Els\u0151seg\u00e9lyny\u00fajt\u00e1si, k\u00f6rnyezet \u00e9s t\u0171zv\u00e9delmi ismeretek\",\r\n\t\tfontSize: 18\r\n\t},\r\n\taxisX:{\r\n\t\ttitle: \"napok\",\r\n\t\tminimum: 0,\r\n\t\tmaximum: 29\r\n\t},\r\n\taxisY:{\r\n\t\ttitle:\"k\u00e9rd\u00e9sek sz\u00e1ma\",\r\n\t\tstripLines: [{\r\n\t\t\tvalue: 113,\r\n\t\t\tlabel: \"113 (75%)\",\r\n\t\t\tlabelFontColor: \"darkred\",\r\n\t\t\tcolor: \"darkred\",\r\n\t\t\tshowOnTop: true,\r\n\t\t\tthickness: 1,\r\n\t\t\tlineDashType: \"dash\",\r\n\t\t\tlabelAlign: \"near\"\r\n\t\t},\r\n\t\t{\r\n\t\t\tvalue: 151,\r\n\t\t\tlabel: \"151 (100%)\",\r\n\t\t\tlabelFontColor: \"darkgreen\",\r\n\t\t\tcolor: \"darkgreen\",\r\n\t\t\tshowOnTop: true,\r\n\t\t\tthickness: 2,\r\n\t\t\tlabelAlign: \"near\"\r\n\t\t}]\r\n\t},\r\n\ttoolTip:{\r\n\t\tshared: true\r\n\t},\r\n\tdata: [\r\n\t{\r\n\t\ttype: \"stackedArea\",\r\n\t\tname: \"helyes\",\r\n\t\tcolor: \"lightgreen\",\r\n\t\tshowInLegend: \"true\",\r\n\t\tdataPoints: [\r\n\t\t]\r\n\t},\r\n\t{\r\n\t\ttype: \"stackedArea\",\r\n\t\tname: \"hib\u00e1s\",\r\n\t\tcolor: \"lightcoral\",\r\n\t\tshowInLegend: \"true\",\r\n\t\tdataPoints: [\r\n\t\t]\r\n\t},\r\n\t{\r\n\t\ttype: \"stackedArea\",\r\n\t\tname: \"megtekintett\",\r\n\t\tcolor: \"lightblue\",\r\n\t\tshowInLegend: \"true\",\r\n\t\tdataPoints: [\r\n\t\t]\r\n\t},\r\n\t{\r\n\t\ttype: \"stackedArea\",\r\n\t\tname: \"ismeretlen\",\r\n\t\tcolor: \"LemonChiffon\",\r\n\t\tshowInLegend: \"true\",\r\n\t\tdataPoints: [\r\n\t\t]\r\n\t}]\r\n});\r\nchart.render();\r\n}\r\n<\/script>\r\n\r\n        <\/div>\r\n\r\n        \r\n\r\n\r\n        \n","protected":false},"excerpt":{"rendered":"","protected":false},"author":3,"featured_media":0,"parent":0,"menu_order":0,"comment_status":"closed","ping_status":"closed","template":"","meta":{"_exactmetrics_skip_tracking":false,"_exactmetrics_sitenote_active":false,"_exactmetrics_sitenote_note":"","_exactmetrics_sitenote_category":0,"footnotes":""},"class_list":["post-437","page","type-page","status-publish","hentry"],"_links":{"self":[{"href":"https:\/\/autoinfo.hu\/szvk\/index.php\/wp-json\/wp\/v2\/pages\/437","targetHints":{"allow":["GET"]}}],"collection":[{"href":"https:\/\/autoinfo.hu\/szvk\/index.php\/wp-json\/wp\/v2\/pages"}],"about":[{"href":"https:\/\/autoinfo.hu\/szvk\/index.php\/wp-json\/wp\/v2\/types\/page"}],"author":[{"embeddable":true,"href":"https:\/\/autoinfo.hu\/szvk\/index.php\/wp-json\/wp\/v2\/users\/3"}],"replies":[{"embeddable":true,"href":"https:\/\/autoinfo.hu\/szvk\/index.php\/wp-json\/wp\/v2\/comments?post=437"}],"version-history":[{"count":5,"href":"https:\/\/autoinfo.hu\/szvk\/index.php\/wp-json\/wp\/v2\/pages\/437\/revisions"}],"predecessor-version":[{"id":733,"href":"https:\/\/autoinfo.hu\/szvk\/index.php\/wp-json\/wp\/v2\/pages\/437\/revisions\/733"}],"wp:attachment":[{"href":"https:\/\/autoinfo.hu\/szvk\/index.php\/wp-json\/wp\/v2\/media?parent=437"}],"curies":[{"name":"wp","href":"https:\/\/api.w.org\/{rel}","templated":true}]}}