{"id":37,"date":"2018-04-18T16:44:09","date_gmt":"2018-04-18T16:44:09","guid":{"rendered":"http:\/\/autoinfo.hu\/szvk\/?page_id=37"},"modified":"2020-04-22T11:05:59","modified_gmt":"2020-04-22T10:05:59","slug":"szabateri-sport","status":"publish","type":"page","link":"https:\/\/autoinfo.hu\/szvk\/index.php\/szabateri-sport\/","title":{"rendered":"Szabadt\u00e9ri sport"},"content":{"rendered":"<p>Vitorl\u00e1s kurzus, mint szabadt\u00e9ri sport<\/p>\n<p>5 ok, mi\u00e9rt v\u00e1laszd a vitorl\u00e1z\u00e1st, mint testnevel\u00e9si kurzust<\/p>\n<p>Az elk\u00f6vetkezend\u0151 pontokban azt fogjuk megvizsg\u00e1lni, nek\u00fcnk egyetemist\u00e1knak mi\u00e9rt j\u00f3 dolog a vitorl\u00e1z\u00e1st v\u00e1lasztanunk testnevel\u00e9si kurzusnak.<\/p>\n<ol>\n<li>K\u00e9pzelj\u00fcnk el egy hossz\u00fa napot, amit v\u00e9gig az iskolapadban vagy az egyetemi k\u00f6nyvt\u00e1rban k\u00f6nyvek \u00e9s el\u0151ad\u00e1sok k\u00f6z\u00f6tt t\u00f6lt\u00f6tt\u00fcnk el. Nyilv\u00e1n minden egyetemista sz\u00e1m\u00e1ra ismer\u0151s az \u00e9rz\u00e9s, amikor m\u00e1r zsibbad minden tagod, a fejed z\u00fag \u00e9s csak ki akarod szell\u0151ztetni azt. A hossz\u00fa \u00fcl\u0151 tev\u00e9kenys\u00e9get v\u00e9gz\u0151knek am\u00fagy is aj\u00e1nlatos valamilyen sport beiktat\u00e1sa, de enn\u00e9l m\u00e9g jobb megold\u00e1s az, ha mindezt a szabadban tessz\u00fck. A vitorl\u00e1s testnevel\u00e9si kurzus erre t\u00f6k\u00e9letes. A szabad \u00e9g alatt v\u00e9gezhet\u0151, a hideg \u00e9s a sz\u00e9l sem lehet akad\u00e1ly, maximum a csapad\u00e9kosabb vagy sz\u00e9ls\u0151s\u00e9gesebb id\u0151j\u00e1r\u00e1si k\u00f6r\u00fclm\u00e9nyek okozhatnak probl\u00e9m\u00e1t, ez az id\u0151szak viszont t\u00f6k\u00e9letes \u00e1tvenni p\u00e1r elm\u00e9leti dolgot, szakszavakat, k\u00f6t\u00e9si technik\u00e1t, ami hossz\u00fat\u00e1von elengedhetetlen ezen sport v\u00e9gz\u00e9s\u00e9hez.<\/li>\n<\/ol>\n<ol start=\"2\">\n<li>Nem szabad elfeledkezn\u00fcnk a helysz\u00ednr\u0151l, ahol maga az oktat\u00e1s zajlik.\u00a0 A Tisza \u00fajszegedi oldal\u00e1n, a Partf\u00fcrd\u0151n a vitorl\u00e1s kik\u00f6t\u0151b\u0151l csod\u00e1latos l\u00e1tv\u00e1ny ny\u00falik Szeged v\u00e1ros\u00e1ra, ami szint\u00e9n nem elhanyagolhat\u00f3 szempont a kurzus mellett. \u00cdgy mik\u00f6zben a napi sportadagunkat teljes\u00edtj\u00fck m\u00e9g gy\u00f6ny\u00f6rk\u00f6dhet\u00fcnk is a Napf\u00e9ny v\u00e1ros\u00e1ban!<\/li>\n<li>Minden ember m\u00e1s, van aki kifejezetten a t\u00e9li sportok szerelmese, m\u00edg m\u00e1s a fut\u00e1sra esk\u00fcszik. Azoknak akik kifejezetten szeretik a v\u00edz k\u00f6zels\u00e9g\u00e9t, mindenk\u00e9ppen aj\u00e1nljuk a vitorl\u00e1s kurzus. Szabad leveg\u0151n elt\u00f6lteni a v\u00edzen egy egyetemi oktat\u00e1st, \u00edgy m\u00e1r nem is annyira k\u00f6telezetts\u00e9g, nem? \ud83d\ude42<\/li>\n<\/ol>\n<ol start=\"4\">\n<li>A vitorl\u00e1s testnevel\u00e9si kurzus t\u00f6k\u00e9letesen j\u00f3 arra is, hogy \u00faj kapcsolatokra tegy\u00e9l szert. Egy teremben tartott edz\u00e9sen nem felt\u00e9tlen ny\u00falik lehet\u0151s\u00e9ge az embernek besz\u00e9lgetni, ez kifejezetten akad\u00e1lyoz\u00f3 t\u00e9nyez\u0151 is lehet a teljes\u00edtm\u00e9ny szempontj\u00e1b\u00f3l, m\u00edg a v\u00edzen bar\u00e1ts\u00e1gok k\u00f6ttethetnek, szorosabb emberi kapcsolatok alakulhatnak ki, nem v\u00e9letlen a mond\u00e1s \u201eEgy haj\u00f3ban evez\u00fcnk\u201d.<\/li>\n<\/ol>\n<ol start=\"5\">\n<li>A kurzus v\u00e9g\u00e9re olyan tud\u00e1sra tehet\u00fcnk szert, amivel m\u00e1r csak p\u00e1r l\u00e9p\u00e9s a vitorl\u00e1s vagy ak\u00e1r a kishaj\u00f3 vezet\u0151i jogos\u00edtv\u00e1ny, ami hasznos lehet a v\u00edzi sportok szerelmeseinek.<\/li>\n<\/ol>\n<p>Sz\u00e1sz Evelin<br \/>\njog\u00e1sz<\/p>\n<p><iframe loading=\"lazy\" title=\"szte vtk 20170413 2 470 sh\" width=\"625\" height=\"352\" src=\"https:\/\/www.youtube.com\/embed\/eU_PldAO7LA?feature=oembed\" frameborder=\"0\" allow=\"accelerometer; autoplay; clipboard-write; encrypted-media; gyroscope; picture-in-picture; web-share\" referrerpolicy=\"strict-origin-when-cross-origin\" allowfullscreen><\/iframe><\/p>\n","protected":false},"excerpt":{"rendered":"<p>Vitorl\u00e1s kurzus, mint szabadt\u00e9ri sport 5 ok, mi\u00e9rt v\u00e1laszd a vitorl\u00e1z\u00e1st, mint testnevel\u00e9si kurzust Az elk\u00f6vetkezend\u0151 pontokban azt fogjuk megvizsg\u00e1lni, nek\u00fcnk egyetemist\u00e1knak mi\u00e9rt j\u00f3 dolog a vitorl\u00e1z\u00e1st v\u00e1lasztanunk testnevel\u00e9si kurzusnak. K\u00e9pzelj\u00fcnk el egy hossz\u00fa napot, amit v\u00e9gig az iskolapadban vagy az egyetemi k\u00f6nyvt\u00e1rban k\u00f6nyvek \u00e9s el\u0151ad\u00e1sok k\u00f6z\u00f6tt t\u00f6lt\u00f6tt\u00fcnk el. Nyilv\u00e1n minden egyetemista sz\u00e1m\u00e1ra ismer\u0151s az [&hellip;]<\/p>\n","protected":false},"author":1,"featured_media":0,"parent":0,"menu_order":0,"comment_status":"closed","ping_status":"closed","template":"","meta":{"_exactmetrics_skip_tracking":false,"_exactmetrics_sitenote_active":false,"_exactmetrics_sitenote_note":"","_exactmetrics_sitenote_category":0,"footnotes":""},"class_list":["post-37","page","type-page","status-publish","hentry"],"_links":{"self":[{"href":"https:\/\/autoinfo.hu\/szvk\/index.php\/wp-json\/wp\/v2\/pages\/37","targetHints":{"allow":["GET"]}}],"collection":[{"href":"https:\/\/autoinfo.hu\/szvk\/index.php\/wp-json\/wp\/v2\/pages"}],"about":[{"href":"https:\/\/autoinfo.hu\/szvk\/index.php\/wp-json\/wp\/v2\/types\/page"}],"author":[{"embeddable":true,"href":"https:\/\/autoinfo.hu\/szvk\/index.php\/wp-json\/wp\/v2\/users\/1"}],"replies":[{"embeddable":true,"href":"https:\/\/autoinfo.hu\/szvk\/index.php\/wp-json\/wp\/v2\/comments?post=37"}],"version-history":[{"count":2,"href":"https:\/\/autoinfo.hu\/szvk\/index.php\/wp-json\/wp\/v2\/pages\/37\/revisions"}],"predecessor-version":[{"id":464,"href":"https:\/\/autoinfo.hu\/szvk\/index.php\/wp-json\/wp\/v2\/pages\/37\/revisions\/464"}],"wp:attachment":[{"href":"https:\/\/autoinfo.hu\/szvk\/index.php\/wp-json\/wp\/v2\/media?parent=37"}],"curies":[{"name":"wp","href":"https:\/\/api.w.org\/{rel}","templated":true}]}}