{"id":34,"date":"2018-04-18T16:43:19","date_gmt":"2018-04-18T16:43:19","guid":{"rendered":"http:\/\/autoinfo.hu\/szvk\/?page_id=34"},"modified":"2018-04-18T16:43:19","modified_gmt":"2018-04-18T16:43:19","slug":"csapatepites","status":"publish","type":"page","link":"https:\/\/autoinfo.hu\/szvk\/index.php\/csapatepites\/","title":{"rendered":"Csapat\u00e9p\u00edt\u00e9s"},"content":{"rendered":"<p>A vitorl\u00e1z\u00e1s egy kiv\u00e1l\u00f3 sport, ha csapat\u00e9p\u00edt\u00e9sr\u0151l van sz\u00f3, hiszen bizalom\u00e9p\u00edt\u0151 hat\u00e1sa van. Bizalmat kell adj csapatt\u00e1rsaidnak, hogy figyelmesen \u00e9s pontosan v\u00e9gzik feladatuk, ugyanakkor egy csod\u00e1latos id\u0151t\u00f6lt\u00e9s bar\u00e1taiddal kint a szabadban.<\/p>\n<p>J\u00f3l hangzik egy d\u00e9lut\u00e1ni besz\u00e9lget\u00e9s a bar\u00e1tokkal, de ha ehhez hozz\u00e1adjuk, hogy k\u00f6zben naps\u00fct\u00e9ses id\u0151ben valamelyik foly\u00f3n vitorl\u00e1ztok, akkor m\u00e1r eg\u00e9szen kiv\u00e9teles eml\u00e9k is lehet bel\u0151le. K\u00fcl\u00f6n\u00f6sen akkor, ha egy \u00e9rdekes szitu\u00e1ci\u00f3ba ker\u00fclt\u00f6k ahonnan egyik t\u00e1rsad seg\u00edt ki. Mekkora lesz az \u00f6r\u00f6m \u00e9s nem azon fog j\u00e1rni az eszetek, hogy ki a hib\u00e1s hanem, hogy milyen j\u00f3, hogy ki tudt\u00e1tok seg\u00edteni egym\u00e1st.<\/p>\n<p>A vitorl\u00e1z\u00e1s kurzust aj\u00e1nlom bar\u00e1tokkal felvenni. Pr\u00f3b\u00e1lj\u00e1tok ki milyen egy\u00fctt vitorl\u00e1zni, egy \u00faj \u00e9lm\u00e9nyt egy\u00fctt megtapasztalni, sz\u00f3rakozni \u00e9s sportolni ugyanis nagyon j\u00f3 kombin\u00e1ci\u00f3. Ha m\u00e9gis csak egyed\u00fcl j\u00f6nn\u00e9l azt is b\u00e1tran aj\u00e1nlom, gyorsan \u00f6ssze lehet r\u00e1z\u00f3dni idegenekkel is, akikkel egy id\u0151 ut\u00e1n ugyanolyan \u00e9lvezetes lesz a vitorl\u00e1z\u00e1s, bar\u00e1tias.<\/p>\n<p>Mivel lehet\u0151s\u00e9g van a kurzus ut\u00e1n lerakni\u00a0kedvezm\u00e9nyesen a kishaj\u00f3s vizsg\u00e1t is. Ut\u00e1na ak\u00e1r t\u00f6bb napos kir\u00e1ndul\u00e1sokra is elmehettek bar\u00e1tokkal, sz\u00f3rakoz\u00e1s \u00e9s csapat\u00e9p\u00edt\u00e9s c\u00e9lj\u00e1b\u00f3l, ha pedig m\u00e1r nagyon siker\u00fclt \u00f6sszeszokni versenyekre is lehet j\u00e1rni.<\/p>\n<p>\u00d6sszess\u00e9g\u00e9ben ha egy olyan sportra v\u00e1gysz amit a szabadban is lehet m\u0171velni bar\u00e1tokkal, csod\u00e1s l\u00e1tv\u00e1nnyal \u00e9s izgalmakkal, akkor a vitorl\u00e1z\u00e1s t\u00f6k\u00e9letes v\u00e1laszt\u00e1s.<\/p>\n<p>Ily\u00e9s Levente<br \/>\nprogramtervez\u0151 informatikus BSc<\/p>\n<p><iframe loading=\"lazy\" title=\"szte vtk 20170302 atstartolas\" width=\"625\" height=\"352\" src=\"https:\/\/www.youtube.com\/embed\/1ZM5dOBR7KM?feature=oembed\" frameborder=\"0\" allow=\"accelerometer; autoplay; clipboard-write; encrypted-media; gyroscope; picture-in-picture; web-share\" referrerpolicy=\"strict-origin-when-cross-origin\" allowfullscreen><\/iframe><\/p>\n<p>&nbsp;<\/p>\n","protected":false},"excerpt":{"rendered":"<p>A vitorl\u00e1z\u00e1s egy kiv\u00e1l\u00f3 sport, ha csapat\u00e9p\u00edt\u00e9sr\u0151l van sz\u00f3, hiszen bizalom\u00e9p\u00edt\u0151 hat\u00e1sa van. Bizalmat kell adj csapatt\u00e1rsaidnak, hogy figyelmesen \u00e9s pontosan v\u00e9gzik feladatuk, ugyanakkor egy csod\u00e1latos id\u0151t\u00f6lt\u00e9s bar\u00e1taiddal kint a szabadban. J\u00f3l hangzik egy d\u00e9lut\u00e1ni besz\u00e9lget\u00e9s a bar\u00e1tokkal, de ha ehhez hozz\u00e1adjuk, hogy k\u00f6zben naps\u00fct\u00e9ses id\u0151ben valamelyik foly\u00f3n vitorl\u00e1ztok, akkor m\u00e1r eg\u00e9szen kiv\u00e9teles eml\u00e9k is [&hellip;]<\/p>\n","protected":false},"author":1,"featured_media":0,"parent":0,"menu_order":0,"comment_status":"closed","ping_status":"closed","template":"","meta":{"_exactmetrics_skip_tracking":false,"_exactmetrics_sitenote_active":false,"_exactmetrics_sitenote_note":"","_exactmetrics_sitenote_category":0,"footnotes":""},"class_list":["post-34","page","type-page","status-publish","hentry"],"_links":{"self":[{"href":"https:\/\/autoinfo.hu\/szvk\/index.php\/wp-json\/wp\/v2\/pages\/34","targetHints":{"allow":["GET"]}}],"collection":[{"href":"https:\/\/autoinfo.hu\/szvk\/index.php\/wp-json\/wp\/v2\/pages"}],"about":[{"href":"https:\/\/autoinfo.hu\/szvk\/index.php\/wp-json\/wp\/v2\/types\/page"}],"author":[{"embeddable":true,"href":"https:\/\/autoinfo.hu\/szvk\/index.php\/wp-json\/wp\/v2\/users\/1"}],"replies":[{"embeddable":true,"href":"https:\/\/autoinfo.hu\/szvk\/index.php\/wp-json\/wp\/v2\/comments?post=34"}],"version-history":[{"count":1,"href":"https:\/\/autoinfo.hu\/szvk\/index.php\/wp-json\/wp\/v2\/pages\/34\/revisions"}],"predecessor-version":[{"id":35,"href":"https:\/\/autoinfo.hu\/szvk\/index.php\/wp-json\/wp\/v2\/pages\/34\/revisions\/35"}],"wp:attachment":[{"href":"https:\/\/autoinfo.hu\/szvk\/index.php\/wp-json\/wp\/v2\/media?parent=34"}],"curies":[{"name":"wp","href":"https:\/\/api.w.org\/{rel}","templated":true}]}}