{"id":283,"date":"2019-05-16T18:00:11","date_gmt":"2019-05-16T17:00:11","guid":{"rendered":"http:\/\/autoinfo.hu\/szvk\/index.php\/registration\/"},"modified":"2026-03-30T18:32:19","modified_gmt":"2026-03-30T17:32:19","slug":"registration","status":"publish","type":"page","link":"https:\/\/autoinfo.hu\/szvk\/index.php\/registration\/","title":{"rendered":"Regisztr\u00e1ci\u00f3"},"content":{"rendered":"<p><b class=\"rm-shortcode-tour\"><!--noptimize--><div class=\"rmagic rm_theme_matchmytheme rm_layout_label_top\"><style><\/style><style><\/style><div class=\"rmcontent\"><pre class=\"rm-pre-wrapper-for-script-tags\"><script>\r\n                \r\nif (typeof window['rm_multipage'] == 'undefined') {\r\n\r\n    rm_multipage = {\r\n        global_page_no_form_1_1: 1\r\n    };\r\n\r\n}\r\nelse\r\n rm_multipage.global_page_no_form_1_1 = 1;\r\n\r\nfunction gotonext_form_1_1(){\r\n        \/* Making sure action attribute is empty *\/\r\n        jQuery(\"form.rmagic-form\").attr(\"action\",\"\");\r\n        maxpage = 1 ;\r\n        var form_object= jQuery(\"#rm_form_page_form_1_1_\"+rm_multipage.global_page_no_form_1_1).closest(\"form\");\r\n        var submit_btn= form_object.find(\"[type=submit]:not(.rm_noscript_btn)\");\r\n                jQuery.validator.setDefaults({errorClass: 'rm-form-field-invalid-msg',\n                                        ignore:':hidden,.ignore,:not(:visible),.rm_untouched',wrapper:'div',\n                                       errorPlacement: function(error, element) {\n                                                            \/\/error.appendTo(element.closest('.rminput'));\n                                                            error.appendTo(element.closest('div'));\n                                                          },\n                                      rules: {        \n        password: {\n            required: true,\n            minlength: 7\n        },\n        password_confirmation: {\n            required: true,\n            equalTo: \"#rm_reg_form_pw_1_1\"\n        },\n        email_confirmation: {\n            required: true,\n            equalTo: \"#rm_reg_form_email_1_1\"\n        }\n            },\n        messages: {\n        password_confirmation: {\n            equalTo: \"A jelszavak nem egyeznek. Pr\u00f3b\u00e1ld \u00fajra!\"\n        },\n        email_confirmation: {\n            equalTo: \"Emails do not match\"\n        }\n            }\n                                    });\r\n        form_object.find('input.rm_price_field_quantity').each(function() {\r\n            if(typeof jQuery(this).attr('min') == 'undefined') {\r\n                jQuery(this).attr('min', 0);\r\n            }\r\n        });\r\n        if(form_object.find('.rm_privacy_cb').is(':visible')) {\r\n            if(!form_object.find('.rm_privacy_cb').prop('checked')){\r\n                \/\/form_object.find('.rm_privacy_cb').trigger('change');\r\n                form_object.find('.rm_privacy_cb').focus();\r\n                form_object.find('.rm_privacy_cb').parent().parent().siblings('div.rm-form-error-message').show();\r\n                return false;\r\n            }\r\n        }\r\n        if(jQuery(\"#rm_form_page_form_1_1_\"+rm_multipage.global_page_no_form_1_1+\" :input\").length > 0)\r\n        {\r\n            var elements_to_validate= jQuery(\"#rm_form_page_form_1_1_\"+rm_multipage.global_page_no_form_1_1+\" :input\");\r\n            var valid = elements_to_validate.valid();\r\n            elements_to_validate.each(function(){\r\n            var if_mobile= jQuery(this).attr('data-mobile-intel-field');\r\n            if(if_mobile){\r\n                var tel_error = rm_toggle_tel_error(this.dataset.validnumber,jQuery(this),jQuery(this).data('error-message'));\r\n                if(tel_error){\r\n                    valid= false;\r\n                }\r\n                else\r\n                {\r\n                    jQuery(this).val(this.dataset.fullnumber);\r\n                }\r\n            }\r\n            });\r\n                \r\n            if(!valid)\r\n            {\r\n                setTimeout(function(){ submit_btn.prop('disabled',false); submit_btn.addClass('rm-submit-btn-show'); }, 1000);\r\n                var error_element= jQuery(document).find(\"input.rm-form-field-invalid-msg\")[0];\r\n                if(error_element){\r\n                    error_element.focus();\r\n                }\r\n                return false;\r\n            }\r\n        }\r\n        \r\n        \/* Server validation for Username and Email field *\/\r\n        for(var i=0;i<rm_validation_attr.length;i++){\r\n            var validation_flag= true;\r\n            jQuery(\"[\" + rm_validation_attr[i] + \"=0]\").each(function(){\r\n               validation_flag= false;\r\n               return false;\r\n            });\r\n            \r\n            if(!validation_flag)\r\n              return;\r\n        }\r\n        \r\n        \r\n        rm_multipage.global_page_no_form_1_1++;\r\n        \r\n        \/*skip blank form pages*\/\r\n        while(jQuery(\"#rm_form_page_form_1_1_\"+rm_multipage.global_page_no_form_1_1+\" :input\").length == 0)\r\n        {\r\n        \r\n            if(maxpage <= rm_multipage.global_page_no_form_1_1)\r\n            {\r\n                    if(jQuery(\"#rm_form_page_form_1_1_\"+rm_multipage.global_page_no_form_1_1+\" :input\").length == 0){\r\n                        jQuery(\"#rm_next_form_page_button_1_1\").prop('type','submit');\r\n                        jQuery(\"#rm_prev_form_page_button_1_1\").prop('disabled',true);\r\n                        return;\r\n                    }        \r\n                    else\r\n                        break;\r\n            }\r\n        \r\n            rm_multipage.global_page_no_form_1_1++;\r\n        }\r\n            \r\n\t\r\n\tif(maxpage < rm_multipage.global_page_no_form_1_1)\r\n\t{\r\n\t\trm_multipage.global_page_no_form_1_1 = maxpage;\r\n\t\tjQuery(\"#rm_next_form_page_button_1_1\").prop('type','submit');\r\n                jQuery(\"#rm_prev_form_page_button_1_1\").prop('disabled',true);\r\n\t\treturn;\r\n\t}\r\n\tjQuery(\".rmformpage_form_1_1\").each(function (){\r\n\t\tvar visibledivid = \"rm_form_page_form_1_1_\"+rm_multipage.global_page_no_form_1_1;\r\n\t\tif(jQuery(this).attr('id') == visibledivid)\r\n\t\t\tjQuery(this).show();\r\n\t\telse\r\n\t\t\tjQuery(this).hide();\r\n\t});\r\n        jQuery('html, body').animate({\r\n            scrollTop: (jQuery('.rmformpage_form_1_1').first().offset().top)\r\n        },500);\r\n        jQuery(\"#rm_prev_form_page_button_1_1\").prop('disabled',false);\r\n        rmInitGoogleApi();\r\n}\r\nfunction gotoprev_form_1_1(){\r\n\t\r\n\tmaxpage = 1 ;\r\n        var form_object= jQuery(\"#rm_form_page_form_1_1_\"+rm_multipage.global_page_no_form_1_1).closest(\"form\");\r\n\trm_multipage.global_page_no_form_1_1--;\r\n        jQuery(\"#rm_next_form_page_button_1_1\").attr('type','button');\r\n        \/*\r\n        if(form_object.find('.rm_privacy_cb').is(':visible')) {\r\n            if(!form_object.find('.rm_privacy_cb').prop('checked')){\r\n                \/\/form_object.find('.rm_privacy_cb').trigger('change');\r\n                form_object.find('.rm_privacy_cb').focus();\r\n                form_object.find('.rm_privacy_cb').parent().parent().siblings('div.rm-form-error-message').show();\r\n                return false;\r\n            }\r\n        }\r\n        *\/\r\n        \/*skip blank form pages*\/\r\n        while(jQuery(\"#rm_form_page_form_1_1_\"+rm_multipage.global_page_no_form_1_1+\" :input\").length == 0)\r\n        {\r\n            if(1 >= rm_multipage.global_page_no_form_1_1)\r\n            {\r\n                    if(jQuery(\"#rm_form_page_form_1_1_\"+rm_multipage.global_page_no_form_1_1+\" :input\").length == 0){\r\n                        rm_multipage.global_page_no_form_1_1 = 1;\r\n                        jQuery(\"#rm_prev_form_page_button_1_1\").prop('disabled',true);\r\n                        return;\r\n                    }        \r\n                    else\r\n                        break;\r\n            }\r\n        \r\n            rm_multipage.global_page_no_form_1_1--;\r\n        }\r\n        \r\n\tjQuery(\".rmformpage_form_1_1\").each(function (){\r\n\t\tvar visibledivid = \"rm_form_page_form_1_1_\"+rm_multipage.global_page_no_form_1_1;\r\n\t\tif(jQuery(this).attr('id') == visibledivid)\r\n\t\t\tjQuery(this).show();\r\n\t\telse\r\n\t\t\tjQuery(this).hide();\r\n\t});\r\n        \r\n        if(rm_multipage.global_page_no_form_1_1 <= 1)\r\n        {\r\n            rm_multipage.global_page_no_form_1_1 = 1;\r\n            jQuery(\"#rm_prev_form_page_button_1_1\").prop('disabled',true);\r\n        }\r\n        jQuery('html, body').animate({\r\n            scrollTop: (jQuery('.rmformpage_form_1_1').first().offset().top)\r\n        },500);\r\n}         \r\n<\/script><\/pre><style type=\"text\/css\">label span.required { color: #B94A48; }span.help-inline, span.help-block { color: #888; font-size: .9em; font-style: italic; }<\/style><form novalidate onsubmit=\"return gotonext_form_1_1()\" autocomplete=\"off\"  action id=\"form_1_1\" method=\"post\" class=\"rmagic-form rmagic-form-btn-center form-horizontal\" name=\"rm_form\" number=\"1\"><fieldset><input type=\"hidden\" name=\"rm_form_sub_id\" value=form_1_1><input type=\"hidden\" name=\"rm_form_sub_no\" value=1><input type=\"hidden\" name=\"rm_cond_hidden_fields\" id=\"rm_cond_hidden_fields\" value=\"\"><div id=\"rm_stat_container\"><div class=\"rmrow\"><div class=\"rmfield\" for=\"form_1_1-element-1\" style=\"\"><label>RM_Stats<\/label><\/div><div class=\"rminput\"><input type=\"text\" name=\"stat_id\" value=\"__uninit\" style=\"display:none\" id=\"form_1_1-element-1\"\/><\/div><\/div><\/div><div class=\"rm_form_page rmformpage_form_1_1\" id=\"rm_form_page_form_1_1_1\"><fieldset class='rmfieldset'><div class=\"rmrow\"><div class=\"rmfield\" for=\"rm_reg_form_email_1_1\" style=\"\"><label>E-mail c\u00edm<sup class=\"required\">&nbsp;*<\/sup><\/label><\/div><div class=\"rminput\"><input type=\"email\" name=\"Email_1\" placeholder=\"Ide \u00edrd be az e-mail c\u00edmedet!\" class=\"rm_form_default_fields\" required id=\"rm_reg_form_email_1_1\"\/><\/div><div class=\"rmnote\"><div class=\"rmprenote\"><\/div><div class=\"rmnotecontent\">Ide \u00edrd be az e-mail c\u00edmedet!<\/div><\/div><\/div><div class=\"rmrow\"><div class=\"rmfield\" for=\"form_1_1-element-6\" style=\"\"><label>Felhaszn\u00e1l\u00f3n\u00e9v<sup class=\"required\">&nbsp;*<\/sup><\/label><\/div><div class=\"rminput\"><input type=\"text\" name=\"username\" placeholder=\"Ide \u00edrd be a k\u00edv\u00e1nt felhaszn\u00e1l\u00f3nevedet!\" class=\"rm_form_default_fields\" required id=\"form_1_1-element-6\"\/><\/div><div class=\"rmnote\"><div class=\"rmprenote\"><\/div><div class=\"rmnotecontent\">Ide \u00edrd be a k\u00edv\u00e1nt felhaszn\u00e1l\u00f3nevedet!<\/div><\/div><\/div><div class=\"rmrow\"><div class=\"rmfield\" for=\"form_1_1-element-7\" style=\"\"><label>N\u00e9v<\/label><\/div><div class=\"rminput\"><input type=\"text\" name=\"Textbox_33\" placeholder=\"\u00cdrd be a teljes neved! (nem k\u00f6telez\u0151)\" rm_textbox=\"User Input\" id=\"form_1_1-element-7\"\/><\/div><div class=\"rmnote\"><div class=\"rmprenote\"><\/div><div class=\"rmnotecontent\">Ide \u00edrhatod be a teljes neved. (nem k\u00f6telez\u0151)<\/div><\/div><\/div><div class=\"rmrow\"><div class=\"rmfield\" for=\"form_1_1-element-8\" style=\"\"><label>Sz\u00fclet\u00e9si d\u00e1tum<\/label><\/div><div class=\"rminput\"><input type=\"text\" autocomplete=\"off\" readonly=\"1\" name=\"jQueryUIDate_32\" placeholder=\"\u00cdrd be a sz\u00fclet\u00e9si d\u00e1tumod! (nem k\u00f6telez\u0151)\" date_format=\"yy\/mm\/dd\" data-dateformat=\"yy\/mm\/dd\" id=\"form_1_1-element-8\"\/><\/div><\/div><div class=\"rmrow\"><div class=\"rmfield\" for=\"rm_mobile_4_1_1\" style=\"\"><label>Mobiltelefon sz\u00e1m<sup class=\"required\">&nbsp;*<\/sup><\/label><\/div><div class=\"rminput\"><input type=\"text\" name=\"Mobile_4\" required rm_textbox=\"User Input\" id=\"rm_mobile_4_1_1\" data-error-message=\"\u00c9rv\u00e9nytelen a sz\u00e1mform\u00e1tum.\" data-mobile-intel-field=\"1\"\/><\/div><\/div><div class=\"rmrow\"><div class=\"rmfield\" for=\"rm_reg_form_pw_1_1\" style=\"\"><label>Jelsz\u00f3<sup class=\"required\">&nbsp;*<\/sup><\/label><\/div><div class=\"rminput\"><input type=\"password\" name=\"pwd\" placeholder=\"Jelsz\u00f3 (min. 7 karakter)\" class=\"rm_form_default_fields\" required id=\"rm_reg_form_pw_1_1\" minlength=\"7\" data-confirmpasspos=\"right\"\/><\/div><div class=\"rmnote\"><div class=\"rmprenote\"><\/div><div class=\"rmnotecontent\">Ide \u00edrd be a k\u00edv\u00e1nt jelszavadat (min. 7 karakter legyen)!<\/div><\/div><\/div><div class=\"rmrow\"><div class=\"rmfield\" for=\"rm_reg_form_pw_reentry\" style=\"\"><label>Jelsz\u00f3 m\u00e9g egyszer<sup class=\"required\">&nbsp;*<\/sup><\/label><\/div><div class=\"rminput\"><input type=\"password\" name=\"password_confirmation\" placeholder=\"Repeat your password\" class=\"rm_form_default_fields\" required id=\"rm_reg_form_pw_reentry\" data-confirmpasspos=\"right\"\/><\/div><div class=\"rmnote\"><div class=\"rmprenote\"><\/div><div class=\"rmnotecontent\">Ide \u00edrd be a k\u00edv\u00e1nt jelszavadat (min. 7 karakter legyen)!<\/div><\/div><\/div><div class=\"rmrow rm_captcha_fieldrow\"><div class=\"rminput\"><pre class=\"rm-pre-wrapper-for-script-tags\"><script type=text\/javascript>if(typeof rm_captcha_site_key === \"undefined\")rm_captcha_site_key=\"6LckRqcUAAAAAMy2wFn-xaEXh51AU3kJlBtoxbgz\";<\/script><\/pre><div style=\"overflow:hidden\" class=\"g-recaptcha\" data-sitekey=\"6LckRqcUAAAAAMy2wFn-xaEXh51AU3kJlBtoxbgz\"><\/div><\/div><\/div><\/fieldset><\/div><div class=\"buttonarea\"><input   type=\"submit\" value=\"Regisztr\u00e1ci\u00f3\" name=\"rm_sb_btn\" id=\"rm_next_form_page_button_1_1\" class=\"rm_next_btn rm-btn rm-btn-primary button button-primary\"\/> <input   type=\"submit\" value=\"Regisztr\u00e1ci\u00f3\" name=\"rm_sb_btn\" class=\"rm_noscript_btn rm-btn rm-btn-primary button button-primary\" id=\"form_1_1-element-16\"\/><\/div><\/fieldset><\/form><pre class=\"rm-pre-wrapper-for-script-tags\"><script type=\"text\/javascript\">jQuery(document).ready(function() {\t\tjQuery(\"#form_1_1\").bind(\"submit\", function(){\n                        \/\/jQuery(this).find(\"input[name=rm_slug]\").attr(\"value\",jQuery(this).find(\"input[name=submit]\").attr(\"value\"));\n\t\t\tjQuery(this).find(\"input[type=submit]\").attr(\"disabled\", \"disabled\"); \n\t\t});            \n                   \n                   jQuery(\"#rm_reg_form_email_1_1\").change(function(){\n                   var data = {\n                           'action': 'rm_user_exists',\n                           'rm_sec_nonce': 'f2604f6860',\n                           'rm_slug': 'rm_user_exists',\n                           'email': jQuery(this).val(),\n                           'attr': 'data-rm-valid-email',\n                           'form_id':\"1\"\n                   };\n                   \n                   rm_user_exists(this,rm_ajax_url,data);\n                  \n                 });\n           jQuery('#form_1_1-element-6').change(function(){\n                var data = {\n                    'action': 'rm_user_exists',\n                    'rm_sec_nonce': 'f2604f6860',\n                    'rm_slug': 'rm_user_exists',\n                    'username': jQuery(this).val(),\n                    'attr': 'data-rm-valid-username',\n                    'form_id': '1'\n                };\n                rm_user_exists(this,rm_ajax_url,data,'This username has already been taken. Please try again with a different username.');\n                });\n                    jQuery(\"#form_1_1-element-8\").datepicker({\n                                        dateFormat:\"yy\/mm\/dd\",\n                                        changeMonth:true,\n                                        changeYear:true,\n                                        yearRange: '1900:+50',\n                                        beforeShow: function(input, inst){\n                                                        if(inst.id === \"form_1_1-element-8\") {\n                                                            jQuery(\"#ui-datepicker-div\").addClass(\"rm_jqui_element\");\n                                                        } else {\n                                                            jQuery(\"#ui-datepicker-div\").removeClass(\"rm_jqui_element\");\n                                                        }\n                                                    }\n                                    });}); <\/script><\/pre>        <noscript>\n            <div class=\"rm-js-disabled\"><b>Note: It looks like JavaScript is disabled in your browser. Some elements of this form may require JavaScript to work properly. If you have trouble submitting the form, try enabling JavaScript momentarily and resubmit. JavaScript settings are usually found in Browser Settings or Browser Developer menu.<\/b><\/div>\n            <style>\n                .rm_next_btn {display:none !important}\n                .rm_noscript_btn {display: block !important}\n            <\/style>\n        <\/noscript>\n    <\/div><\/div><!--\/noptimize--><\/b><\/p>\n\n\n<p><\/p>\n","protected":false},"excerpt":{"rendered":"","protected":false},"author":1,"featured_media":0,"parent":0,"menu_order":0,"comment_status":"closed","ping_status":"closed","template":"","meta":{"_exactmetrics_skip_tracking":false,"_exactmetrics_sitenote_active":false,"_exactmetrics_sitenote_note":"","_exactmetrics_sitenote_category":0,"footnotes":""},"class_list":["post-283","page","type-page","status-publish","hentry"],"_links":{"self":[{"href":"https:\/\/autoinfo.hu\/szvk\/index.php\/wp-json\/wp\/v2\/pages\/283","targetHints":{"allow":["GET"]}}],"collection":[{"href":"https:\/\/autoinfo.hu\/szvk\/index.php\/wp-json\/wp\/v2\/pages"}],"about":[{"href":"https:\/\/autoinfo.hu\/szvk\/index.php\/wp-json\/wp\/v2\/types\/page"}],"author":[{"embeddable":true,"href":"https:\/\/autoinfo.hu\/szvk\/index.php\/wp-json\/wp\/v2\/users\/1"}],"replies":[{"embeddable":true,"href":"https:\/\/autoinfo.hu\/szvk\/index.php\/wp-json\/wp\/v2\/comments?post=283"}],"version-history":[{"count":4,"href":"https:\/\/autoinfo.hu\/szvk\/index.php\/wp-json\/wp\/v2\/pages\/283\/revisions"}],"predecessor-version":[{"id":298,"href":"https:\/\/autoinfo.hu\/szvk\/index.php\/wp-json\/wp\/v2\/pages\/283\/revisions\/298"}],"wp:attachment":[{"href":"https:\/\/autoinfo.hu\/szvk\/index.php\/wp-json\/wp\/v2\/media?parent=283"}],"curies":[{"name":"wp","href":"https:\/\/api.w.org\/{rel}","templated":true}]}}