{"id":19,"date":"2018-04-18T16:34:43","date_gmt":"2018-04-18T16:34:43","guid":{"rendered":"http:\/\/autoinfo.hu\/szvk\/?page_id=19"},"modified":"2018-04-18T16:34:43","modified_gmt":"2018-04-18T16:34:43","slug":"miert-valasszuk","status":"publish","type":"page","link":"https:\/\/autoinfo.hu\/szvk\/index.php\/miert-valasszuk\/","title":{"rendered":"Mi\u00e9rt v\u00e1lasszuk?"},"content":{"rendered":"<p>R\u00e9g\u00f3ta \u00e9rdekelnek a vitorl\u00e1sok, r\u00e9gi vagy korunkbeli az nem sz\u00e1m\u00edt, csak vitorl\u00e1s legyen. Szeretem a vizet \u00e9s leny\u0171g\u00f6z az a tudat, hogy sz\u00e1razf\u00f6ldi teremtm\u00e9nyekk\u00e9nt v\u00edzre sz\u00e1llunk egy tekn\u0151ben, amire fel vannak h\u00fazva a nagymama v\u00e1szonjai egy \u00e1rbocra \u00e9s a sz\u00e9l erej\u00e9vel haladunk kit\u00e9ve magunkat \u00e9s a haj\u00f3t a term\u00e9szet viszontaks\u00e1gainak.<\/p>\n<p>Ezen a kurzuson a jelentkez\u0151knek lehet\u0151s\u00e9g\u00fck van bepattanni egy igazi vitorl\u00e1s haj\u00f3ba \u00e9s akci\u00f3 k\u00f6zben elsaj\u00e1t\u00edtani a haj\u00f3 k\u00f6t\u00e9lzet\u00e9nek kezel\u00e9s\u00e9t. Az oktat\u00e1s term\u00e9szetesen az alapokkal kezd\u0151dik, melyeket sz\u00e1razf\u00f6ld\u00f6n saj\u00e1t\u00edtunk el, mint p\u00e9ld\u00e1ul csom\u00f3k, k\u00f6t\u00e9lrend, haj\u00f3 r\u00e9szei, haj\u00f3 felk\u00e9sz\u00edt\u00e9se, stb. Mindezekre nagyon oda kell figyelni \u00e9s esetleg egyik k\u00e9zzel jegyzetelni, m\u00edg a m\u00e1sikkal csom\u00f3zik az ember, mert ezek rendk\u00edv\u00fcl fontos dolgok, ha valaki hamar meg szeretn\u00e9 tanulni a vitorl\u00e1s kezel\u00e9s\u00e9t. \u00c9rdemes odafigyelni az oktat\u00f3ra, mert nagyon \u00e9rti a dolg\u00e1t, viszont nem szereti ism\u00e9telgetni mag\u00e1t, de h\u00e1t ez legyen a legnagyobb bajunk, nem igaz?<\/p>\n<p>\u00c9n az \u0151szi f\u00e9l\u00e9vben j\u00e1rtam erre a kurzusra \u00e9s az elej\u00e9n, mikor ki tudtunk menni, akkor v\u00edzre is sz\u00e1lltunk, amint tehett\u00fck, ez\u00e9rt az elm\u00e9leti oktat\u00e1sra kevesebb id\u0151 jutott, de v\u00e9g\u00fcl is a gyakorlatban is meg lehet tanulni mindent sz\u00e9pen, csak az embernek eleinte kicsit lassan bootol a rendszer a fej\u00e9ben. A tavaszi f\u00e9l\u00e9vben nyilv\u00e1n az elej\u00e9n lenne az elm\u00e9leti oktat\u00e1s r\u00e9sze \u00e9s csak a jobb id\u0151 bek\u00f6sz\u00f6nt\u00e9vel sz\u00e1lln\u00e1nak a hallgat\u00f3k v\u00edzre. Feltehet\u0151leg jobb az, ha az ember el\u0151sz\u00f6r megismeri elm\u00e9letben a dolgokat, de ez az \u00e9n v\u00e9lem\u00e9nyem. Az, hogy melyik f\u00e9l\u00e9vben \u00e9rdemes felvenni \u00e9s kinek mi a jobb tanul\u00e1si id\u0151szak azt d\u00f6ntse el mindenki maga. Hatalmas \u00e9lm\u00e9ny els\u0151nek besz\u00e1llni a haj\u00f3ba \u00e9s megtapasztalni, hogy milyen is vitorl\u00e1zni, milyen az, mikor a vitorl\u00e1ba kap a sz\u00e9l \u00e9s megindul a haj\u00f3. Semmihez sem foghat\u00f3 \u00e9lm\u00e9ny volt sz\u00e1momra, amit fokozott a h\u00e9tr\u0151l h\u00e9tre gyarapod\u00f3 tud\u00e1s, \u00edgy mindig jobban \u00e9s jobban tudtuk kezelni a haj\u00f3t.<\/p>\n<p>Mindent \u00f6sszevetve egy izgalmas \u00e9s \u00e9rdekes kurzus, ahol egy nem \u00e9pp h\u00e9tk\u00f6znapi, s\u0151t tov\u00e1bb megyek, egy men\u0151 dologgal tal\u00e1lkozhatnak a hallgat\u00f3k. Na j\u00f3 szelet minden kedves ide l\u00e1togat\u00f3nak!<\/p>\n<p>Keresztes Mil\u00e1n D\u00e1vid<br \/>\nk\u00e9palkot\u00e1s<\/p>\n<p><iframe loading=\"lazy\" title=\"szte vtk 20170413 2 470 c sh\" width=\"625\" height=\"352\" src=\"https:\/\/www.youtube.com\/embed\/FRyCZMrtW90?feature=oembed\" frameborder=\"0\" allow=\"accelerometer; autoplay; clipboard-write; encrypted-media; gyroscope; picture-in-picture; web-share\" referrerpolicy=\"strict-origin-when-cross-origin\" allowfullscreen><\/iframe><\/p>\n","protected":false},"excerpt":{"rendered":"<p>R\u00e9g\u00f3ta \u00e9rdekelnek a vitorl\u00e1sok, r\u00e9gi vagy korunkbeli az nem sz\u00e1m\u00edt, csak vitorl\u00e1s legyen. Szeretem a vizet \u00e9s leny\u0171g\u00f6z az a tudat, hogy sz\u00e1razf\u00f6ldi teremtm\u00e9nyekk\u00e9nt v\u00edzre sz\u00e1llunk egy tekn\u0151ben, amire fel vannak h\u00fazva a nagymama v\u00e1szonjai egy \u00e1rbocra \u00e9s a sz\u00e9l erej\u00e9vel haladunk kit\u00e9ve magunkat \u00e9s a haj\u00f3t a term\u00e9szet viszontaks\u00e1gainak. Ezen a kurzuson a jelentkez\u0151knek [&hellip;]<\/p>\n","protected":false},"author":1,"featured_media":0,"parent":0,"menu_order":0,"comment_status":"closed","ping_status":"closed","template":"","meta":{"_exactmetrics_skip_tracking":false,"_exactmetrics_sitenote_active":false,"_exactmetrics_sitenote_note":"","_exactmetrics_sitenote_category":0,"footnotes":""},"class_list":["post-19","page","type-page","status-publish","hentry"],"_links":{"self":[{"href":"https:\/\/autoinfo.hu\/szvk\/index.php\/wp-json\/wp\/v2\/pages\/19","targetHints":{"allow":["GET"]}}],"collection":[{"href":"https:\/\/autoinfo.hu\/szvk\/index.php\/wp-json\/wp\/v2\/pages"}],"about":[{"href":"https:\/\/autoinfo.hu\/szvk\/index.php\/wp-json\/wp\/v2\/types\/page"}],"author":[{"embeddable":true,"href":"https:\/\/autoinfo.hu\/szvk\/index.php\/wp-json\/wp\/v2\/users\/1"}],"replies":[{"embeddable":true,"href":"https:\/\/autoinfo.hu\/szvk\/index.php\/wp-json\/wp\/v2\/comments?post=19"}],"version-history":[{"count":1,"href":"https:\/\/autoinfo.hu\/szvk\/index.php\/wp-json\/wp\/v2\/pages\/19\/revisions"}],"predecessor-version":[{"id":20,"href":"https:\/\/autoinfo.hu\/szvk\/index.php\/wp-json\/wp\/v2\/pages\/19\/revisions\/20"}],"wp:attachment":[{"href":"https:\/\/autoinfo.hu\/szvk\/index.php\/wp-json\/wp\/v2\/media?parent=19"}],"curies":[{"name":"wp","href":"https:\/\/api.w.org\/{rel}","templated":true}]}}