{"id":1786,"date":"2026-05-14T10:58:53","date_gmt":"2026-05-14T09:58:53","guid":{"rendered":"https:\/\/autoinfo.hu\/szvk\/?page_id=1786"},"modified":"2026-05-14T11:01:53","modified_gmt":"2026-05-14T10:01:53","slug":"vizsgadij-es-okmanykiadasi-dij-atutalas-tengeri-iv-osztalyu-kishajos-kepzes","status":"publish","type":"page","link":"https:\/\/autoinfo.hu\/szvk\/index.php\/vizsgadij-es-okmanykiadasi-dij-atutalas-tengeri-iv-osztalyu-kishajos-kepzes\/","title":{"rendered":"Vizsgad\u00edj \u00e9s okm\u00e1nykiad\u00e1si d\u00edj \u00e1tutal\u00e1s"},"content":{"rendered":"<p>Tengeri IV. oszt\u00e1ly\u00fa kishaj\u00f3s k\u00e9pz\u00e9s<\/p>\n<table>\n<tbody>\n<tr>\n<td style=\"vertical-align: top;\">Kedvezm\u00e9nyezett neve:<\/td>\n<td style=\"font-weight: bold;\">KAV K\u00f6zleked\u00e9si Alkalmass\u00e1gi \u00e9s Vizsgak\u00f6zpont Nonprofit Kft.<br \/>\nHAJ\u00d3Z\u00c1SI VIZSGAK\u00d6ZPONT<\/td>\n<\/tr>\n<tr>\n<td style=\"vertical-align: top;\">Kedvezm\u00e9nyezett bank:<\/td>\n<td style=\"font-weight: bold;\">OTP Bank Nyrt.<\/td>\n<\/tr>\n<tr>\n<td style=\"vertical-align: top;\">Kedvezm\u00e9nyezett sz\u00e1mlasz\u00e1ma:<\/td>\n<td style=\"font-weight: bold;\">11711003-21463062-00000000<\/td>\n<\/tr>\n<tr>\n<td style=\"vertical-align: top;\">IBAN:<\/td>\n<td style=\"font-weight: bold;\">HU68 11711003-21463062-00000000<\/td>\n<\/tr>\n<tr>\n<td style=\"vertical-align: top;\">K\u00f6zlem\u00e9ny rovat:<\/td>\n<td><b>1. utal\u00e1s:<br \/>\n<\/b><b>Teljes n\u00e9v, sz\u00fclet\u00e9si d\u00e1tum,<\/b> kishaj\u00f3s vizsgad\u00edj<b>2. utal\u00e1s:<br \/>\nTeljes n\u00e9v, sz\u00fclet\u00e9si d\u00e1tum,<\/b>\u00a0okm\u00e1nykiad\u00e1s d\u00edja<\/td>\n<\/tr>\n<\/tbody>\n<\/table>\n","protected":false},"excerpt":{"rendered":"<p>Tengeri IV. oszt\u00e1ly\u00fa kishaj\u00f3s k\u00e9pz\u00e9s Kedvezm\u00e9nyezett neve: KAV K\u00f6zleked\u00e9si Alkalmass\u00e1gi \u00e9s Vizsgak\u00f6zpont Nonprofit Kft. HAJ\u00d3Z\u00c1SI VIZSGAK\u00d6ZPONT Kedvezm\u00e9nyezett bank: OTP Bank Nyrt. Kedvezm\u00e9nyezett sz\u00e1mlasz\u00e1ma: 11711003-21463062-00000000 IBAN: HU68 11711003-21463062-00000000 K\u00f6zlem\u00e9ny rovat: 1. utal\u00e1s: Teljes n\u00e9v, sz\u00fclet\u00e9si d\u00e1tum, kishaj\u00f3s vizsgad\u00edj2. utal\u00e1s: Teljes n\u00e9v, sz\u00fclet\u00e9si d\u00e1tum,\u00a0okm\u00e1nykiad\u00e1s d\u00edja<\/p>\n","protected":false},"author":3925,"featured_media":0,"parent":0,"menu_order":0,"comment_status":"closed","ping_status":"closed","template":"","meta":{"_exactmetrics_skip_tracking":false,"_exactmetrics_sitenote_active":false,"_exactmetrics_sitenote_note":"","_exactmetrics_sitenote_category":0,"footnotes":""},"class_list":["post-1786","page","type-page","status-publish","hentry"],"_links":{"self":[{"href":"https:\/\/autoinfo.hu\/szvk\/index.php\/wp-json\/wp\/v2\/pages\/1786","targetHints":{"allow":["GET"]}}],"collection":[{"href":"https:\/\/autoinfo.hu\/szvk\/index.php\/wp-json\/wp\/v2\/pages"}],"about":[{"href":"https:\/\/autoinfo.hu\/szvk\/index.php\/wp-json\/wp\/v2\/types\/page"}],"author":[{"embeddable":true,"href":"https:\/\/autoinfo.hu\/szvk\/index.php\/wp-json\/wp\/v2\/users\/3925"}],"replies":[{"embeddable":true,"href":"https:\/\/autoinfo.hu\/szvk\/index.php\/wp-json\/wp\/v2\/comments?post=1786"}],"version-history":[{"count":4,"href":"https:\/\/autoinfo.hu\/szvk\/index.php\/wp-json\/wp\/v2\/pages\/1786\/revisions"}],"predecessor-version":[{"id":1792,"href":"https:\/\/autoinfo.hu\/szvk\/index.php\/wp-json\/wp\/v2\/pages\/1786\/revisions\/1792"}],"wp:attachment":[{"href":"https:\/\/autoinfo.hu\/szvk\/index.php\/wp-json\/wp\/v2\/media?parent=1786"}],"curies":[{"name":"wp","href":"https:\/\/api.w.org\/{rel}","templated":true}]}}