{"id":1775,"date":"2026-05-14T10:33:44","date_gmt":"2026-05-14T09:33:44","guid":{"rendered":"https:\/\/autoinfo.hu\/szvk\/?page_id=1775"},"modified":"2026-05-14T10:33:44","modified_gmt":"2026-05-14T09:33:44","slug":"kishajos-elmeleti-vizsgara-jelentkezes","status":"publish","type":"page","link":"https:\/\/autoinfo.hu\/szvk\/index.php\/kishajos-elmeleti-vizsgara-jelentkezes\/","title":{"rendered":"Kishaj\u00f3s elm\u00e9leti vizsg\u00e1ra jelentkez\u00e9s"},"content":{"rendered":"<p>A kishaj\u00f3s elm\u00e9leti vizsga tervezett d\u00e1tuma Szegeden minden p\u00e1ratlan h\u00e9t kedd.<\/p>\n<p>S\u00dcRG\u0150S VISSZAJELZ\u00c9ST K\u00c9REK E-MAILBEN, HOGY EZEN A NAPON SZERETN\u00c9L-E VIZSG\u00c1ZNI?<br \/>\nIGEN VAGY NEM?<\/p>\n<p>JELENTKEZ\u00c9SI HAT\u00c1RID\u0150 LEGK\u00c9S\u0150BB A TERVEZETT VIZSGAID\u0150PONT EL\u0150TT 5 MUNKANAPPAL 18:00 \u00d3RA.<\/p>\n<p>A jelentkez\u00e9seket a visszajelz\u00e9sek sorrendj\u00e9ben a m\u00e9g szabad vizsgahelyek f\u00fcggv\u00e9ny\u00e9ben tov\u00e1bb\u00edtom a Tisztelt KAVK fel\u00e9, ez\u00e9rt S\u00dcRG\u0150S visszajelz\u00e9st k\u00e9rek!<br \/>\nA vizsgaid\u0151pontot a t\u00e9nylegesen be\u00e9rkezett \u00e9s elfogadott jelentkez\u00e9sek alapj\u00e1n az adott napon bel\u00fcl a Tisztelt KAVK m\u00f3dos\u00edthatja!<\/p>\n<p>A vizsg\u00e1ra jelentkez\u00e9s el\u0151felt\u00e9tele, hogy<br \/>\na vizsg\u00e1ra jelentkez\u00e9shez sz\u00fcks\u00e9ges mell\u00e9kletek<br \/>\nhi\u00e1nytalanul rendelkez\u00e9semre \u00e1lljanak.<\/p>\n<p>K\u00e9rem a tisztelt vizsg\u00e1z\u00f3kat:<br \/>\n&#8211; a MEG\u00c1LLAPOD\u00c1ST sz\u00e1m\u00edt\u00f3g\u00e9ppel kit\u00f6ltve *.doc \u00e9s al\u00e1\u00edrva *.jpg form\u00e1tumban is sz\u00edveskedjetek visszak\u00fcldeni!<\/p>\n<p>&#8211; az elm\u00e9leti vizsg\u00e1ra jelentkez\u00e9shez sz\u00fcks\u00e9ges, m\u00e9g hi\u00e1nyz\u00f3 bizonylatokat<br \/>\nk\u00fcldj\u00e9tek el E-mailben lehet\u0151leg ne v\u00e1laszk\u00e9nt, hanem szem\u00e9lyenk\u00e9nt k\u00fcl\u00f6n E-mailbe csoportos\u00edtva a kipper@kipper.hu E-mail c\u00edmemre!<\/p>\n<p>1. Meg\u00e1llapod\u00e1s *.doc \u00e9s *.jpg<br \/>\n2. Orvosi alkalmass\u00e1gi igazol\u00e1s *.jpg<br \/>\n3. Nyilatkozat \u00faszni tud\u00e1sr\u00f3l (al\u00e1\u00edrva, szkennelve, vagy fot\u00f3zva!) *.jpg<br \/>\n4. Szem\u00e9lyigazolv\u00e1ny \u00e9s lakc\u00edmk\u00e1rtya (mindk\u00e9t oldal\u00e1t) *.jpg<br \/>\n5. Legmagasabb iskolai v\u00e9gzetts\u00e9g igazol\u00e1sa (min. 8 \u00e1ltal\u00e1nos) *.jpg<br \/>\n6. Vizsgad\u00edjak \u00e1tutal\u00e1sa a KAVK r\u00e9sz\u00e9re ( 1. utal\u00e1s ) *.jpg<\/p>\n<p>&nbsp;<\/p>\n<p>A mell\u00e9kletek bek\u00fcld\u00e9si hat\u00e1rideje: A TERVEZETT VIZSGAID\u0150PONT EL\u0150TT 5 MUNKANAPPAL 20:00 \u00d3RA.<\/p>\n<p>Az eredm\u00e9nyes gyakorlati vizsga ut\u00e1n, a vizsga helysz\u00edn\u00e9n, az okm\u00e1nykiad\u00e1si k\u00e9relem beny\u00fajt\u00e1sakor kell a vizsgabiztosnak leadni az al\u00e1bbiakat:<\/p>\n<p>7. Az orvosi alkalmass\u00e1gi igazol\u00e1s eredeti p\u00e9ld\u00e1ny\u00e1t.<br \/>\n8. 2 db 35&#215;45 mm-es szabv\u00e1nyos sz\u00ednes igazolv\u00e1nyk\u00e9pet feh\u00e9r h\u00e1tt\u00e9rrel<br \/>\n9. Az okm\u00e1nykiad\u00e1si k\u00e9relem d\u00edj\u00e1nak a KAVK r\u00e9sz\u00e9re t\u00f6rt\u00e9n\u0151<br \/>\n\u00e1tutal\u00e1s\u00e1r\u00f3l igazol\u00e1st. ( 16.100,- Ft )<\/p>\n<p>A TANFOLYAMD\u00cdJ a k\u00e9pz\u00e9si igazol\u00e1s ki\u00e1ll\u00edt\u00e1sakor v\u00e1lik esed\u00e9kess\u00e9.<br \/>\nK\u00e9rem az \u00f6sszeget szem\u00e9lyes tal\u00e1lkoz\u00e1skor k\u00e9szp\u00e9nzben befizetni vagy az<br \/>\nAUTOINFO HUNGARY EC MBH 10300002-28515139-00003285 banksz\u00e1ml\u00e1j\u00e1ra \u00e1tutalni!<\/p>\n<p>Az \u00e1ltalam elv\u00e9gzett eHivatali regisztr\u00e1ci\u00f3r\u00f3l rendszer\u00fczenetet kapsz.<br \/>\nA vizsg\u00e1ra jelentkez\u00e9s beny\u00fajt\u00e1s\u00e1r\u00f3l \u00faj rendszer\u00fczenetet kapsz.<br \/>\nIsm\u00e9t \u00fczenetet kell, hogy kapj\u00e1l amennyiben a Tisztelt Hat\u00f3s\u00e1g a vizsg\u00e1ra jelentkez\u00e9sedet &#8211; a mell\u00e9kletek ellen\u0151rz\u00e9se ut\u00e1n &#8211; elfogadja. Az abban foglaltak szerinti id\u0151pontban vizsg\u00e1zhatsz. (Ez elt\u00e9rhet az ig\u00e9nyeltt\u0151l \u00e9s ak\u00e1r k\u00e9s\u0151bb is m\u00f3dosulhat!)<\/p>\n<p>ELS\u0150, P\u00d3T, KOR\u00c1BBAN ELUTAS\u00cdTOTT, VAGY HALASZTOTT VIZSGA ESET\u00c9N IS K\u00c9REK EGY MEGER\u0150S\u00cdT\u00c9ST A FENTI NAPON T\u00d6RT\u00c9N\u0150 VIZSG\u00c1Z\u00c1SI SZ\u00c1ND\u00c9KODR\u00d3L!<\/p>\n<p>Kor\u00e1bbi vizsg\u00e1r\u00f3l t\u00f6rt\u00e9n\u0151 t\u00e1volmarad\u00e1s eset\u00e9n az orvosi igazol\u00e1st k\u00e9rem E-mailben mell\u00e9kelni!<br \/>\nKor\u00e1bbi vizsg\u00e1r\u00f3l t\u00f6rt\u00e9n\u0151 igazolatlan t\u00e1volmarad\u00e1s eset\u00e9n a teljes elm\u00e9leti vizsgad\u00edjat ism\u00e9telten \u00e1t kell utalni a KAVK sz\u00e1ml\u00e1j\u00e1ra \u00e9s a banksz\u00e1mlakivonat m\u00e1solat\u00e1t a vizsg\u00e1ra jelentkez\u00e9shez E-mailben mell\u00e9kelni kell.<br \/>\nJav\u00edt\u00f3 elm\u00e9leti vizsga eset\u00e9n t\u00e9mak\u00f6r\u00f6nk\u00e9nt 10 800 Ft elm\u00e9leti vizsgad\u00edjat k\u00e9rem a KAVK sz\u00e1ml\u00e1j\u00e1ra \u00e1tutalni \u00e9s a banksz\u00e1mlakivonat m\u00e1solat\u00e1t E-mailben mell\u00e9kelni kell!<\/p>\n<p>Kipper Gy\u00f6rgy<br \/>\n+3630 978-6313<\/p>\n","protected":false},"excerpt":{"rendered":"<p>A kishaj\u00f3s elm\u00e9leti vizsga tervezett d\u00e1tuma Szegeden minden p\u00e1ratlan h\u00e9t kedd. S\u00dcRG\u0150S VISSZAJELZ\u00c9ST K\u00c9REK E-MAILBEN, HOGY EZEN A NAPON SZERETN\u00c9L-E VIZSG\u00c1ZNI? IGEN VAGY NEM? JELENTKEZ\u00c9SI HAT\u00c1RID\u0150 LEGK\u00c9S\u0150BB A TERVEZETT VIZSGAID\u0150PONT EL\u0150TT 5 MUNKANAPPAL 18:00 \u00d3RA. A jelentkez\u00e9seket a visszajelz\u00e9sek sorrendj\u00e9ben a m\u00e9g szabad vizsgahelyek f\u00fcggv\u00e9ny\u00e9ben tov\u00e1bb\u00edtom a Tisztelt KAVK fel\u00e9, ez\u00e9rt S\u00dcRG\u0150S visszajelz\u00e9st k\u00e9rek! A [&hellip;]<\/p>\n","protected":false},"author":3925,"featured_media":0,"parent":0,"menu_order":0,"comment_status":"closed","ping_status":"closed","template":"","meta":{"_exactmetrics_skip_tracking":false,"_exactmetrics_sitenote_active":false,"_exactmetrics_sitenote_note":"","_exactmetrics_sitenote_category":0,"footnotes":""},"class_list":["post-1775","page","type-page","status-publish","hentry"],"_links":{"self":[{"href":"https:\/\/autoinfo.hu\/szvk\/index.php\/wp-json\/wp\/v2\/pages\/1775","targetHints":{"allow":["GET"]}}],"collection":[{"href":"https:\/\/autoinfo.hu\/szvk\/index.php\/wp-json\/wp\/v2\/pages"}],"about":[{"href":"https:\/\/autoinfo.hu\/szvk\/index.php\/wp-json\/wp\/v2\/types\/page"}],"author":[{"embeddable":true,"href":"https:\/\/autoinfo.hu\/szvk\/index.php\/wp-json\/wp\/v2\/users\/3925"}],"replies":[{"embeddable":true,"href":"https:\/\/autoinfo.hu\/szvk\/index.php\/wp-json\/wp\/v2\/comments?post=1775"}],"version-history":[{"count":1,"href":"https:\/\/autoinfo.hu\/szvk\/index.php\/wp-json\/wp\/v2\/pages\/1775\/revisions"}],"predecessor-version":[{"id":1776,"href":"https:\/\/autoinfo.hu\/szvk\/index.php\/wp-json\/wp\/v2\/pages\/1775\/revisions\/1776"}],"wp:attachment":[{"href":"https:\/\/autoinfo.hu\/szvk\/index.php\/wp-json\/wp\/v2\/media?parent=1775"}],"curies":[{"name":"wp","href":"https:\/\/api.w.org\/{rel}","templated":true}]}}