{"id":1760,"date":"2026-05-14T09:25:43","date_gmt":"2026-05-14T08:25:43","guid":{"rendered":"https:\/\/autoinfo.hu\/szvk\/?page_id=1760"},"modified":"2026-05-14T09:37:14","modified_gmt":"2026-05-14T08:37:14","slug":"tanfolyam-es-vizsgadij-fizetes-hajoskonyv","status":"publish","type":"page","link":"https:\/\/autoinfo.hu\/szvk\/index.php\/tanfolyam-es-vizsgadij-fizetes-hajoskonyv\/","title":{"rendered":"Tanfolyam \u00e9s vizsgad\u00edj fizet\u00e9s &#8211; Haj\u00f3sk\u00f6nyv"},"content":{"rendered":"<p>A Meg\u00e1llapod\u00e1s szerint a tanfolyam d\u00edj fizet\u00e9s a k\u00e9pz\u00e9s igazol\u00e1s kiad\u00e1sakor esed\u00e9kess\u00e9 v\u00e1lik.<br \/>\nA k\u00e9pz\u00e9s igazol\u00e1st az elm\u00e9leti illetve a gyakorlati vizsga el\u0151tti napon \u00e1ll\u00edtom ki.<br \/>\nA tanfolyamd\u00edj fizet\u00e9se t\u00f6rt\u00e9nhet k\u00e9szp\u00e9nzben, vagy banki \u00e1tutal\u00e1ssal.<\/p>\n<table>\n<tbody>\n<tr>\n<td style=\"vertical-align: top;\">Kedvezm\u00e9nyezett neve:<\/td>\n<td style=\"font-weight: bold;\">AUTOINFO HUNGARY EC<\/td>\n<\/tr>\n<tr>\n<td style=\"vertical-align: top;\">Kedvezm\u00e9nyezett bank:<\/td>\n<td style=\"font-weight: bold;\">MKB BANK<\/td>\n<\/tr>\n<tr>\n<td style=\"vertical-align: top;\">Kedvezm\u00e9nyezett sz\u00e1mlasz\u00e1ma:<\/td>\n<td style=\"font-weight: bold;\">10300002-28515139-00003285<\/td>\n<\/tr>\n<tr>\n<td style=\"vertical-align: top;\">IBAN:<\/td>\n<td style=\"font-weight: bold;\">HU40 10300002-28515139-00003285<\/td>\n<\/tr>\n<tr>\n<td style=\"vertical-align: top;\">K\u00f6zlem\u00e9ny rovat:<\/td>\n<td><strong>A vizsg\u00e1z\u00f3 teljes neve, sz\u00fclet\u00e9si d\u00e1tuma<\/strong><\/td>\n<\/tr>\n<\/tbody>\n<\/table>\n<p>&nbsp;<\/p>\n<table style=\"max-width: 500px;\">\n<tbody>\n<tr>\n<td style=\"vertical-align: top;\">Tanfolyam- \u00e9s vizsgad\u00edj:<\/td>\n<td style=\"text-align: right;\">70 000 Ft<\/td>\n<\/tr>\n<tr>\n<td style=\"vertical-align: top;\"><\/td>\n<td style=\"text-align: right; vertical-align: bottom;\"><\/td>\n<\/tr>\n<tr>\n<td style=\"vertical-align: top; font-weight: bold;\"><\/td>\n<td style=\"text-align: right; font-weight: bold;\"><\/td>\n<\/tr>\n<\/tbody>\n<\/table>\n","protected":false},"excerpt":{"rendered":"<p>A Meg\u00e1llapod\u00e1s szerint a tanfolyam d\u00edj fizet\u00e9s a k\u00e9pz\u00e9s igazol\u00e1s kiad\u00e1sakor esed\u00e9kess\u00e9 v\u00e1lik. A k\u00e9pz\u00e9s igazol\u00e1st az elm\u00e9leti illetve a gyakorlati vizsga el\u0151tti napon \u00e1ll\u00edtom ki. A tanfolyamd\u00edj fizet\u00e9se t\u00f6rt\u00e9nhet k\u00e9szp\u00e9nzben, vagy banki \u00e1tutal\u00e1ssal. Kedvezm\u00e9nyezett neve: AUTOINFO HUNGARY EC Kedvezm\u00e9nyezett bank: MKB BANK Kedvezm\u00e9nyezett sz\u00e1mlasz\u00e1ma: 10300002-28515139-00003285 IBAN: HU40 10300002-28515139-00003285 K\u00f6zlem\u00e9ny rovat: A vizsg\u00e1z\u00f3 teljes neve, [&hellip;]<\/p>\n","protected":false},"author":3925,"featured_media":0,"parent":0,"menu_order":0,"comment_status":"closed","ping_status":"closed","template":"","meta":{"_exactmetrics_skip_tracking":false,"_exactmetrics_sitenote_active":false,"_exactmetrics_sitenote_note":"","_exactmetrics_sitenote_category":0,"footnotes":""},"class_list":["post-1760","page","type-page","status-publish","hentry"],"_links":{"self":[{"href":"https:\/\/autoinfo.hu\/szvk\/index.php\/wp-json\/wp\/v2\/pages\/1760","targetHints":{"allow":["GET"]}}],"collection":[{"href":"https:\/\/autoinfo.hu\/szvk\/index.php\/wp-json\/wp\/v2\/pages"}],"about":[{"href":"https:\/\/autoinfo.hu\/szvk\/index.php\/wp-json\/wp\/v2\/types\/page"}],"author":[{"embeddable":true,"href":"https:\/\/autoinfo.hu\/szvk\/index.php\/wp-json\/wp\/v2\/users\/3925"}],"replies":[{"embeddable":true,"href":"https:\/\/autoinfo.hu\/szvk\/index.php\/wp-json\/wp\/v2\/comments?post=1760"}],"version-history":[{"count":5,"href":"https:\/\/autoinfo.hu\/szvk\/index.php\/wp-json\/wp\/v2\/pages\/1760\/revisions"}],"predecessor-version":[{"id":1768,"href":"https:\/\/autoinfo.hu\/szvk\/index.php\/wp-json\/wp\/v2\/pages\/1760\/revisions\/1768"}],"wp:attachment":[{"href":"https:\/\/autoinfo.hu\/szvk\/index.php\/wp-json\/wp\/v2\/media?parent=1760"}],"curies":[{"name":"wp","href":"https:\/\/api.w.org\/{rel}","templated":true}]}}