{"id":1448,"date":"2024-11-21T17:21:45","date_gmt":"2024-11-21T16:21:45","guid":{"rendered":"https:\/\/autoinfo.hu\/szvk\/?page_id=1448"},"modified":"2024-11-21T17:21:45","modified_gmt":"2024-11-21T16:21:45","slug":"tengeri-iv-osztalyu-kishajos-orvosi-alkalmassag","status":"publish","type":"page","link":"https:\/\/autoinfo.hu\/szvk\/index.php\/tengeri-iv-osztalyu-kishajos-orvosi-alkalmassag\/","title":{"rendered":"Tengeri IV. oszt\u00e1ly\u00fa kishaj\u00f3s orvosi alkalmass\u00e1g"},"content":{"rendered":"<p>A vizsg\u00e1ra bocs\u00e1t\u00e1s \u00e9s a k\u00e9pes\u00edt\u00e9s megszerz\u00e9s\u00e9nek egyik felt\u00e9tele a\u00a0<a href=\"http:\/\/vizsgakozpont.hu\/hajozas\/vizsgalatra-jogosult-orvosok-listaja\">tenger\u00e9sz-orvosi vizsg\u00e1latokra jogosult orvos<\/a>, vagy a g\u00e9pj\u00e1rm\u0171-vezet\u0151i eg\u00e9szs\u00e9gi alkalmass\u00e1g vizsg\u00e1lat\u00e1ra jogosult orvos \u00e1ltal ki\u00e1ll\u00edtott eg\u00e9szs\u00e9gi alkalmass\u00e1got bizony\u00edt\u00f3 igazol\u00e1s bemutat\u00e1sa. Az ehhez sz\u00fcks\u00e9ges nyomtatv\u00e1nyt itt lehet let\u00f6lteni:<\/p>\n<p><a href=\"https:\/\/autoinfo.hu\/szvk\/wp-content\/uploads\/2024\/11\/orvosi_igazolas_kedvtelesi_celu_okmany_kiallitashoz_2024_b_t.xlsx\">Eg\u00e9szs\u00e9g\u00fcgyi alkalmass\u00e1gi igazol\u00e1s<\/a><\/p>\n","protected":false},"excerpt":{"rendered":"<p>A vizsg\u00e1ra bocs\u00e1t\u00e1s \u00e9s a k\u00e9pes\u00edt\u00e9s megszerz\u00e9s\u00e9nek egyik felt\u00e9tele a\u00a0tenger\u00e9sz-orvosi vizsg\u00e1latokra jogosult orvos, vagy a g\u00e9pj\u00e1rm\u0171-vezet\u0151i eg\u00e9szs\u00e9gi alkalmass\u00e1g vizsg\u00e1lat\u00e1ra jogosult orvos \u00e1ltal ki\u00e1ll\u00edtott eg\u00e9szs\u00e9gi alkalmass\u00e1got bizony\u00edt\u00f3 igazol\u00e1s bemutat\u00e1sa. Az ehhez sz\u00fcks\u00e9ges nyomtatv\u00e1nyt itt lehet let\u00f6lteni: Eg\u00e9szs\u00e9g\u00fcgyi alkalmass\u00e1gi igazol\u00e1s<\/p>\n","protected":false},"author":1,"featured_media":0,"parent":0,"menu_order":0,"comment_status":"closed","ping_status":"closed","template":"","meta":{"_exactmetrics_skip_tracking":false,"_exactmetrics_sitenote_active":false,"_exactmetrics_sitenote_note":"","_exactmetrics_sitenote_category":0,"footnotes":""},"class_list":["post-1448","page","type-page","status-publish","hentry"],"_links":{"self":[{"href":"https:\/\/autoinfo.hu\/szvk\/index.php\/wp-json\/wp\/v2\/pages\/1448","targetHints":{"allow":["GET"]}}],"collection":[{"href":"https:\/\/autoinfo.hu\/szvk\/index.php\/wp-json\/wp\/v2\/pages"}],"about":[{"href":"https:\/\/autoinfo.hu\/szvk\/index.php\/wp-json\/wp\/v2\/types\/page"}],"author":[{"embeddable":true,"href":"https:\/\/autoinfo.hu\/szvk\/index.php\/wp-json\/wp\/v2\/users\/1"}],"replies":[{"embeddable":true,"href":"https:\/\/autoinfo.hu\/szvk\/index.php\/wp-json\/wp\/v2\/comments?post=1448"}],"version-history":[{"count":1,"href":"https:\/\/autoinfo.hu\/szvk\/index.php\/wp-json\/wp\/v2\/pages\/1448\/revisions"}],"predecessor-version":[{"id":1449,"href":"https:\/\/autoinfo.hu\/szvk\/index.php\/wp-json\/wp\/v2\/pages\/1448\/revisions\/1449"}],"wp:attachment":[{"href":"https:\/\/autoinfo.hu\/szvk\/index.php\/wp-json\/wp\/v2\/media?parent=1448"}],"curies":[{"name":"wp","href":"https:\/\/api.w.org\/{rel}","templated":true}]}}