{"id":1386,"date":"2024-10-04T11:33:12","date_gmt":"2024-10-04T10:33:12","guid":{"rendered":"https:\/\/autoinfo.hu\/szvk\/?page_id=1386"},"modified":"2025-03-24T12:07:05","modified_gmt":"2025-03-24T11:07:05","slug":"tengeri-iv-osztalyu-kishajos-kepesites-kivaltasa","status":"publish","type":"page","link":"https:\/\/autoinfo.hu\/szvk\/index.php\/tengeri-iv-osztalyu-kishajos-kepesites-kivaltasa\/","title":{"rendered":"Tengeri IV. oszt\u00e1ly\u00fa kishaj\u00f3s bizony\u00edtv\u00e1ny kiv\u00e1lt\u00e1sa"},"content":{"rendered":"<p>Az okm\u00e1nykiad\u00e1si k\u00e9relem beny\u00fajt\u00e1sa az eredm\u00e9nyes elm\u00e9leti vizsga ut\u00e1n t\u00f6rt\u00e9nhet.<br \/>\nSzegeden a vizsgaeredm\u00e9nyek sz\u00e1m\u00edt\u00f3g\u00e9pre vitele ut\u00e1n, a Keresked\u0151 k\u00f6zben, minden h\u00e9ten kedden,\u00a0 13:00 \u00e9s 15:00 \u00f3ra k\u00f6z\u00f6tt a Korm\u00e1nyablakban van lehet\u0151s\u00e9g a k\u00e9relem beny\u00fajt\u00e1s\u00e1ra.<\/p>\n<p>A k\u00e9relem beny\u00fajt\u00e1s\u00e1hoz igazolni kell az okm\u00e1nykiad\u00e1si k\u00e9relem d\u00edj\u00e1nak ( 16 100 Ft ) \u00e1tutal\u00e1s\u00e1t.<br \/>\nA k\u00e9relemhez mell\u00e9kelni kell kett\u0151 db\u00a0 35&#215;45 mm-es szabv\u00e1nyos sz\u00ednes igazolv\u00e1nyk\u00e9pet.<br \/>\n( a f\u00e9nyk\u00e9pek h\u00e1tulj\u00e1ra k\u00e9rik r\u00e1\u00edrni a nevet \u00e9s a sz\u00fclet\u00e9si d\u00e1tumot )<\/p>\n<p>A k\u00e9relem beny\u00fajt\u00e1s\u00e1t\u00f3l sz\u00e1m\u00edtva a k\u00e1rty\u00e1s okm\u00e1ny legy\u00e1rt\u00e1s\u00e1ra\u00a0 30 nap \u00e1ll rendelkez\u00e9sre.<\/p>\n<p>Norm\u00e1l esetben a k\u00e1rty\u00e1s okm\u00e1ny a k\u00e9relem beny\u00fajt\u00e1s\u00e1t\u00f3l sz\u00e1m\u00edtott\u00a0 2-3 h\u00e9ten bel\u00fcl aj\u00e1nlott k\u00fcldem\u00e9nyk\u00e9nt meg\u00e9rkezik a k\u00e9relemben megadott c\u00edmre.<\/p>\n","protected":false},"excerpt":{"rendered":"<p>Az okm\u00e1nykiad\u00e1si k\u00e9relem beny\u00fajt\u00e1sa az eredm\u00e9nyes elm\u00e9leti vizsga ut\u00e1n t\u00f6rt\u00e9nhet. Szegeden a vizsgaeredm\u00e9nyek sz\u00e1m\u00edt\u00f3g\u00e9pre vitele ut\u00e1n, a Keresked\u0151 k\u00f6zben, minden h\u00e9ten kedden,\u00a0 13:00 \u00e9s 15:00 \u00f3ra k\u00f6z\u00f6tt a Korm\u00e1nyablakban van lehet\u0151s\u00e9g a k\u00e9relem beny\u00fajt\u00e1s\u00e1ra. A k\u00e9relem beny\u00fajt\u00e1s\u00e1hoz igazolni kell az okm\u00e1nykiad\u00e1si k\u00e9relem d\u00edj\u00e1nak ( 16 100 Ft ) \u00e1tutal\u00e1s\u00e1t. A k\u00e9relemhez mell\u00e9kelni kell kett\u0151 db\u00a0 [&hellip;]<\/p>\n","protected":false},"author":1,"featured_media":0,"parent":0,"menu_order":0,"comment_status":"closed","ping_status":"closed","template":"","meta":{"_exactmetrics_skip_tracking":false,"_exactmetrics_sitenote_active":false,"_exactmetrics_sitenote_note":"","_exactmetrics_sitenote_category":0,"footnotes":""},"class_list":["post-1386","page","type-page","status-publish","hentry"],"_links":{"self":[{"href":"https:\/\/autoinfo.hu\/szvk\/index.php\/wp-json\/wp\/v2\/pages\/1386","targetHints":{"allow":["GET"]}}],"collection":[{"href":"https:\/\/autoinfo.hu\/szvk\/index.php\/wp-json\/wp\/v2\/pages"}],"about":[{"href":"https:\/\/autoinfo.hu\/szvk\/index.php\/wp-json\/wp\/v2\/types\/page"}],"author":[{"embeddable":true,"href":"https:\/\/autoinfo.hu\/szvk\/index.php\/wp-json\/wp\/v2\/users\/1"}],"replies":[{"embeddable":true,"href":"https:\/\/autoinfo.hu\/szvk\/index.php\/wp-json\/wp\/v2\/comments?post=1386"}],"version-history":[{"count":5,"href":"https:\/\/autoinfo.hu\/szvk\/index.php\/wp-json\/wp\/v2\/pages\/1386\/revisions"}],"predecessor-version":[{"id":1525,"href":"https:\/\/autoinfo.hu\/szvk\/index.php\/wp-json\/wp\/v2\/pages\/1386\/revisions\/1525"}],"wp:attachment":[{"href":"https:\/\/autoinfo.hu\/szvk\/index.php\/wp-json\/wp\/v2\/media?parent=1386"}],"curies":[{"name":"wp","href":"https:\/\/api.w.org\/{rel}","templated":true}]}}