{"id":1379,"date":"2024-10-04T11:31:46","date_gmt":"2024-10-04T10:31:46","guid":{"rendered":"https:\/\/autoinfo.hu\/szvk\/?page_id=1379"},"modified":"2026-03-03T11:15:59","modified_gmt":"2026-03-03T10:15:59","slug":"tengeri-iv-osztalyu-kishajos-kepzes-megallapodas","status":"publish","type":"page","link":"https:\/\/autoinfo.hu\/szvk\/index.php\/tengeri-iv-osztalyu-kishajos-kepzes-megallapodas\/","title":{"rendered":"Tengeri IV. oszt\u00e1ly\u00fa kishaj\u00f3s k\u00e9pz\u00e9s meg\u00e1llapod\u00e1s"},"content":{"rendered":"<p><strong>\u00a0\u00a0\u00a0\u00a0\u00a0\u00a0\u00a0\u00a0\u00a0\u00a0\u00a0<\/strong><\/p>\n<p><a href=\"https:\/\/autoinfo.hu\/szvk\/wp-content\/uploads\/2026\/03\/megallapodas_tengeri_iv_kishajos_kepzes_2026_01.doc\">Meg\u00e1llapod\u00e1s let\u00f6lt\u00e9se<\/a><\/p>\n","protected":false},"excerpt":{"rendered":"<p>\u00a0\u00a0\u00a0\u00a0\u00a0\u00a0\u00a0\u00a0\u00a0\u00a0\u00a0 Meg\u00e1llapod\u00e1s let\u00f6lt\u00e9se<\/p>\n","protected":false},"author":1,"featured_media":0,"parent":0,"menu_order":0,"comment_status":"closed","ping_status":"closed","template":"","meta":{"_exactmetrics_skip_tracking":false,"_exactmetrics_sitenote_active":false,"_exactmetrics_sitenote_note":"","_exactmetrics_sitenote_category":0,"footnotes":""},"class_list":["post-1379","page","type-page","status-publish","hentry"],"_links":{"self":[{"href":"https:\/\/autoinfo.hu\/szvk\/index.php\/wp-json\/wp\/v2\/pages\/1379","targetHints":{"allow":["GET"]}}],"collection":[{"href":"https:\/\/autoinfo.hu\/szvk\/index.php\/wp-json\/wp\/v2\/pages"}],"about":[{"href":"https:\/\/autoinfo.hu\/szvk\/index.php\/wp-json\/wp\/v2\/types\/page"}],"author":[{"embeddable":true,"href":"https:\/\/autoinfo.hu\/szvk\/index.php\/wp-json\/wp\/v2\/users\/1"}],"replies":[{"embeddable":true,"href":"https:\/\/autoinfo.hu\/szvk\/index.php\/wp-json\/wp\/v2\/comments?post=1379"}],"version-history":[{"count":14,"href":"https:\/\/autoinfo.hu\/szvk\/index.php\/wp-json\/wp\/v2\/pages\/1379\/revisions"}],"predecessor-version":[{"id":1686,"href":"https:\/\/autoinfo.hu\/szvk\/index.php\/wp-json\/wp\/v2\/pages\/1379\/revisions\/1686"}],"wp:attachment":[{"href":"https:\/\/autoinfo.hu\/szvk\/index.php\/wp-json\/wp\/v2\/media?parent=1379"}],"curies":[{"name":"wp","href":"https:\/\/api.w.org\/{rel}","templated":true}]}}