{"id":1377,"date":"2024-10-04T11:31:04","date_gmt":"2024-10-04T10:31:04","guid":{"rendered":"https:\/\/autoinfo.hu\/szvk\/?page_id=1377"},"modified":"2025-03-24T12:04:33","modified_gmt":"2025-03-24T11:04:33","slug":"tengeri-iv-osztalyu-kishajos-kepzes-tajekoztato","status":"publish","type":"page","link":"https:\/\/autoinfo.hu\/szvk\/index.php\/tengeri-iv-osztalyu-kishajos-kepzes-tajekoztato\/","title":{"rendered":"Tengeri IV. oszt\u00e1ly\u00fa kishaj\u00f3s k\u00e9pz\u00e9s t\u00e1j\u00e9koztat\u00f3"},"content":{"rendered":"<p><strong>KEDVTEL\u00c9SI C\u00c9L\u00da IV. OSZT\u00c1LY\u00da <\/strong><strong>TENGERI VITORL\u00c1S \u00c9S KISG\u00c9PHAJ\u00d3 <\/strong><strong>VEZET\u0150 K\u00c9PZ\u00c9S INDUL<\/strong><\/p>\n<p>Az el\u0151ad\u00e1sok t\u00e9m\u00e1i: Navig\u00e1ci\u00f3, t\u00e9rk\u00e9pek, menetszab\u00e1lyok, jelz\u00e9sek, r\u00e1di\u00f3z\u00e1s, v\u00edzb\u0151l ment\u00e9s, t\u0171zolt\u00e1s, meteorol\u00f3gia, k\u00f6rnyezet v\u00e9delem.<br \/>\nAz elm\u00e9leti k\u00e9pz\u00e9s T\u00c1VOKTAT\u00c1SSAL t\u00f6rt\u00e9nik.<br \/>\nA tanfolyam v\u00e9g\u00e9n a r\u00e9sztvev\u0151k a K\u00d6ZLEKED\u00c9SI ALKALMASS\u00c1GI \u00c9S VIZSGAK\u00d6ZPONT sz\u00e1m\u00edt\u00f3g\u00e9pes vizsgaterm\u00e9ben vizsg\u00e1znak. \u00e9s sikeres vizsga eset\u00e9n<\/p>\n<p>kedvtel\u00e9si c\u00e9l\u00fa IV. OSZT\u00c1LY\u00da TENGERI kishaj\u00f3-vezet\u0151 bizony\u00edtv\u00e1nyt kapnak.<\/p>\n<p>A kedvtel\u00e9si c\u00e9l\u00fa IV. oszt\u00e1ly\u00fa tengeri kisg\u00e9phaj\u00f3 \u00e9s vitorl\u00e1s kishaj\u00f3-vezet\u0151i k\u00e9pes\u00edt\u00e9s tengeren, a partt\u00f3l \u00a03 tengeri m\u00e9rf\u00f6ld t\u00e1vols\u00e1gon bel\u00fcl, vagy belv\u00edzen k\u00f6zleked\u0151 kisg\u00e9phaj\u00f3 \u00e9s vitorl\u00e1s kishaj\u00f3 kedvtel\u00e9si c\u00e9lb\u00f3l t\u00f6rt\u00e9n\u0151 vezet\u00e9s\u00e9re jogos\u00edt.<\/p>\n<p>A tengeri kisg\u00e9phaj\u00f3 \u00e9s vitorl\u00e1s kishaj\u00f3 teljes hossza a \u00a024 m\u00e9tert, a belv\u00edzi kisg\u00e9phaj\u00f3 \u00e9s vitorl\u00e1s kishaj\u00f3 teljes hossza a \u00a020 m\u00e9tert nem \u00e9rheti el, utas befogad\u00f3 k\u00e9pess\u00e9ge legfeljebb \u00a012 f\u0151 lehet.<\/p>\n<p><strong>A vizsg\u00e1ra bocs\u00e1t\u00e1s \u00e9s a k\u00e9pes\u00edt\u00e9s megszerz\u00e9s\u00e9nek felt\u00e9telei:<\/strong><\/p>\n<ul>\n<li>18. \u00e9let\u00e9v bet\u00f6lt\u00e9se,<\/li>\n<li>belv\u00edzi kedvtel\u00e9si c\u00e9l\u00fa kisg\u00e9phaj\u00f3 vagy vitorl\u00e1s kishaj\u00f3-vezet\u0151i k\u00e9pes\u00edt\u00e9s megl\u00e9te,<\/li>\n<li>a <a href=\"http:\/\/vizsgakozpont.hu\/hajozas\/vizsgalatra-jogosult-orvosok-listaja\">tenger\u00e9sz-orvosi vizsg\u00e1latokra jogosult orvos<\/a>, vagy a g\u00e9pj\u00e1rm\u0171-vezet\u0151i eg\u00e9szs\u00e9gi alkalmass\u00e1g vizsg\u00e1lat\u00e1ra jogosult orvos \u00e1ltal ki\u00e1ll\u00edtott eg\u00e9szs\u00e9gi alkalmass\u00e1got bizony\u00edt\u00f3 igazol\u00e1s bemutat\u00e1sa,<\/li>\n<li>a vizsgad\u00edj befizet\u00e9s\u00e9nek igazol\u00e1sa,<\/li>\n<li>haj\u00f3z\u00e1si hat\u00f3s\u00e1g \u00e1ltal j\u00f3v\u00e1hagyott k\u00e9pz\u0151szerv \u00e1ltal szervezett elm\u00e9leti felk\u00e9sz\u00edt\u0151 tanfolyamon val\u00f3 r\u00e9szv\u00e9tel igazol\u00e1sa.<\/li>\n<\/ul>\n<table width=\"689\">\n<tbody>\n<tr>\n<td width=\"231\">\n<h1>TANFOLYAM<\/h1>\n<\/td>\n<td colspan=\"2\" width=\"235\">\n<h1>TANFOLYAMD\u00cdJ\u00a0 [Ft]<\/h1>\n<\/td>\n<td colspan=\"2\" width=\"223\">\n<h1>KAV VIZSGAD\u00cdJ \u00a0[Ft]<br \/>\nOKM\u00c1NYKIAD\u00c1S D\u00cdJA\u00a0 [Ft]<\/h1>\n<\/td>\n<\/tr>\n<tr>\n<td rowspan=\"2\" width=\"231\">\n<h2>Kisg\u00e9phaj\u00f3-vezet\u0151 \u00e9s, vagy<br \/>\nVitorl\u00e1s kishaj\u00f3 vezet\u0151<\/h2>\n<\/td>\n<td rowspan=\"2\" width=\"161\">Elm\u00e9let:\u00a0\u00a0\u00a0\u00a0\u00a0\u00a0\u00a0\u00a0\u00a0\u00a0\u00a0\u00a0 36 000<\/p>\n<p>Vizsgaelj\u00e1r\u00e1s:\u00a0\u00a0\u00a0\u00a0\u00a0 4 000<\/td>\n<td rowspan=\"2\" width=\"74\"><strong>40 000<\/strong><\/td>\n<td width=\"124\">Elm\u00e9let:<\/td>\n<td width=\"99\"><strong>10 900<\/strong><\/td>\n<\/tr>\n<tr>\n<td width=\"124\">Okm\u00e1nykiad\u00e1s:<\/td>\n<td width=\"99\"><strong>16 100<\/strong><\/td>\n<\/tr>\n<\/tbody>\n<\/table>\n<p>A tanfolyam tematik\u00e1ja megtekinthet\u0151 az Interneten a\u00a0 www.autoinfo.hu\/szvk\u00a0 oldalon.<\/p>\n<p>Jelentkez\u00e9s \u00e9s tov\u00e1bbi r\u00e9szletes inform\u00e1ci\u00f3k:<\/p>\n<p>Mobiltelefon: <strong>+36 30 978 6313<\/strong>\u00a0\u00a0\u00a0\u00a0 Telefon: <strong>+36 62 547 000<\/strong><br \/>\nE-mailben: <a href=\"mailto:kipper@\">kipper@<\/a><u>kipper.hu<\/u>\u00a0\u00a0\u00a0 Skype: Kipper Gy\u00f6rgy<br \/>\nA k\u00e9pz\u0151 szerv neve:\u00a0\u00a0\u00a0 AUTOINFO HUNGARY EC\u00a0\u00a0\u00a0 C\u00edm: \u00a06720 SZEGED Kazinczy u. 12.<br \/>\nAz \u00c9p\u00edt\u00e9si \u00e9s K\u00f6zleked\u00e9si Miniszt\u00e9rium a k\u00e9pz\u00e9st a\u00a0 <strong>K\u00d6F\u00c1T\/61765-1\/2024\/HHF<\/strong><strong>.<\/strong> sz\u00e1m\u00fa hat\u00e1rozat\u00e1ban hagyta j\u00f3v\u00e1.<\/p>\n<p><a href=\"https:\/\/autoinfo.hu\/szvk\/wp-content\/uploads\/2025\/03\/tajekoztato_tengeri_iv_2025_03.doc\">T\u00e1j\u00e9koztat\u00f3 let\u00f6lt\u00e9se<\/a><\/p>\n","protected":false},"excerpt":{"rendered":"<p>KEDVTEL\u00c9SI C\u00c9L\u00da IV. OSZT\u00c1LY\u00da TENGERI VITORL\u00c1S \u00c9S KISG\u00c9PHAJ\u00d3 VEZET\u0150 K\u00c9PZ\u00c9S INDUL Az el\u0151ad\u00e1sok t\u00e9m\u00e1i: Navig\u00e1ci\u00f3, t\u00e9rk\u00e9pek, menetszab\u00e1lyok, jelz\u00e9sek, r\u00e1di\u00f3z\u00e1s, v\u00edzb\u0151l ment\u00e9s, t\u0171zolt\u00e1s, meteorol\u00f3gia, k\u00f6rnyezet v\u00e9delem. Az elm\u00e9leti k\u00e9pz\u00e9s T\u00c1VOKTAT\u00c1SSAL t\u00f6rt\u00e9nik. A tanfolyam v\u00e9g\u00e9n a r\u00e9sztvev\u0151k a K\u00d6ZLEKED\u00c9SI ALKALMASS\u00c1GI \u00c9S VIZSGAK\u00d6ZPONT sz\u00e1m\u00edt\u00f3g\u00e9pes vizsgaterm\u00e9ben vizsg\u00e1znak. \u00e9s sikeres vizsga eset\u00e9n kedvtel\u00e9si c\u00e9l\u00fa IV. OSZT\u00c1LY\u00da TENGERI kishaj\u00f3-vezet\u0151 bizony\u00edtv\u00e1nyt kapnak. [&hellip;]<\/p>\n","protected":false},"author":1,"featured_media":0,"parent":0,"menu_order":0,"comment_status":"closed","ping_status":"closed","template":"","meta":{"_exactmetrics_skip_tracking":false,"_exactmetrics_sitenote_active":false,"_exactmetrics_sitenote_note":"","_exactmetrics_sitenote_category":0,"footnotes":""},"class_list":["post-1377","page","type-page","status-publish","hentry"],"_links":{"self":[{"href":"https:\/\/autoinfo.hu\/szvk\/index.php\/wp-json\/wp\/v2\/pages\/1377","targetHints":{"allow":["GET"]}}],"collection":[{"href":"https:\/\/autoinfo.hu\/szvk\/index.php\/wp-json\/wp\/v2\/pages"}],"about":[{"href":"https:\/\/autoinfo.hu\/szvk\/index.php\/wp-json\/wp\/v2\/types\/page"}],"author":[{"embeddable":true,"href":"https:\/\/autoinfo.hu\/szvk\/index.php\/wp-json\/wp\/v2\/users\/1"}],"replies":[{"embeddable":true,"href":"https:\/\/autoinfo.hu\/szvk\/index.php\/wp-json\/wp\/v2\/comments?post=1377"}],"version-history":[{"count":14,"href":"https:\/\/autoinfo.hu\/szvk\/index.php\/wp-json\/wp\/v2\/pages\/1377\/revisions"}],"predecessor-version":[{"id":1524,"href":"https:\/\/autoinfo.hu\/szvk\/index.php\/wp-json\/wp\/v2\/pages\/1377\/revisions\/1524"}],"wp:attachment":[{"href":"https:\/\/autoinfo.hu\/szvk\/index.php\/wp-json\/wp\/v2\/media?parent=1377"}],"curies":[{"name":"wp","href":"https:\/\/api.w.org\/{rel}","templated":true}]}}