{"id":1241,"date":"2024-03-18T19:33:13","date_gmt":"2024-03-18T18:33:13","guid":{"rendered":"https:\/\/autoinfo.hu\/szvk\/?page_id=1241"},"modified":"2024-11-04T12:09:37","modified_gmt":"2024-11-04T11:09:37","slug":"szolgalati-kereseti-celu-kepesites-kivaltasa","status":"publish","type":"page","link":"https:\/\/autoinfo.hu\/szvk\/index.php\/szolgalati-kereseti-celu-kepesites-kivaltasa\/","title":{"rendered":"Szolg\u00e1lati, kereseti c\u00e9l\u00fa k\u00e9pes\u00edt\u00e9s kiv\u00e1lt\u00e1sa"},"content":{"rendered":"<p>Az okm\u00e1nykiad\u00e1si k\u00e9relem beny\u00fajt\u00e1sa az eredm\u00e9nyes elm\u00e9leti \u00e9s gyakorlati vizsga ut\u00e1n a Szegedi Vitorl\u00e1s-kik\u00f6t\u0151ben t\u00f6rt\u00e9nhet.<\/p>\n<p>A k\u00e9relem beny\u00fajt\u00e1s\u00e1hoz igazolni kell az okm\u00e1nykiad\u00e1si k\u00e9relem d\u00edj\u00e1nak ( 14800 Ft ) befizet\u00e9s\u00e9t.<br \/>\nA k\u00e9relemhez mell\u00e9kelni kell kett\u0151 db\u00a0 35&#215;45 mm-es szabv\u00e1nyos sz\u00ednes igazolv\u00e1nyk\u00e9pet.<\/p>\n<p>A k\u00e9relem beny\u00fajt\u00e1s\u00e1t\u00f3l sz\u00e1m\u00edtva a k\u00e1rty\u00e1s okm\u00e1ny legy\u00e1rt\u00e1s\u00e1ra\u00a0 30 nap \u00e1ll rendelkez\u00e9sre.<\/p>\n<p>Norm\u00e1l esetben a k\u00e1rty\u00e1s okm\u00e1ny 2-3 h\u00e9ten bel\u00fcl aj\u00e1nlott k\u00fcldem\u00e9nyk\u00e9nt meg\u00e9rkezik a k\u00e9relemben megadott c\u00edmre.<\/p>\n","protected":false},"excerpt":{"rendered":"<p>Az okm\u00e1nykiad\u00e1si k\u00e9relem beny\u00fajt\u00e1sa az eredm\u00e9nyes elm\u00e9leti \u00e9s gyakorlati vizsga ut\u00e1n a Szegedi Vitorl\u00e1s-kik\u00f6t\u0151ben t\u00f6rt\u00e9nhet. A k\u00e9relem beny\u00fajt\u00e1s\u00e1hoz igazolni kell az okm\u00e1nykiad\u00e1si k\u00e9relem d\u00edj\u00e1nak ( 14800 Ft ) befizet\u00e9s\u00e9t. A k\u00e9relemhez mell\u00e9kelni kell kett\u0151 db\u00a0 35&#215;45 mm-es szabv\u00e1nyos sz\u00ednes igazolv\u00e1nyk\u00e9pet. A k\u00e9relem beny\u00fajt\u00e1s\u00e1t\u00f3l sz\u00e1m\u00edtva a k\u00e1rty\u00e1s okm\u00e1ny legy\u00e1rt\u00e1s\u00e1ra\u00a0 30 nap \u00e1ll rendelkez\u00e9sre. Norm\u00e1l esetben a [&hellip;]<\/p>\n","protected":false},"author":1,"featured_media":0,"parent":0,"menu_order":0,"comment_status":"closed","ping_status":"closed","template":"","meta":{"_exactmetrics_skip_tracking":false,"_exactmetrics_sitenote_active":false,"_exactmetrics_sitenote_note":"","_exactmetrics_sitenote_category":0,"footnotes":""},"class_list":["post-1241","page","type-page","status-publish","hentry"],"_links":{"self":[{"href":"https:\/\/autoinfo.hu\/szvk\/index.php\/wp-json\/wp\/v2\/pages\/1241","targetHints":{"allow":["GET"]}}],"collection":[{"href":"https:\/\/autoinfo.hu\/szvk\/index.php\/wp-json\/wp\/v2\/pages"}],"about":[{"href":"https:\/\/autoinfo.hu\/szvk\/index.php\/wp-json\/wp\/v2\/types\/page"}],"author":[{"embeddable":true,"href":"https:\/\/autoinfo.hu\/szvk\/index.php\/wp-json\/wp\/v2\/users\/1"}],"replies":[{"embeddable":true,"href":"https:\/\/autoinfo.hu\/szvk\/index.php\/wp-json\/wp\/v2\/comments?post=1241"}],"version-history":[{"count":3,"href":"https:\/\/autoinfo.hu\/szvk\/index.php\/wp-json\/wp\/v2\/pages\/1241\/revisions"}],"predecessor-version":[{"id":1420,"href":"https:\/\/autoinfo.hu\/szvk\/index.php\/wp-json\/wp\/v2\/pages\/1241\/revisions\/1420"}],"wp:attachment":[{"href":"https:\/\/autoinfo.hu\/szvk\/index.php\/wp-json\/wp\/v2\/media?parent=1241"}],"curies":[{"name":"wp","href":"https:\/\/api.w.org\/{rel}","templated":true}]}}