{"id":1236,"date":"2024-03-18T19:31:05","date_gmt":"2024-03-18T18:31:05","guid":{"rendered":"https:\/\/autoinfo.hu\/szvk\/?page_id=1236"},"modified":"2026-02-24T01:59:24","modified_gmt":"2026-02-24T00:59:24","slug":"szolgalati-kereseti-celu-tanfolyam-megallapodas","status":"publish","type":"page","link":"https:\/\/autoinfo.hu\/szvk\/index.php\/szolgalati-kereseti-celu-tanfolyam-megallapodas\/","title":{"rendered":"Szolg\u00e1lati, kereseti c\u00e9l\u00fa tanfolyam meg\u00e1llapod\u00e1s"},"content":{"rendered":"<p><a href=\"https:\/\/autoinfo.hu\/szvk\/wp-content\/uploads\/2026\/02\/megallapodas_szolg_ker_kishajos_kepzes_2026_01_iktatoszamos.doc\">megallapodas_szolg_ker_kishajos_kepzes_2026_01_iktatoszamos<\/a><\/p>\n<p>Ezt az oldalt csak regisztr\u00e1lt, bejelentkezett felhaszn\u00e1l\u00f3k l\u00e1thatj\u00e1k.<br \/>\n<a href=\"https:\/\/autoinfo.hu\/szvk\/index.php\/registration\/\">REGISZTR\u00c1CI\u00d3<\/a><br \/>\n<a href=\"https:\/\/autoinfo.hu\/szvk\/wp-login.php?redirect_to=https%3A%2F%2Fautoinfo.hu%2Fszvk%2Findex.php\/tanfolyam-videok&amp;reauth=1\">BEJELENTKEZ\u00c9S<\/a><\/p>\n<p>\n<\/p>\n","protected":false},"excerpt":{"rendered":"<p>megallapodas_szolg_ker_kishajos_kepzes_2026_01_iktatoszamos<\/p>\n","protected":false},"author":1,"featured_media":0,"parent":0,"menu_order":0,"comment_status":"closed","ping_status":"closed","template":"","meta":{"_exactmetrics_skip_tracking":false,"_exactmetrics_sitenote_active":false,"_exactmetrics_sitenote_note":"","_exactmetrics_sitenote_category":0,"footnotes":""},"class_list":["post-1236","page","type-page","status-publish","hentry"],"_links":{"self":[{"href":"https:\/\/autoinfo.hu\/szvk\/index.php\/wp-json\/wp\/v2\/pages\/1236","targetHints":{"allow":["GET"]}}],"collection":[{"href":"https:\/\/autoinfo.hu\/szvk\/index.php\/wp-json\/wp\/v2\/pages"}],"about":[{"href":"https:\/\/autoinfo.hu\/szvk\/index.php\/wp-json\/wp\/v2\/types\/page"}],"author":[{"embeddable":true,"href":"https:\/\/autoinfo.hu\/szvk\/index.php\/wp-json\/wp\/v2\/users\/1"}],"replies":[{"embeddable":true,"href":"https:\/\/autoinfo.hu\/szvk\/index.php\/wp-json\/wp\/v2\/comments?post=1236"}],"version-history":[{"count":10,"href":"https:\/\/autoinfo.hu\/szvk\/index.php\/wp-json\/wp\/v2\/pages\/1236\/revisions"}],"predecessor-version":[{"id":1683,"href":"https:\/\/autoinfo.hu\/szvk\/index.php\/wp-json\/wp\/v2\/pages\/1236\/revisions\/1683"}],"wp:attachment":[{"href":"https:\/\/autoinfo.hu\/szvk\/index.php\/wp-json\/wp\/v2\/media?parent=1236"}],"curies":[{"name":"wp","href":"https:\/\/api.w.org\/{rel}","templated":true}]}}