{"id":1233,"date":"2024-03-18T19:30:04","date_gmt":"2024-03-18T18:30:04","guid":{"rendered":"https:\/\/autoinfo.hu\/szvk\/?page_id=1233"},"modified":"2026-04-16T12:53:13","modified_gmt":"2026-04-16T11:53:13","slug":"aktualis-szolgalati-kereseti-celu-tanfolyam","status":"publish","type":"page","link":"https:\/\/autoinfo.hu\/szvk\/index.php\/aktualis-szolgalati-kereseti-celu-tanfolyam\/","title":{"rendered":"Aktu\u00e1lis szolg\u00e1lati, kereseti c\u00e9l\u00fa k\u00e9pz\u00e9s"},"content":{"rendered":"<div class=\"entry-content\">\n<p>A <strong>Szolg\u00e1lati, kereseti c\u00e9l\u00fa kishaj\u00f3s bizony\u00edtv\u00e1ny megszerz\u00e9se<\/strong> \u00e9rdek\u00e9ben az AUTOINFO HUNGARY EC az \u00c9KM \u00e1ltal <strong>K\u00d6F\u00c1T \/<\/strong> <strong>26101-1\/2024\/HHF<\/strong><strong>.<\/strong>\u00a0 sz\u00e1mon enged\u00e9lyezett k\u00e9pz\u00e9s keret\u00e9ben elm\u00e9leti, gyakorlati oktat\u00e1st \u00e9s vizsg\u00e1t szervez.<br \/>\nA k\u00e9pz\u00e9s tervezett id\u0151beoszt\u00e1sa:<\/p>\n<p>2026. 04. 01-t\u00f3l Elm\u00e9leti k\u00e9pz\u00e9s t\u00e1voktat\u00e1ssal<br \/>\n2026. 17. h\u00e9ten Gyakorlati oktat\u00e1s a Szegedi Vitorl\u00e1s-kik\u00f6t\u0151ben<br \/>\n2026. 18. h\u00e9ten Gyakorlati oktat\u00e1s a Szegedi Vitorl\u00e1s-kik\u00f6t\u0151ben<br \/>\n2026. 05. 07. Elm\u00e9leti \u00e9s gyakorlati vizsga a Szegedi Vitorl\u00e1s Kik\u00f6t\u0151ben.<\/p>\n<div>Azok akik m\u00e1r regisztr\u00e1ltak az oldalra, (sportc\u00e9l\u00fa, vagy kompetencia vizsga kapcs\u00e1n), nekik <b>nem kell m\u00e9gegyszer regisztr\u00e1lni<\/b>, csup\u00e1n jelezni, hogy szeretn\u00e9nek foglalkozni a szolg\u00e1lati, kereseti c\u00e9l\u00fa vizsg\u00e1ra felk\u00e9sz\u00fcl\u00e9ssel.<\/div>\n<div><\/div>\n<div>Terveink szerint a vizsg\u00e1k id\u0151pontjai a havonta meghirdetett kishaj\u00f3s gyakorlati vizsg\u00e1k id\u0151pontj\u00e1val egyez\u0151ek lesznek, mivel ezeken a napokon a Tisztelt vizsgabiztosok m\u00e1r \u00fagy is jelen lesznek a Szegedi Vitorl\u00e1s-kik\u00f6t\u0151ben.<\/div>\n<div><\/div>\n<div>A pap\u00edr alap\u00fa tesztvizsga \u00e9s a gyakorlati vizsga is &#8211; a kedvtel\u00e9si c\u00e9l\u00fat\u00f3l elt\u00e9r\u0151en &#8211; ugyanazon a napon ker\u00fcl lebonyol\u00edt\u00e1sra.<\/div>\n<div><\/div>\n<p>R\u00e9szletes t\u00e1j\u00e9koztat\u00f3 megtal\u00e1lhat\u00f3 a t\u00e1j\u00e9koztat\u00f3 men\u00fcpontban.<br \/>\n\u00c9rdekl\u0151d\u00e9s eset\u00e9n let\u00f6lthet\u0151 a tervezett meg\u00e1llapod\u00e1s, melynek E-mailben t\u00f6rt\u00e9n\u0151 megk\u00fcld\u00e9se ut\u00e1n az oktat\u00f3 vide\u00f3t el\u00e9rhet\u0151v\u00e9 teszem sz\u00e1modra, \u00edgy az elm\u00e9leti felk\u00e9sz\u00fcl\u00e9s m\u00e1r kor\u00e1bban is elkezdhet\u0151.<\/p>\n<div>\n<p>Egyben k\u00e9rem, hogy m\u00e1s, a k\u00e9pz\u00e9s ir\u00e1nt \u00e9rdekl\u0151d\u0151 ismer\u0151seidet t\u00e1j\u00e9koztasd a lehet\u0151s\u00e9gr\u0151l.<\/p>\n<\/div>\n<div>V\u00e1rom a visszajelz\u00e9seket.<\/div>\n<div><\/div>\n<p>K\u00f6sz\u00f6nettel:<br \/>\nKipper Gy\u00f6rgy<br \/>\n+36 30 978 6313<\/p>\n<\/div>\n","protected":false},"excerpt":{"rendered":"<p>A Szolg\u00e1lati, kereseti c\u00e9l\u00fa kishaj\u00f3s bizony\u00edtv\u00e1ny megszerz\u00e9se \u00e9rdek\u00e9ben az AUTOINFO HUNGARY EC az \u00c9KM \u00e1ltal K\u00d6F\u00c1T \/ 26101-1\/2024\/HHF.\u00a0 sz\u00e1mon enged\u00e9lyezett k\u00e9pz\u00e9s keret\u00e9ben elm\u00e9leti, gyakorlati oktat\u00e1st \u00e9s vizsg\u00e1t szervez. A k\u00e9pz\u00e9s tervezett id\u0151beoszt\u00e1sa: 2026. 04. 01-t\u00f3l Elm\u00e9leti k\u00e9pz\u00e9s t\u00e1voktat\u00e1ssal 2026. 17. h\u00e9ten Gyakorlati oktat\u00e1s a Szegedi Vitorl\u00e1s-kik\u00f6t\u0151ben 2026. 18. h\u00e9ten Gyakorlati oktat\u00e1s a Szegedi Vitorl\u00e1s-kik\u00f6t\u0151ben 2026. [&hellip;]<\/p>\n","protected":false},"author":1,"featured_media":0,"parent":0,"menu_order":0,"comment_status":"closed","ping_status":"closed","template":"","meta":{"_exactmetrics_skip_tracking":false,"_exactmetrics_sitenote_active":false,"_exactmetrics_sitenote_note":"","_exactmetrics_sitenote_category":0,"footnotes":""},"class_list":["post-1233","page","type-page","status-publish","hentry"],"_links":{"self":[{"href":"https:\/\/autoinfo.hu\/szvk\/index.php\/wp-json\/wp\/v2\/pages\/1233","targetHints":{"allow":["GET"]}}],"collection":[{"href":"https:\/\/autoinfo.hu\/szvk\/index.php\/wp-json\/wp\/v2\/pages"}],"about":[{"href":"https:\/\/autoinfo.hu\/szvk\/index.php\/wp-json\/wp\/v2\/types\/page"}],"author":[{"embeddable":true,"href":"https:\/\/autoinfo.hu\/szvk\/index.php\/wp-json\/wp\/v2\/users\/1"}],"replies":[{"embeddable":true,"href":"https:\/\/autoinfo.hu\/szvk\/index.php\/wp-json\/wp\/v2\/comments?post=1233"}],"version-history":[{"count":19,"href":"https:\/\/autoinfo.hu\/szvk\/index.php\/wp-json\/wp\/v2\/pages\/1233\/revisions"}],"predecessor-version":[{"id":1715,"href":"https:\/\/autoinfo.hu\/szvk\/index.php\/wp-json\/wp\/v2\/pages\/1233\/revisions\/1715"}],"wp:attachment":[{"href":"https:\/\/autoinfo.hu\/szvk\/index.php\/wp-json\/wp\/v2\/media?parent=1233"}],"curies":[{"name":"wp","href":"https:\/\/api.w.org\/{rel}","templated":true}]}}