{"id":1230,"date":"2024-03-18T19:28:23","date_gmt":"2024-03-18T18:28:23","guid":{"rendered":"https:\/\/autoinfo.hu\/szvk\/?page_id=1230"},"modified":"2026-02-24T01:52:50","modified_gmt":"2026-02-24T00:52:50","slug":"szolgalati-kereseti-celu-tanfolyam-tajekoztato","status":"publish","type":"page","link":"https:\/\/autoinfo.hu\/szvk\/index.php\/szolgalati-kereseti-celu-tanfolyam-tajekoztato\/","title":{"rendered":"Szolg\u00e1lati, kereseti c\u00e9l\u00fa tanfolyam t\u00e1j\u00e9koztat\u00f3"},"content":{"rendered":"<p><a href=\"https:\/\/autoinfo.hu\/szvk\/wp-content\/uploads\/2026\/02\/tajekoztato_szolg_ker_kishajovezeto_iktatoszamos_2026_01.doc\">tajekoztato_szolg_ker_kishajovezeto_iktatoszamos_2026_01<\/a><\/p>\n","protected":false},"excerpt":{"rendered":"<p>tajekoztato_szolg_ker_kishajovezeto_iktatoszamos_2026_01<\/p>\n","protected":false},"author":1,"featured_media":0,"parent":0,"menu_order":0,"comment_status":"closed","ping_status":"closed","template":"","meta":{"_exactmetrics_skip_tracking":false,"_exactmetrics_sitenote_active":false,"_exactmetrics_sitenote_note":"","_exactmetrics_sitenote_category":0,"footnotes":""},"class_list":["post-1230","page","type-page","status-publish","hentry"],"_links":{"self":[{"href":"https:\/\/autoinfo.hu\/szvk\/index.php\/wp-json\/wp\/v2\/pages\/1230","targetHints":{"allow":["GET"]}}],"collection":[{"href":"https:\/\/autoinfo.hu\/szvk\/index.php\/wp-json\/wp\/v2\/pages"}],"about":[{"href":"https:\/\/autoinfo.hu\/szvk\/index.php\/wp-json\/wp\/v2\/types\/page"}],"author":[{"embeddable":true,"href":"https:\/\/autoinfo.hu\/szvk\/index.php\/wp-json\/wp\/v2\/users\/1"}],"replies":[{"embeddable":true,"href":"https:\/\/autoinfo.hu\/szvk\/index.php\/wp-json\/wp\/v2\/comments?post=1230"}],"version-history":[{"count":9,"href":"https:\/\/autoinfo.hu\/szvk\/index.php\/wp-json\/wp\/v2\/pages\/1230\/revisions"}],"predecessor-version":[{"id":1680,"href":"https:\/\/autoinfo.hu\/szvk\/index.php\/wp-json\/wp\/v2\/pages\/1230\/revisions\/1680"}],"wp:attachment":[{"href":"https:\/\/autoinfo.hu\/szvk\/index.php\/wp-json\/wp\/v2\/media?parent=1230"}],"curies":[{"name":"wp","href":"https:\/\/api.w.org\/{rel}","templated":true}]}}