{"id":1227,"date":"2024-03-18T19:27:07","date_gmt":"2024-03-18T18:27:07","guid":{"rendered":"https:\/\/autoinfo.hu\/szvk\/?page_id=1227"},"modified":"2024-03-19T19:08:21","modified_gmt":"2024-03-19T18:08:21","slug":"szolgalati-kereseti-celu-oktato-videok","status":"publish","type":"page","link":"https:\/\/autoinfo.hu\/szvk\/index.php\/szolgalati-kereseti-celu-oktato-videok\/","title":{"rendered":"Szolg\u00e1lati, kereseti c\u00e9l\u00fa oktat\u00f3 vide\u00f3k"},"content":{"rendered":"<p>Ezt az oldalt csak regisztr\u00e1lt, bejelentkezett felhaszn\u00e1l\u00f3k l\u00e1thatj\u00e1k.<br \/>\n<a href=\"https:\/\/autoinfo.hu\/szvk\/index.php\/registration\/\">REGISZTR\u00c1CI\u00d3<\/a><br \/>\n<a href=\"https:\/\/autoinfo.hu\/szvk\/wp-login.php?redirect_to=https%3A%2F%2Fautoinfo.hu%2Fszvk%2Findex.php\/tanfolyam-videok&amp;reauth=1\">BEJELENTKEZ\u00c9S<\/a><\/p>\n<p>\n<\/p>\n","protected":false},"excerpt":{"rendered":"","protected":false},"author":1,"featured_media":0,"parent":0,"menu_order":0,"comment_status":"closed","ping_status":"closed","template":"","meta":{"_exactmetrics_skip_tracking":false,"_exactmetrics_sitenote_active":false,"_exactmetrics_sitenote_note":"","_exactmetrics_sitenote_category":0,"footnotes":""},"class_list":["post-1227","page","type-page","status-publish","hentry"],"_links":{"self":[{"href":"https:\/\/autoinfo.hu\/szvk\/index.php\/wp-json\/wp\/v2\/pages\/1227","targetHints":{"allow":["GET"]}}],"collection":[{"href":"https:\/\/autoinfo.hu\/szvk\/index.php\/wp-json\/wp\/v2\/pages"}],"about":[{"href":"https:\/\/autoinfo.hu\/szvk\/index.php\/wp-json\/wp\/v2\/types\/page"}],"author":[{"embeddable":true,"href":"https:\/\/autoinfo.hu\/szvk\/index.php\/wp-json\/wp\/v2\/users\/1"}],"replies":[{"embeddable":true,"href":"https:\/\/autoinfo.hu\/szvk\/index.php\/wp-json\/wp\/v2\/comments?post=1227"}],"version-history":[{"count":14,"href":"https:\/\/autoinfo.hu\/szvk\/index.php\/wp-json\/wp\/v2\/pages\/1227\/revisions"}],"predecessor-version":[{"id":1264,"href":"https:\/\/autoinfo.hu\/szvk\/index.php\/wp-json\/wp\/v2\/pages\/1227\/revisions\/1264"}],"wp:attachment":[{"href":"https:\/\/autoinfo.hu\/szvk\/index.php\/wp-json\/wp\/v2\/media?parent=1227"}],"curies":[{"name":"wp","href":"https:\/\/api.w.org\/{rel}","templated":true}]}}