{"id":1174,"date":"2024-03-01T09:44:02","date_gmt":"2024-03-01T08:44:02","guid":{"rendered":"https:\/\/autoinfo.hu\/szvk\/?page_id=1174"},"modified":"2026-02-22T23:19:05","modified_gmt":"2026-02-22T22:19:05","slug":"alap-biztonsagi-kompetencia-kepzes-megallapodas","status":"publish","type":"page","link":"https:\/\/autoinfo.hu\/szvk\/index.php\/alap-biztonsagi-kompetencia-kepzes-megallapodas\/","title":{"rendered":"Haj\u00f3s biztons\u00e1gi alap k\u00e9pz\u00e9s \u00e9s kompetencia vizsga meg\u00e1llapod\u00e1s"},"content":{"rendered":"<p>Ezt az oldalt csak regisztr\u00e1lt, bejelentkezett felhaszn\u00e1l\u00f3k l\u00e1thatj\u00e1k.<br \/>\n<a href=\"https:\/\/autoinfo.hu\/szvk\/index.php\/registration\/\">REGISZTR\u00c1CI\u00d3<\/a><br \/>\n<a href=\"https:\/\/autoinfo.hu\/szvk\/wp-login.php?redirect_to=https%3A%2F%2Fautoinfo.hu%2Fszvk%2Findex.php\/tanfolyam-videok&amp;reauth=1\">BEJELENTKEZ\u00c9S<\/a><\/p>\n<p>\n<\/p>\n","protected":false},"excerpt":{"rendered":"","protected":false},"author":1,"featured_media":0,"parent":0,"menu_order":0,"comment_status":"closed","ping_status":"closed","template":"","meta":{"_exactmetrics_skip_tracking":false,"_exactmetrics_sitenote_active":false,"_exactmetrics_sitenote_note":"","_exactmetrics_sitenote_category":0,"footnotes":""},"class_list":["post-1174","page","type-page","status-publish","hentry"],"_links":{"self":[{"href":"https:\/\/autoinfo.hu\/szvk\/index.php\/wp-json\/wp\/v2\/pages\/1174","targetHints":{"allow":["GET"]}}],"collection":[{"href":"https:\/\/autoinfo.hu\/szvk\/index.php\/wp-json\/wp\/v2\/pages"}],"about":[{"href":"https:\/\/autoinfo.hu\/szvk\/index.php\/wp-json\/wp\/v2\/types\/page"}],"author":[{"embeddable":true,"href":"https:\/\/autoinfo.hu\/szvk\/index.php\/wp-json\/wp\/v2\/users\/1"}],"replies":[{"embeddable":true,"href":"https:\/\/autoinfo.hu\/szvk\/index.php\/wp-json\/wp\/v2\/comments?post=1174"}],"version-history":[{"count":26,"href":"https:\/\/autoinfo.hu\/szvk\/index.php\/wp-json\/wp\/v2\/pages\/1174\/revisions"}],"predecessor-version":[{"id":1667,"href":"https:\/\/autoinfo.hu\/szvk\/index.php\/wp-json\/wp\/v2\/pages\/1174\/revisions\/1667"}],"wp:attachment":[{"href":"https:\/\/autoinfo.hu\/szvk\/index.php\/wp-json\/wp\/v2\/media?parent=1174"}],"curies":[{"name":"wp","href":"https:\/\/api.w.org\/{rel}","templated":true}]}}