{"id":1171,"date":"2024-03-01T09:39:51","date_gmt":"2024-03-01T08:39:51","guid":{"rendered":"https:\/\/autoinfo.hu\/szvk\/?page_id=1171"},"modified":"2024-03-01T12:58:57","modified_gmt":"2024-03-01T11:58:57","slug":"tajekoztato-a-hajoskonyv-kivaltasanak-valtozasarol","status":"publish","type":"page","link":"https:\/\/autoinfo.hu\/szvk\/index.php\/tajekoztato-a-hajoskonyv-kivaltasanak-valtozasarol\/","title":{"rendered":"T\u00e1j\u00e9koztat\u00f3 a haj\u00f3sk\u00f6nyv kiv\u00e1lt\u00e1s\u00e1nak v\u00e1ltoz\u00e1s\u00e1r\u00f3l"},"content":{"rendered":"<p>A szolg\u00e1lati, kereseti c\u00e9l\u00fa haj\u00f3z\u00e1s, a haj\u00f3n t\u00f6rt\u00e9n\u0151 munkav\u00e9gz\u00e9s dokument\u00e1l\u00e1sa a Haj\u00f3s Szolg\u00e1lati K\u00f6nyvben t\u00f6rt\u00e9nik. A haj\u00f3z\u00e1ssal kapcsolatos\u00a0 EU jogharmoniz\u00e1ci\u00f3 eredm\u00e9nyek\u00e9nt ezen \u201eHAJ\u00d3SK\u00d6NYV\u201d kiv\u00e1lt\u00e1sa a kor\u00e1bbi egyszer\u0171 megv\u00e1s\u00e1rl\u00e1son t\u00fal\u00a0 2022-ben m\u00e1r a KAV vizsgabiztosai \u00e1ltal lebonyol\u00edtott vizsg\u00e1t is ig\u00e9nyelt. 2023-ban tov\u00e1bbi szigor\u00edt\u00e1s l\u00e9pett \u00e9letbe: M\u00edg a KAV-os vizsg\u00e1ra jelentkez\u0151k a vizsgak\u00e9rd\u00e9sek ismeret\u00e9ben ak\u00e1r \u00f6n\u00e1ll\u00f3an is felk\u00e9sz\u00fclhettek, az \u00faj szab\u00e1lyoz\u00e1s k\u00f6telez\u0151en el\u0151\u00edrja egy ISO min\u0151s\u00edt\u00e9ssel rendelkez\u0151 k\u00e9pz\u0151 szervn\u00e9l, az \u00c9KM \u00e1ltal akkredit\u00e1lt <strong>tanfolyam elv\u00e9gz\u00e9s\u00e9t<\/strong> \u00e9s a vizsgabiztosi n\u00e9vjegyz\u00e9kben szerepl\u0151 f\u00fcggetlen vizsgabiztos el\u0151tt <strong>vizsga let\u00e9tel\u00e9t<\/strong>. A v\u00e1ltoz\u00e1sok el\u0151nye, hogy a \u2013 v\u00e1ltozatlanul a KAV \u00e1ltal kiad\u00e1sra ker\u00fcl\u0151 \u2013 Haj\u00f3s Szolg\u00e1lati K\u00f6nyv <strong>gyakornok<\/strong> bejegyz\u00e9ssel ker\u00fcl ki\u00e1ll\u00edt\u00e1sra, amely sok haj\u00f3z\u00e1ssal kapcsolatos munkak\u00f6rben az azonnali munk\u00e1ba \u00e1ll\u00e1st is lehet\u0151v\u00e9 teszi, valamint alapj\u00e1ul szolg\u00e1l a magasabb haj\u00f3s k\u00e9pes\u00edt\u00e9sek el\u00e9r\u00e9s\u00e9hez a szolg\u00e1lati id\u0151 igazol\u00e1s\u00e1ra.<\/p>\n<p>A k\u00e9pz\u00e9sekkel \u00e9s a kompetencia vizsg\u00e1val kapcsolatos tov\u00e1bbi inform\u00e1ci\u00f3k:<br \/>\nKipper Gy\u00f6rgy<br \/>\n<a href=\"mailto:kipper.gyorgy@gmail.com\">kipper@kipper.hu<\/a><br \/>\n+36 30 978 6313<\/p>\n","protected":false},"excerpt":{"rendered":"<p>A szolg\u00e1lati, kereseti c\u00e9l\u00fa haj\u00f3z\u00e1s, a haj\u00f3n t\u00f6rt\u00e9n\u0151 munkav\u00e9gz\u00e9s dokument\u00e1l\u00e1sa a Haj\u00f3s Szolg\u00e1lati K\u00f6nyvben t\u00f6rt\u00e9nik. A haj\u00f3z\u00e1ssal kapcsolatos\u00a0 EU jogharmoniz\u00e1ci\u00f3 eredm\u00e9nyek\u00e9nt ezen \u201eHAJ\u00d3SK\u00d6NYV\u201d kiv\u00e1lt\u00e1sa a kor\u00e1bbi egyszer\u0171 megv\u00e1s\u00e1rl\u00e1son t\u00fal\u00a0 2022-ben m\u00e1r a KAV vizsgabiztosai \u00e1ltal lebonyol\u00edtott vizsg\u00e1t is ig\u00e9nyelt. 2023-ban tov\u00e1bbi szigor\u00edt\u00e1s l\u00e9pett \u00e9letbe: M\u00edg a KAV-os vizsg\u00e1ra jelentkez\u0151k a vizsgak\u00e9rd\u00e9sek ismeret\u00e9ben ak\u00e1r \u00f6n\u00e1ll\u00f3an is [&hellip;]<\/p>\n","protected":false},"author":1,"featured_media":0,"parent":0,"menu_order":0,"comment_status":"closed","ping_status":"closed","template":"","meta":{"_exactmetrics_skip_tracking":false,"_exactmetrics_sitenote_active":false,"_exactmetrics_sitenote_note":"","_exactmetrics_sitenote_category":0,"footnotes":""},"class_list":["post-1171","page","type-page","status-publish","hentry"],"_links":{"self":[{"href":"https:\/\/autoinfo.hu\/szvk\/index.php\/wp-json\/wp\/v2\/pages\/1171","targetHints":{"allow":["GET"]}}],"collection":[{"href":"https:\/\/autoinfo.hu\/szvk\/index.php\/wp-json\/wp\/v2\/pages"}],"about":[{"href":"https:\/\/autoinfo.hu\/szvk\/index.php\/wp-json\/wp\/v2\/types\/page"}],"author":[{"embeddable":true,"href":"https:\/\/autoinfo.hu\/szvk\/index.php\/wp-json\/wp\/v2\/users\/1"}],"replies":[{"embeddable":true,"href":"https:\/\/autoinfo.hu\/szvk\/index.php\/wp-json\/wp\/v2\/comments?post=1171"}],"version-history":[{"count":4,"href":"https:\/\/autoinfo.hu\/szvk\/index.php\/wp-json\/wp\/v2\/pages\/1171\/revisions"}],"predecessor-version":[{"id":1195,"href":"https:\/\/autoinfo.hu\/szvk\/index.php\/wp-json\/wp\/v2\/pages\/1171\/revisions\/1195"}],"wp:attachment":[{"href":"https:\/\/autoinfo.hu\/szvk\/index.php\/wp-json\/wp\/v2\/media?parent=1171"}],"curies":[{"name":"wp","href":"https:\/\/api.w.org\/{rel}","templated":true}]}}