{"id":1161,"date":"2024-02-28T19:35:23","date_gmt":"2024-02-28T18:35:23","guid":{"rendered":"https:\/\/autoinfo.hu\/szvk\/?page_id=1161"},"modified":"2025-06-30T14:35:28","modified_gmt":"2025-06-30T13:35:28","slug":"hajoskonyv-kivaltasa","status":"publish","type":"page","link":"https:\/\/autoinfo.hu\/szvk\/index.php\/hajoskonyv-kivaltasa\/","title":{"rendered":"Haj\u00f3sk\u00f6nyv kiv\u00e1lt\u00e1sa"},"content":{"rendered":"<p>A haj\u00f3s szolg\u00e1lati k\u00f6nyv ig\u00e9nyl\u00e9s\u00e9re a KAVK irod\u00e1kban ( Budapest, Si\u00f3fok, Moh\u00e1cs ) szem\u00e9lyesen, vagy a sz\u00fcks\u00e9ges bizonylatok postai \u00faton t\u00f6rt\u00e9n\u0151 megk\u00fcld\u00e9s\u00e9vel van lehet\u0151s\u00e9g.<br \/>\n<strong>A szegedi KAVK-n\u00e1l szem\u00e9lyes \u00fcgyint\u00e9z\u00e9sre nincs lehet\u0151s\u00e9g, \u00edgy legegyszer\u0171bb k\u00e9relem a postai \u00faton t\u00f6rt\u00e9n\u0151 megk\u00fcld\u00e9se.<br \/>\n<\/strong>B\u00e1r a KAVK honlapj\u00e1n is megtal\u00e1lhat\u00f3 a tov\u00e1bbi elj\u00e1r\u00e1s le\u00edr\u00e1sa a teljess\u00e9g kedv\u00e9\u00e9rt le\u00edrom:<br \/>\n<strong>A k\u00e9relemnek tartalmaznia kell:<br \/>\n<\/strong>&#8211; a szem\u00e9lyigazolv\u00e1ny \u00e9s lakc\u00edmk\u00e1rtya adataival egyez\u0151en kit\u00f6lt\u00f6tt mell\u00e9kelt <strong>k\u00e9relem lapot<br \/>\n<\/strong><strong>&#8211; <\/strong>a <strong>szakorvos <\/strong>\u00e1ltal ki\u00e1ll\u00edtott <strong>orvosi alkalmass\u00e1gi igazol\u00e1s f\u00e9nym\u00e1solat\u00e1t<\/strong>,<br \/>\n( Az eredeti p\u00e9ld\u00e1nynak a majdan megk\u00fcld\u00e9sre ker\u00fcl\u0151 haj\u00f3s szolg\u00e1lati k\u00f6nyvben kell lenni. )<br \/>\n&#8211; az eredm\u00e9nyes vizsga ut\u00e1n \u00e1tadott <strong>k\u00e9pz\u00e9si \u00e9s vizsga igazol\u00e1st,<br \/>\n<\/strong>&#8211; 2 db 35&#215;45 mm-es szabv\u00e1nyos sz\u00ednes <strong>igazolv\u00e1nyk\u00e9pet,<br \/>\n<\/strong>&#8211; <strong>26.100,- Ft<\/strong>-nak a KAVK sz\u00e1ml\u00e1j\u00e1ra t\u00f6rt\u00e9n\u0151 <strong>\u00e1tutal\u00e1s\u00e1t igazol\u00f3 bizonylatot<\/strong>.<\/p>\n<p>Szolg\u00e1lati k\u00f6nyv nyomtatv\u00e1ny\u00a0\u00a0 <strong>5.400,- Ft<br \/>\n<\/strong>Szolg\u00e1lati k\u00f6nyv ki\u00e1ll\u00edt\u00e1sa\u00a0\u00a0\u00a0 \u00a0\u00a0 \u00a0 <strong>12.000,- Ft<br \/>\n<\/strong>Bejegyz\u00e9s szolg\u00e1lati k\u00f6nyvbe\u00a0 \u00a0\u00a0 <strong>8.700,- Ft<br \/>\nUtaland\u00f3 \u00f6sszesen:\u00a0\u00a0\u00a0\u00a0\u00a0\u00a0\u00a0\u00a0\u00a0\u00a0\u00a0\u00a0\u00a0\u00a0\u00a0\u00a0 26.100,- Ft<br \/>\n<\/strong><\/p>\n<p>A KAVK banksz\u00e1mla sz\u00e1ma:<br \/>\nOTP Bank Nyrt.<br \/>\n11711003-21463062-00000000<\/p>\n<p><a href=\"https:\/\/vizsgakozpont.hu\/hajozas\/banki-atutalasi-tajekoztato\" data-saferedirecturl=\"https:\/\/www.google.com\/url?q=https:\/\/vizsgakozpont.hu\/hajozas\/banki-atutalasi-tajekoztato&amp;source=gmail&amp;ust=1709231917108000&amp;usg=AOvVaw3BuMuoKW05Gx59hcKeyBvb\">https:\/\/vizsgakozpont.hu\/hajozas\/banki-atutalasi-tajekoztato<\/a><\/p>\n<p>Az aj\u00e1nlott lev\u00e9lben megk\u00fcld\u00f6tt k\u00e9relemre a HSZK-t aj\u00e1nlott postai k\u00fcldem\u00e9nyk\u00e9nt post\u00e1zz\u00e1k. A haj\u00f3s szolg\u00e1lati k\u00f6nyv ki\u00e1ll\u00edt\u00e1s\u00e1ra 30 nap \u00e1ll rendelkez\u00e9s\u00e9re a KAVK -nak.<br \/>\nNorm\u00e1l esetben <strong>az ig\u00e9nyl\u00e9s ut\u00e1n<\/strong> 2-3 h\u00e9ten bel\u00fcl post\u00e1n, aj\u00e1nlott k\u00fcldem\u00e9nyben meg\u00e9rkezik a HSZK.<br \/>\nAz akkredit\u00e1lt k\u00e9pz\u00e9sr\u0151l \u00e9s vizsg\u00e1r\u00f3l E-sz\u00e1ml\u00e1t \u00e1ll\u00edtok ki, melyet a regisztr\u00e1ci\u00f3ban megadott E-mail c\u00edmre megk\u00fcld\u00f6k.<br \/>\nA haj\u00f3z\u00e1ssal kapcsolatos aktualit\u00e1sokr\u00f3l a k\u00e9s\u0151bbiekben is t\u00e1j\u00e9koztatlak.<\/p>\n<p><strong>K\u00e9rlek, hogy a haj\u00f3z\u00e1s ir\u00e1nt \u00e9rdekl\u0151d\u0151 ismer\u0151seidnek<\/strong><strong> aj\u00e1nld<br \/>\na Szegedi Vitorl\u00e1s kik\u00f6t\u0151 k\u00edn\u00e1lta lehet\u0151s\u00e9geket.<br \/>\n<\/strong><\/p>\n<p>K\u00e9relem lap:<br \/>\n<a href=\"https:\/\/autoinfo.hu\/szvk\/wp-content\/uploads\/2024\/02\/1b_adatlap_kepesiteses_hszk_kiallitasahoz_2023.xls\">1B adatlap k\u00e9pes\u00edt\u00e9ses HSZK ki\u00e1ll\u00edt\u00e1s\u00e1hoz<\/a><\/p>\n<p>Kipper Gy\u00f6rgy<br \/>\n<a href=\"tel:%2B3630%20978-6313\">+36 30 978 6313<\/a><\/p>\n","protected":false},"excerpt":{"rendered":"<p>A haj\u00f3s szolg\u00e1lati k\u00f6nyv ig\u00e9nyl\u00e9s\u00e9re a KAVK irod\u00e1kban ( Budapest, Si\u00f3fok, Moh\u00e1cs ) szem\u00e9lyesen, vagy a sz\u00fcks\u00e9ges bizonylatok postai \u00faton t\u00f6rt\u00e9n\u0151 megk\u00fcld\u00e9s\u00e9vel van lehet\u0151s\u00e9g. A szegedi KAVK-n\u00e1l szem\u00e9lyes \u00fcgyint\u00e9z\u00e9sre nincs lehet\u0151s\u00e9g, \u00edgy legegyszer\u0171bb k\u00e9relem a postai \u00faton t\u00f6rt\u00e9n\u0151 megk\u00fcld\u00e9se. B\u00e1r a KAVK honlapj\u00e1n is megtal\u00e1lhat\u00f3 a tov\u00e1bbi elj\u00e1r\u00e1s le\u00edr\u00e1sa a teljess\u00e9g kedv\u00e9\u00e9rt le\u00edrom: A k\u00e9relemnek [&hellip;]<\/p>\n","protected":false},"author":1,"featured_media":0,"parent":0,"menu_order":0,"comment_status":"closed","ping_status":"closed","template":"","meta":{"_exactmetrics_skip_tracking":false,"_exactmetrics_sitenote_active":false,"_exactmetrics_sitenote_note":"","_exactmetrics_sitenote_category":0,"footnotes":""},"class_list":["post-1161","page","type-page","status-publish","hentry"],"_links":{"self":[{"href":"https:\/\/autoinfo.hu\/szvk\/index.php\/wp-json\/wp\/v2\/pages\/1161","targetHints":{"allow":["GET"]}}],"collection":[{"href":"https:\/\/autoinfo.hu\/szvk\/index.php\/wp-json\/wp\/v2\/pages"}],"about":[{"href":"https:\/\/autoinfo.hu\/szvk\/index.php\/wp-json\/wp\/v2\/types\/page"}],"author":[{"embeddable":true,"href":"https:\/\/autoinfo.hu\/szvk\/index.php\/wp-json\/wp\/v2\/users\/1"}],"replies":[{"embeddable":true,"href":"https:\/\/autoinfo.hu\/szvk\/index.php\/wp-json\/wp\/v2\/comments?post=1161"}],"version-history":[{"count":14,"href":"https:\/\/autoinfo.hu\/szvk\/index.php\/wp-json\/wp\/v2\/pages\/1161\/revisions"}],"predecessor-version":[{"id":1582,"href":"https:\/\/autoinfo.hu\/szvk\/index.php\/wp-json\/wp\/v2\/pages\/1161\/revisions\/1582"}],"wp:attachment":[{"href":"https:\/\/autoinfo.hu\/szvk\/index.php\/wp-json\/wp\/v2\/media?parent=1161"}],"curies":[{"name":"wp","href":"https:\/\/api.w.org\/{rel}","templated":true}]}}