{"id":1154,"date":"2024-02-28T19:26:36","date_gmt":"2024-02-28T18:26:36","guid":{"rendered":"https:\/\/autoinfo.hu\/szvk\/?page_id=1154"},"modified":"2024-03-01T14:31:11","modified_gmt":"2024-03-01T13:31:11","slug":"kompetencia-vizsgakerdesek","status":"publish","type":"page","link":"https:\/\/autoinfo.hu\/szvk\/index.php\/kompetencia-vizsgakerdesek\/","title":{"rendered":"Kompetencia vizsgak\u00e9rd\u00e9sek"},"content":{"rendered":"<p><a href=\"https:\/\/autoinfo.hu\/szvk\/wp-content\/uploads\/2024\/02\/alap-biztonsagi-kompetencia-vizsgakerdesek-2.pdf\" target=\"_blank\" rel=\"noopener\">Alap biztons\u00e1gi kompetencia vizsgak\u00e9rd\u00e9sek<\/a><\/p>\n<p><strong>1.\u00c9letment\u0151 felszerel\u00e9sek haszn\u00e1lata (v\u00edzbe es\u00e9s, v\u00edzb\u0151l ment\u00e9s), a haj\u00f3fed\u00e9lzeti ment\u0151-eszk\u00f6z\u00f6k, a v\u00edzbees\u00e9s kock\u00e1zata, ment\u0151mell\u00e9ny.<\/strong><\/p>\n<p>1.1. Soroljon fel a haj\u00f3 fed\u00e9lzet\u00e9n megtal\u00e1lhat\u00f3 egy\u00e9ni ment\u0151eszk\u00f6z\u00f6ket!<br \/>\n1.2. Soroljon fel a haj\u00f3 fed\u00e9lzet\u00e9n megtal\u00e1lhat\u00f3 csoportos ment\u0151eszk\u00f6z\u00f6ket!<br \/>\n1.3. Mire szolg\u00e1l a ment\u0151gy\u0171r\u0171, ment\u0151patk\u00f3, hogyan \u00e9s mikor haszn\u00e1ljuk?<br \/>\n1.4. Mire szolg\u00e1l a ment\u0151pad \u00e9s ment\u0151p\u00e1rna?<br \/>\n1.5. Hogyan t\u00f6rt\u00e9nik a ment\u0151cs\u00f3nak v\u00edzre bocs\u00e1t\u00e1sa?<br \/>\n1.6. Sorolja fel azokat az eseteket, amikor fokozottan fenn\u00e1ll a v\u00edzbees\u00e9s kock\u00e1zata!<br \/>\n1.7. Milyen vesz\u00e9lyt jelent a v\u00edzbe esettre az alacsony v\u00edzh\u0151m\u00e9rs\u00e9klet?<br \/>\n1.8. Milyen vesz\u00e9lyt jelent a v\u00edzbeesettre a nagy sebess\u00e9ggel \u00e1raml\u00f3 v\u00edz?<br \/>\n1.9. Milyen vesz\u00e9lyt jelent a v\u00edzbeesettre a nagy haj\u00f3forgalom?<br \/>\n1.10. Hogyan v\u00e9gzi a v\u00edzbeesett kiment\u00e9s\u00e9t a haj\u00f3 fed\u00e9lzet\u00e9r\u0151l?<br \/>\n1.11. Melyek a hipotermia t\u00fcnetei?<br \/>\n1.12. Hogyan kezeli a kih\u0171l\u00e9ses \u00e1llapotba ker\u00fclt s\u00e9r\u00fcltet?<br \/>\n1.13. Ismertesse a kih\u0171l\u00e9ses \u00e1llapot \u00e9s a sokk kapcsolat\u00e1t!<br \/>\n1.14. Hogyan kezeli a v\u00edzb\u0151l kimentett s\u00e9r\u00fcltet, amennyiben az illet\u0151 l\u00e9gz\u00e9se le\u00e1llt?<br \/>\n1.15. Mire szolg\u00e1l a ment\u0151mell\u00e9ny?<br \/>\n1.16. Milyen a ment\u0151mell\u00e9ny kialak\u00edt\u00e1sa, milyen r\u00e9szei vannak?<br \/>\n1.17. Milyen t\u00edpus\u00fa ment\u0151mell\u00e9nyeket ismer?<br \/>\n1.18. Hogyan t\u00f6rt\u00e9nik a ment\u0151mell\u00e9ny felv\u00e9tele?<br \/>\n1.19. Milyen ment\u0151mell\u00e9ny alkalmazhat\u00f3 a haj\u00f3z\u00e1sban?<br \/>\n1.20. Mit kell ellen\u0151riznie a ment\u0151mell\u00e9nyen annak haszn\u00e1lata el\u0151tt?<\/p>\n<p><strong>2. A haj\u00f3fed\u00e9lzet, mint k\u00fcl\u00f6nleges munkak\u00f6rnyezet, biztons\u00e1gos k\u00f6zleked\u00e9s \u00e9s tev\u00e9kenys\u00e9g a haj\u00f3fed\u00e9lzeten, a haj\u00f3fed\u00e9lzeti vesz\u00e9lyhelyzet sor\u00e1n alkalmazott elj\u00e1r\u00e1sok, munkav\u00e9gz\u00e9s k\u00f6telekkel, sodronyk\u00f6telekkel.<\/strong><\/p>\n<p>2.1. Milyen egy\u00e9ni munkav\u00e9delmi eszk\u00f6z\u00f6ket ismer?<br \/>\n2.2. Mi jellemzi a munkav\u00e9delmi cip\u0151ket?<br \/>\n2.3. Milyen vesz\u00e9lye van a magasban t\u00f6rt\u00e9n\u0151 munkav\u00e9gz\u00e9snek?<br \/>\n2.4. A haj\u00f3fed\u00e9lzet mely ter\u00fcletei jelenthetnek vesz\u00e9lyt a munkav\u00e9gz\u00e9s sor\u00e1n?<br \/>\n2.5. Milyen vesz\u00e9lyei vannak a g\u00e9ph\u00e1zban zajl\u00f3 munkav\u00e9gz\u00e9snek?<br \/>\n2.6. Hogyan v\u00e9gz\u00fcnk munk\u00e1t a haj\u00f3 radar\/r\u00e1di\u00f3 antenn\u00e1ja k\u00f6zel\u00e9ben?<br \/>\n2.7. Mire kell \u00fcgyelni a mozg\u00f3 alkatr\u00e9szek k\u00f6zel\u00e9ben v\u00e9gzett munka eset\u00e9n?<br \/>\n2.8. Milyen vesz\u00e9lyei vannak a z\u00e1rt r\u00e9szekben v\u00e9gzett munk\u00e1nak, milyen el\u0151k\u00e9sz\u00fcleteket ig\u00e9nyel?<br \/>\n2.9. Mi a haj\u00f3fed\u00e9lzeti v\u00e9szhelyzeti tervek szerepe?<br \/>\n2.10. Hogyan zajlik a haj\u00f3 v\u00e9szhelyzeti ki\u00fcr\u00edt\u00e9se?<br \/>\n2.11. Hogyan zajlik a v\u00edzbeesett kiment\u00e9se?<br \/>\n2.12. Besz\u00e9ljen a vesz\u00e9lyhelyzet sor\u00e1n, az utasokkal zajl\u00f3 kommunik\u00e1ci\u00f3r\u00f3l!<br \/>\n2.13. Hogyan m\u0171k\u00f6dik a k\u00f6t\u00e9lfesz\u00edt\u0151 cs\u00f6rl\u0151?<br \/>\n2.14. Milyen vesz\u00e9lyek jelentkezhetnek a k\u00f6t\u00e9lfesz\u00edt\u0151 cs\u00f6rl\u0151k haszn\u00e1latakor?<br \/>\n2.15. Melyek a k\u00f6telekkel, sodronyk\u00f6telekkel v\u00e9gzett munka sor\u00e1n alkalmazott munkav\u00e9delmi eszk\u00f6-<br \/>\nz\u00f6k, felszerel\u00e9sek?<br \/>\n2.16. A sodronyk\u00f6telekkel v\u00e9gzett munka milyen vesz\u00e9lyeket rejt?<\/p>\n<p><strong>3. Haj\u00f3fed\u00e9lzeti t\u0171zolt\u00e1s, A haj\u00f3fed\u00e9lzeti t\u0171zolt\u00f3 berendez\u00e9sek, A hordozhat\u00f3 t\u0171zolt\u00f3 berendez\u00e9sek haszn\u00e1lata.<\/strong><\/p>\n<p>3.1. Milyen k\u00e9zi m\u0171k\u00f6dtet\u00e9s\u0171 t\u0171zolt\u00f3 berendez\u00e9seket ismer?<br \/>\n3.2. A t\u0171z jelleg\u00e9nek megfelel\u0151en mikor \u00e9s milyen t\u0171zolt\u00f3 berendez\u00e9seket haszn\u00e1lhatunk?<br \/>\n3.3. Hogyan m\u0171k\u00f6dik a t\u0171zolt\u00f3v\u00edz h\u00e1l\u00f3zat a haj\u00f3n?<br \/>\n3.4. Hogyan m\u0171k\u00f6dtetj\u00fck a k\u00e9zi t\u0171zolt\u00f3 berendez\u00e9st?<br \/>\n3.5. Mire kell \u00fcgyelnie a CO2 olt\u00f3k\u00e9sz\u00fcl\u00e9k haszn\u00e1lata k\u00f6zben?<\/p>\n<p><strong>4. Zajterhel\u00e9s a haj\u00f3fed\u00e9lzeten, zajforr\u00e1sok, a zaj \u00e9lettani hat\u00e1sa, zajv\u00e9delem<\/strong><\/p>\n<p>4.1. Sorolja fel a haj\u00f3fed\u00e9lzeti zajforr\u00e1sokat!<br \/>\n4.2. Milyen eg\u00e9szs\u00e9gk\u00e1ros\u00edt\u00f3 hat\u00e1sai vannak a r\u00f6vid \u00e9s hossz\u00fat\u00e1v\u00fa zajterhel\u00e9snek?<br \/>\n4.3. Hogyan cs\u00f6kkenthetj\u00fck a haj\u00f3n a k\u00f6rnyezet zajterhel\u00e9s\u00e9t?<br \/>\n4.4. Milyen egy\u00e9ni haszn\u00e1lat\u00fa zajv\u00e9d\u0151 felszerel\u00e9sek l\u00e9teznek?<\/p>\n<p><strong>5. Vesz\u00e9lyes anyagok kezel\u00e9se a haj\u00f3n, vesz\u00e9lyes anyagok, a vesz\u00e9lyes anyagok hat\u00e1sa az eg\u00e9szs\u00e9gre, munkav\u00e9delem vesz\u00e9lyes anyagokkal val\u00f3 \u00e9rintkez\u00e9s, munkav\u00e9gz\u00e9s eset\u00e9n.<\/strong><\/p>\n<p>5.1. Milyen vesz\u00e9lyes anyagokkal tal\u00e1lkozhat a haj\u00f3n?<br \/>\n5.2. Hogyan t\u00e1roljuk a vesz\u00e9lyes anyagokat a haj\u00f3fed\u00e9lzeten?<br \/>\n5.3. Mire \u00fcgyel a fed\u00e9lzet vegyi anyagokkal t\u00f6rt\u00e9n\u0151 tiszt\u00edt\u00e1sakor?<br \/>\n5.4. Milyen hat\u00e1sa lehet az egyes vesz\u00e9lyes anyagoknak az emberi szervezetre?<br \/>\n5.5. Milyen el\u0151k\u00e9sz\u00fcleteket kell tenni vesz\u00e9lyes anyagokkal t\u00f6rt\u00e9n\u0151 munkav\u00e9gz\u00e9skor?<br \/>\n5.6. Milyen, a vesz\u00e9lyes anyagokkal val\u00f3 munkav\u00e9gz\u00e9s sor\u00e1n alkalmazand\u00f3 egy\u00e9ni munkav\u00e9delmi eszk\u00f6z\u00f6ket ismer?<\/p>\n<p><strong>6. Alapszint\u0171 els\u0151seg\u00e9lyny\u00fajt\u00e1s, els\u0151seg\u00e9ly ny\u00fajt\u00e1si elj\u00e1r\u00e1sok<\/strong><\/p>\n<p>6.1. Milyen \u00e9letfunkci\u00f3kat \u00e9s hogyan ellen\u0151rz\u00fcnk az els\u0151seg\u00e9ly ny\u00fajt\u00e1s kezdet\u00e9n?<br \/>\n6.2. Milyen v\u00e9rz\u00e9s t\u00edpusokat ismer?<br \/>\n6.3. Hogyan ismeri fel a v\u00e9gtagt\u00f6r\u00e9st?<br \/>\n6.4. Hogyan l\u00e1tja el az \u00fct\u0151eres v\u00e9rz\u00e9ses s\u00e9r\u00fcltet?<br \/>\n6.5. Hogyan l\u00e1tja el a hajsz\u00e1leres v\u00e9rz\u00e9ses s\u00e9r\u00fcltet?<br \/>\n6.6. Hogyan l\u00e1tja el a visszeres v\u00e9rz\u00e9ses s\u00e9r\u00fcltet?<br \/>\n6.7. Mi a teend\u0151 val\u00f3sz\u00edn\u0171s\u00edthet\u0151 gerincs\u00e9r\u00fcl\u00e9s eset\u00e9n?<br \/>\n6.8. Hogyan l\u00e1tja el a sokkos \u00e1llapotban l\u00e9v\u0151 s\u00e9r\u00fcltet?<br \/>\n6.9. Hogyan m\u0171k\u00f6dik az automata \u00e9letment\u0151 defibrill\u00e1tor berendez\u00e9s?<br \/>\n6.10. Hogyan ismeri fel a m\u00e9rgez\u00e9s t\u00fcneteit?<br \/>\n6.11. Mit jelent a stabil oldalfekv\u00e9s, mikor alkalmazzuk?<br \/>\n6.12. Mikor v\u00e9gez mellkaskompresszi\u00f3t?<br \/>\n6.13. Hogyan v\u00e9gzi a mellkaskompresszi\u00f3t?<br \/>\n6.14. Mit kell tenni s\u00e9r\u00fclt szem\u00e9ly \u00e9szlel\u00e9se eset\u00e9n?<br \/>\n6.15. Melyek a sz\u00edvinfarktus t\u00fcnetei?<br \/>\n6.16. Melyek az sztr\u00f3k t\u00fcnetei?<\/p>\n<p><strong>7. Kommunik\u00e1ci\u00f3 idegen nyelven, vesz\u00e9lyhelyzeti kommunik\u00e1ci\u00f3<\/strong><\/p>\n<p>7.1 Mondja ki \u00e9s hat\u00e1rozza meg, hogy milyen esetekben haszn\u00e1lja az al\u00e1bbi kifejez\u00e9seket:<br \/>\n1. There is a dangerous situation.<br \/>\n2. The ship is on fire.<br \/>\n3. The ship is aground.<br \/>\n4. The ship is collided.<br \/>\n5. The ship is flooding.<br \/>\n6. Someone has fallen overboard.<br \/>\n7. I need assistance.<br \/>\n8. There is a medical emergency.<\/p>\n","protected":false},"excerpt":{"rendered":"<p>Alap biztons\u00e1gi kompetencia vizsgak\u00e9rd\u00e9sek 1.\u00c9letment\u0151 felszerel\u00e9sek haszn\u00e1lata (v\u00edzbe es\u00e9s, v\u00edzb\u0151l ment\u00e9s), a haj\u00f3fed\u00e9lzeti ment\u0151-eszk\u00f6z\u00f6k, a v\u00edzbees\u00e9s kock\u00e1zata, ment\u0151mell\u00e9ny. 1.1. Soroljon fel a haj\u00f3 fed\u00e9lzet\u00e9n megtal\u00e1lhat\u00f3 egy\u00e9ni ment\u0151eszk\u00f6z\u00f6ket! 1.2. Soroljon fel a haj\u00f3 fed\u00e9lzet\u00e9n megtal\u00e1lhat\u00f3 csoportos ment\u0151eszk\u00f6z\u00f6ket! 1.3. Mire szolg\u00e1l a ment\u0151gy\u0171r\u0171, ment\u0151patk\u00f3, hogyan \u00e9s mikor haszn\u00e1ljuk? 1.4. Mire szolg\u00e1l a ment\u0151pad \u00e9s ment\u0151p\u00e1rna? 1.5. Hogyan [&hellip;]<\/p>\n","protected":false},"author":1,"featured_media":0,"parent":0,"menu_order":0,"comment_status":"closed","ping_status":"closed","template":"","meta":{"_exactmetrics_skip_tracking":false,"_exactmetrics_sitenote_active":false,"_exactmetrics_sitenote_note":"","_exactmetrics_sitenote_category":0,"footnotes":""},"class_list":["post-1154","page","type-page","status-publish","hentry"],"_links":{"self":[{"href":"https:\/\/autoinfo.hu\/szvk\/index.php\/wp-json\/wp\/v2\/pages\/1154","targetHints":{"allow":["GET"]}}],"collection":[{"href":"https:\/\/autoinfo.hu\/szvk\/index.php\/wp-json\/wp\/v2\/pages"}],"about":[{"href":"https:\/\/autoinfo.hu\/szvk\/index.php\/wp-json\/wp\/v2\/types\/page"}],"author":[{"embeddable":true,"href":"https:\/\/autoinfo.hu\/szvk\/index.php\/wp-json\/wp\/v2\/users\/1"}],"replies":[{"embeddable":true,"href":"https:\/\/autoinfo.hu\/szvk\/index.php\/wp-json\/wp\/v2\/comments?post=1154"}],"version-history":[{"count":7,"href":"https:\/\/autoinfo.hu\/szvk\/index.php\/wp-json\/wp\/v2\/pages\/1154\/revisions"}],"predecessor-version":[{"id":1198,"href":"https:\/\/autoinfo.hu\/szvk\/index.php\/wp-json\/wp\/v2\/pages\/1154\/revisions\/1198"}],"wp:attachment":[{"href":"https:\/\/autoinfo.hu\/szvk\/index.php\/wp-json\/wp\/v2\/media?parent=1154"}],"curies":[{"name":"wp","href":"https:\/\/api.w.org\/{rel}","templated":true}]}}