{"id":1150,"date":"2024-02-28T19:07:02","date_gmt":"2024-02-28T18:07:02","guid":{"rendered":"https:\/\/autoinfo.hu\/szvk\/?page_id=1150"},"modified":"2026-01-21T11:09:04","modified_gmt":"2026-01-21T10:09:04","slug":"tervezett-vizsgaidopontok","status":"publish","type":"page","link":"https:\/\/autoinfo.hu\/szvk\/index.php\/tervezett-vizsgaidopontok\/","title":{"rendered":"Tervezett oktat\u00e1si \u00e9s vizsgaid\u0151pontok"},"content":{"rendered":"<p>2026 \u00e9vi tervezett oktat\u00e1si \u00e9s vizsgaid\u0151pontok <a href=\"https:\/\/autoinfo.hu\/szvk\/wp-content\/uploads\/2026\/01\/vizsgarend_tervezet_2026.xls\">let\u00f6lt\u00e9se<\/a>.<\/p>\n","protected":false},"excerpt":{"rendered":"<p>2026 \u00e9vi tervezett oktat\u00e1si \u00e9s vizsgaid\u0151pontok let\u00f6lt\u00e9se.<\/p>\n","protected":false},"author":1,"featured_media":0,"parent":0,"menu_order":0,"comment_status":"closed","ping_status":"closed","template":"","meta":{"_exactmetrics_skip_tracking":false,"_exactmetrics_sitenote_active":false,"_exactmetrics_sitenote_note":"","_exactmetrics_sitenote_category":0,"footnotes":""},"class_list":["post-1150","page","type-page","status-publish","hentry"],"_links":{"self":[{"href":"https:\/\/autoinfo.hu\/szvk\/index.php\/wp-json\/wp\/v2\/pages\/1150","targetHints":{"allow":["GET"]}}],"collection":[{"href":"https:\/\/autoinfo.hu\/szvk\/index.php\/wp-json\/wp\/v2\/pages"}],"about":[{"href":"https:\/\/autoinfo.hu\/szvk\/index.php\/wp-json\/wp\/v2\/types\/page"}],"author":[{"embeddable":true,"href":"https:\/\/autoinfo.hu\/szvk\/index.php\/wp-json\/wp\/v2\/users\/1"}],"replies":[{"embeddable":true,"href":"https:\/\/autoinfo.hu\/szvk\/index.php\/wp-json\/wp\/v2\/comments?post=1150"}],"version-history":[{"count":18,"href":"https:\/\/autoinfo.hu\/szvk\/index.php\/wp-json\/wp\/v2\/pages\/1150\/revisions"}],"predecessor-version":[{"id":1650,"href":"https:\/\/autoinfo.hu\/szvk\/index.php\/wp-json\/wp\/v2\/pages\/1150\/revisions\/1650"}],"wp:attachment":[{"href":"https:\/\/autoinfo.hu\/szvk\/index.php\/wp-json\/wp\/v2\/media?parent=1150"}],"curies":[{"name":"wp","href":"https:\/\/api.w.org\/{rel}","templated":true}]}}