{"id":1142,"date":"2024-02-28T18:41:09","date_gmt":"2024-02-28T17:41:09","guid":{"rendered":"https:\/\/autoinfo.hu\/szvk\/?page_id=1142"},"modified":"2026-04-01T22:37:13","modified_gmt":"2026-04-01T21:37:13","slug":"aktualis-tanfolyam","status":"publish","type":"page","link":"https:\/\/autoinfo.hu\/szvk\/index.php\/aktualis-tanfolyam\/","title":{"rendered":"Aktu\u00e1lis k\u00e9pz\u00e9s"},"content":{"rendered":"<p>A <strong>Haj\u00f3s Szolg\u00e1lati K\u00f6nyv kiv\u00e1lt\u00e1sa<\/strong> \u00e9rdek\u00e9ben az AUTOINFO HUNGARY EC az \u00c9KM \u00e1ltal <strong>HHF\/27262-3\/2023-\u00c9KM<\/strong> sz\u00e1mon enged\u00e9lyezett k\u00e9pz\u00e9s keret\u00e9ben haj\u00f3s biztons\u00e1gi alapk\u00e9pz\u00e9st \u00e9s kompetencia vizsg\u00e1t szervez.<br \/>\nA k\u00e9pz\u00e9s tervezett id\u0151beoszt\u00e1sa:<\/p>\n<p>2026.04.24. Elm\u00e9leti k\u00e9pz\u00e9s t\u00e1voktat\u00e1ssal<br \/>\n2026.04.27. Gyakorlati oktat\u00e1s a Szegedi Vitorl\u00e1s Kik\u00f6t\u0151ben<br \/>\n2026.04.28. Gyakorlati oktat\u00e1s \u00e9s vizsga a Szegedi Vitorl\u00e1s Kik\u00f6t\u0151ben.<\/p>\n<p>R\u00e9szletes t\u00e1j\u00e9koztat\u00f3 megtal\u00e1lhat\u00f3 a <a href=\"https:\/\/autoinfo.hu\/szvk\/index.php\/kompetencia-vizsga-tajekoztato\/\">t\u00e1j\u00e9koztat\u00f3<\/a> men\u00fcpontban.<br \/>\n\u00c9rdekl\u0151d\u00e9s eset\u00e9n k\u00e9r\u00e9sre let\u00f6lthet\u0151 a tervezett <a href=\"https:\/\/autoinfo.hu\/szvk\/index.php\/alap-biztonsagi-kompetencia-kepzes-megallapodas\/\">meg\u00e1llapod\u00e1s<\/a>, melynek E-mailben t\u00f6rt\u00e9n\u0151 megk\u00fcld\u00e9se ut\u00e1n az oktat\u00f3 vide\u00f3t el\u00e9rhet\u0151v\u00e9 teszem sz\u00e1modra, \u00edgy az elm\u00e9leti felk\u00e9sz\u00fcl\u00e9s m\u00e1r kor\u00e1bban is elkezdhet\u0151.<\/p>\n<p>Egyben k\u00e9rem, hogy m\u00e1s, a k\u00e9pz\u00e9s ir\u00e1nt \u00e9rdekl\u0151d\u0151 ismer\u0151seidet t\u00e1j\u00e9koztasd a lehet\u0151s\u00e9gr\u0151l.<\/p>\n<p>K\u00f6sz\u00f6nettel:<br \/>\nKipper Gy\u00f6rgy<br \/>\n+36 30 978 6313<\/p>\n","protected":false},"excerpt":{"rendered":"<p>A Haj\u00f3s Szolg\u00e1lati K\u00f6nyv kiv\u00e1lt\u00e1sa \u00e9rdek\u00e9ben az AUTOINFO HUNGARY EC az \u00c9KM \u00e1ltal HHF\/27262-3\/2023-\u00c9KM sz\u00e1mon enged\u00e9lyezett k\u00e9pz\u00e9s keret\u00e9ben haj\u00f3s biztons\u00e1gi alapk\u00e9pz\u00e9st \u00e9s kompetencia vizsg\u00e1t szervez. A k\u00e9pz\u00e9s tervezett id\u0151beoszt\u00e1sa: 2026.04.24. Elm\u00e9leti k\u00e9pz\u00e9s t\u00e1voktat\u00e1ssal 2026.04.27. Gyakorlati oktat\u00e1s a Szegedi Vitorl\u00e1s Kik\u00f6t\u0151ben 2026.04.28. Gyakorlati oktat\u00e1s \u00e9s vizsga a Szegedi Vitorl\u00e1s Kik\u00f6t\u0151ben. R\u00e9szletes t\u00e1j\u00e9koztat\u00f3 megtal\u00e1lhat\u00f3 a t\u00e1j\u00e9koztat\u00f3 men\u00fcpontban. [&hellip;]<\/p>\n","protected":false},"author":1,"featured_media":0,"parent":0,"menu_order":0,"comment_status":"closed","ping_status":"closed","template":"","meta":{"_exactmetrics_skip_tracking":false,"_exactmetrics_sitenote_active":false,"_exactmetrics_sitenote_note":"","_exactmetrics_sitenote_category":0,"footnotes":""},"class_list":["post-1142","page","type-page","status-publish","hentry"],"_links":{"self":[{"href":"https:\/\/autoinfo.hu\/szvk\/index.php\/wp-json\/wp\/v2\/pages\/1142","targetHints":{"allow":["GET"]}}],"collection":[{"href":"https:\/\/autoinfo.hu\/szvk\/index.php\/wp-json\/wp\/v2\/pages"}],"about":[{"href":"https:\/\/autoinfo.hu\/szvk\/index.php\/wp-json\/wp\/v2\/types\/page"}],"author":[{"embeddable":true,"href":"https:\/\/autoinfo.hu\/szvk\/index.php\/wp-json\/wp\/v2\/users\/1"}],"replies":[{"embeddable":true,"href":"https:\/\/autoinfo.hu\/szvk\/index.php\/wp-json\/wp\/v2\/comments?post=1142"}],"version-history":[{"count":37,"href":"https:\/\/autoinfo.hu\/szvk\/index.php\/wp-json\/wp\/v2\/pages\/1142\/revisions"}],"predecessor-version":[{"id":1706,"href":"https:\/\/autoinfo.hu\/szvk\/index.php\/wp-json\/wp\/v2\/pages\/1142\/revisions\/1706"}],"wp:attachment":[{"href":"https:\/\/autoinfo.hu\/szvk\/index.php\/wp-json\/wp\/v2\/media?parent=1142"}],"curies":[{"name":"wp","href":"https:\/\/api.w.org\/{rel}","templated":true}]}}