{"id":113,"date":"2018-11-10T08:51:09","date_gmt":"2018-11-10T08:51:09","guid":{"rendered":"http:\/\/autoinfo.hu\/szvk\/?page_id=113"},"modified":"2024-12-17T21:59:22","modified_gmt":"2024-12-17T20:59:22","slug":"faliora","status":"publish","type":"page","link":"https:\/\/autoinfo.hu\/szvk\/index.php\/faliora\/","title":{"rendered":"K\u00d3DLOBOG\u00d3S FALI\u00d3RA"},"content":{"rendered":"<p><img loading=\"lazy\" decoding=\"async\" class=\"alignnone wp-image-121\" src=\"http:\/\/autoinfo.hu\/szvk\/wp-content\/uploads\/2018\/11\/kodlobogos_faliora_28_5_total-300x225.jpg\" alt=\"\" width=\"465\" height=\"349\" srcset=\"https:\/\/autoinfo.hu\/szvk\/wp-content\/uploads\/2018\/11\/kodlobogos_faliora_28_5_total-300x225.jpg 300w, https:\/\/autoinfo.hu\/szvk\/wp-content\/uploads\/2018\/11\/kodlobogos_faliora_28_5_total-768x576.jpg 768w, https:\/\/autoinfo.hu\/szvk\/wp-content\/uploads\/2018\/11\/kodlobogos_faliora_28_5_total-1024x768.jpg 1024w, https:\/\/autoinfo.hu\/szvk\/wp-content\/uploads\/2018\/11\/kodlobogos_faliora_28_5_total-624x468.jpg 624w\" sizes=\"auto, (max-width: 465px) 100vw, 465px\" \/><\/p>\n<p>Az anal\u00f3g kvarc \u00f3ra sz\u00e1mlapja egyedi tervez\u00e9s\u0171 5 az 1-ben.<\/p>\n<p>&#8211; Az anal\u00f3g kijelz\u00e9s\u0171 \u00f3ra megjelen\u00e9se szok\u00e1sos.<span class=\"text_exposed_show\"><br \/>\n&#8211; A haj\u00f3z\u00e1sban haszn\u00e1lt k\u00f3dlobog\u00f3kkal ker\u00fclt kieg\u00e9sz\u00edt\u00e9sre.<br \/>\n&#8211; A k\u00fcls\u0151 \u00edven a haj\u00f3z\u00e1si r\u00e1di\u00f3z\u00e1sban haszn\u00e1lt elnevez\u00e9sek olvashat\u00f3k.<br \/>\n&#8211; Sug\u00e1r ir\u00e1nyban a sz\u00e1mok \u00e9s bet\u0171k MORSE jelei l\u00e1that\u00f3k.<br \/>\n+ A sz\u00e1mlap a kardin\u00e1lis kit\u0171z\u00e9s b\u00f3j\u00e1ival ker\u00fclt tov\u00e1bbi kieg\u00e9sz\u00edt\u00e9sre.<\/span><\/p>\n<div class=\"text_exposed_show\">\n<p>Az \u00f3ra praktikus tartoz\u00e9ka lehet oktat\u00f3termek, klubh\u00e1zak fal\u00e1nak vagy sz\u00ednes dekor\u00e1ci\u00f3ja a nyaral\u00f3nak, szob\u00e1nak.<\/p>\n<p>A k\u00e9pen l\u00e1that\u00f3 m\u00e9ret a tartalomhoz, belt\u00e9ri elhelyez\u00e9shez optim\u00e1lis.<br \/>\n31,5 cm \u00e1tm\u00e9r\u0151 28,5 cm-es sz\u00e1mlappal brutt\u00f3 7900 Ft\/db<br \/>\nM\u00e1s m\u00e9retben is megrendelhet\u0151:(egyedi \u00e1r)<br \/>\nAz \u00e1r a csomagk\u00fcld\u00e9s d\u00edj\u00e1t nem tartalmazza.<br \/>\nMegrendel\u00e9s: kipper@autoinfo.hu<\/p>\n<p>\u00c9rdekl\u0151dni lehet:<br \/>\nKipper Gy\u00f6rgy<br \/>\nAUTOINFO HUNGARY EC<br \/>\n6720 SZEGED Kazinczy u. 12.<br \/>\n+36 30 978 6313<br \/>\n+36 62 547 000<br \/>\nJ\u00f3 szelet!<\/p>\n<\/div>\n","protected":false},"excerpt":{"rendered":"<p>Az anal\u00f3g kvarc \u00f3ra sz\u00e1mlapja egyedi tervez\u00e9s\u0171 5 az 1-ben. &#8211; Az anal\u00f3g kijelz\u00e9s\u0171 \u00f3ra megjelen\u00e9se szok\u00e1sos. &#8211; A haj\u00f3z\u00e1sban haszn\u00e1lt k\u00f3dlobog\u00f3kkal ker\u00fclt kieg\u00e9sz\u00edt\u00e9sre. &#8211; A k\u00fcls\u0151 \u00edven a haj\u00f3z\u00e1si r\u00e1di\u00f3z\u00e1sban haszn\u00e1lt elnevez\u00e9sek olvashat\u00f3k. &#8211; Sug\u00e1r ir\u00e1nyban a sz\u00e1mok \u00e9s bet\u0171k MORSE jelei l\u00e1that\u00f3k. + A sz\u00e1mlap a kardin\u00e1lis kit\u0171z\u00e9s b\u00f3j\u00e1ival ker\u00fclt tov\u00e1bbi kieg\u00e9sz\u00edt\u00e9sre. Az [&hellip;]<\/p>\n","protected":false},"author":1,"featured_media":0,"parent":0,"menu_order":0,"comment_status":"closed","ping_status":"closed","template":"","meta":{"_exactmetrics_skip_tracking":false,"_exactmetrics_sitenote_active":false,"_exactmetrics_sitenote_note":"","_exactmetrics_sitenote_category":0,"footnotes":""},"class_list":["post-113","page","type-page","status-publish","hentry"],"_links":{"self":[{"href":"https:\/\/autoinfo.hu\/szvk\/index.php\/wp-json\/wp\/v2\/pages\/113","targetHints":{"allow":["GET"]}}],"collection":[{"href":"https:\/\/autoinfo.hu\/szvk\/index.php\/wp-json\/wp\/v2\/pages"}],"about":[{"href":"https:\/\/autoinfo.hu\/szvk\/index.php\/wp-json\/wp\/v2\/types\/page"}],"author":[{"embeddable":true,"href":"https:\/\/autoinfo.hu\/szvk\/index.php\/wp-json\/wp\/v2\/users\/1"}],"replies":[{"embeddable":true,"href":"https:\/\/autoinfo.hu\/szvk\/index.php\/wp-json\/wp\/v2\/comments?post=113"}],"version-history":[{"count":7,"href":"https:\/\/autoinfo.hu\/szvk\/index.php\/wp-json\/wp\/v2\/pages\/113\/revisions"}],"predecessor-version":[{"id":1471,"href":"https:\/\/autoinfo.hu\/szvk\/index.php\/wp-json\/wp\/v2\/pages\/113\/revisions\/1471"}],"wp:attachment":[{"href":"https:\/\/autoinfo.hu\/szvk\/index.php\/wp-json\/wp\/v2\/media?parent=113"}],"curies":[{"name":"wp","href":"https:\/\/api.w.org\/{rel}","templated":true}]}}