{"id":1033,"date":"2023-08-25T14:02:03","date_gmt":"2023-08-25T13:02:03","guid":{"rendered":"https:\/\/autoinfo.hu\/szvk\/?page_id=1033"},"modified":"2026-02-22T23:32:02","modified_gmt":"2026-02-22T22:32:02","slug":"kompetencia-vizsga-tajekoztato","status":"publish","type":"page","link":"https:\/\/autoinfo.hu\/szvk\/index.php\/kompetencia-vizsga-tajekoztato\/","title":{"rendered":"Kompetencia vizsga t\u00e1j\u00e9koztat\u00f3"},"content":{"rendered":"<p><strong>A HAJ\u00d3S BIZTONS\u00c1GI ALAPK\u00c9PZ\u00c9SR\u0150L \u00c9S<br \/>\nA KOMPETENCIA VIZSGA FELT\u00c9TELEIR\u0150L<\/strong><\/p>\n<p>12\/2022.(IV.14.) ITM rendelet a haj\u00f3s szolg\u00e1lati k\u00f6nyv megszerz\u00e9s\u00e9hez biztons\u00e1gi kompetencia vizsga let\u00e9tel\u00e9t \u00edrja el\u0151.<\/p>\n<p>Az\u00a0 AUTOINFO HUNGARY EC az\u00a0 \u00c9KM \u00e1ltal <strong>HHF\/27262-3\/2023-\u00c9KM<\/strong> sz\u00e1mon enged\u00e9lyezett tanfolyamainak c\u00e9lja ezen vizsg\u00e1ra t\u00f6rt\u00e9n\u0151 felk\u00e9sz\u00edt\u00e9s \u00e9s vizsg\u00e1ztat\u00e1s.<\/p>\n<p>Az elm\u00e9leti k\u00e9pz\u00e9s anyaga oktat\u00f3 vide\u00f3k\u00e9nt a <a href=\"http:\/\/www.autoinfo.hu\/\">www.autoinfo.hu<\/a> serveren \u00e9rhet\u0151 el, a gyakorlati oktat\u00e1sok a Szegedi Vitorl\u00e1skik\u00f6t\u0151ben, a Tisz\u00e1n lesznek. A tanfolyam v\u00e9g\u00e9n a r\u00e9sztvev\u0151k egy f\u00fcggetlen, a vizsgabiztosi n\u00e9vjegyz\u00e9kben szerepl\u0151 vizsgabiztos el\u0151tt vizsg\u00e1znak \u00e9s sikeres vizsga eset\u00e9n az\u00a0 \u00c9KM enged\u00e9ly szerinti k\u00e9pz\u00e9si igazol\u00e1st kapnak.<\/p>\n<p><strong>Az elm\u00e9leti \u00e9s gyakorlati oktat\u00e1sok t\u00e9m\u00e1i:<\/strong> \u25cf \u00c9letment\u0151 eszk\u00f6z\u00f6k haszn\u00e1lata a fullad\u00e1s megel\u0151z\u00e9s\u00e9re, \u25cf A k\u00fcl\u00f6nleges munkak\u00f6rnyezet a haj\u00f3n, \u25cf T\u0171zolt\u00e1s a v\u00edzi j\u00e1rm\u0171v\u00f6n, \u25cf Zaj okozta kock\u00e1zatok a fed\u00e9lzeten, \u25cf Vesz\u00e9lyes anyagok kezel\u00e9se a v\u00edzi j\u00e1rm\u0171veken, \u25cf Alapvet\u0151 els\u0151seg\u00e9ly-ny\u00fajt\u00e1si int\u00e9zked\u00e9sek.<\/p>\n<p>A tanfolyam\u00a0 20 \u00f3ra elm\u00e9leti \u00e9s t\u00falnyom\u00f3 r\u00e9szt gyakorlati k\u00e9pz\u00e9sb\u0151l \u00e1ll, amely h\u00e1rom nap alatt ker\u00fcl lebonyol\u00edt\u00e1sra.<\/p>\n<div>1. nap\u00a0 Elm\u00e9leti k\u00e9pz\u00e9s t\u00e1voktat\u00e1ssal<\/div>\n<div>2. nap\u00a0 Gyakorlati oktat\u00e1s a Szegedi Vitorl\u00e1skik\u00f6t\u0151ben<br \/>\n3. nap\u00a0 Gyakorlati oktat\u00e1s \u00e9s vizsga a Szegedi Vitorl\u00e1skik\u00f6t\u0151ben.<\/div>\n<p>&nbsp;<\/p>\n<p><strong>A tanfolyam elv\u00e9gz\u00e9s\u00e9nek felt\u00e9telei:<\/strong><\/p>\n<ul>\n<li>Az elm\u00e9leti vizsg\u00e1ra jelentkez\u00e9s felt\u00e9tele a <strong>16. \u00e9let\u00e9v bet\u00f6lt\u00e9se<\/strong>.<\/li>\n<li><strong>Orvosi alkalmass\u00e1g<\/strong>, melyr\u0151l az igazol\u00e1st a szakorvosi n\u00e9vjegyz\u00e9kben szerepl\u0151 szakorvos \u00e1ll\u00edthatja ki.<\/li>\n<li>A vizsg\u00e1z\u00f3nak nyilatkozni kell a biztons\u00e1gos <strong>\u00faszni tud\u00e1s<\/strong>\u00e1r\u00f3l.<\/li>\n<\/ul>\n<p>A tanfolyam d\u00edja\u00a0 50.000,- Ft, a vizsgad\u00edj\u00a0 20.000,- Ft.<\/p>\n<p>Az AUTOINFO HUNGARY EC \u00e1ltal ki\u00e1ll\u00edtott k\u00e9pz\u00e9si igazol\u00e1s birtok\u00e1ban, a szakorvosi igazol\u00e1st \u00e9s\u00a0 2 db szabv\u00e1nyos, sz\u00ednes igazolv\u00e1nyk\u00e9pet valamint az okm\u00e1nykiad\u00e1si d\u00edj\u00a0 KAVK-nak t\u00f6rt\u00e9n\u0151 \u00e1tutal\u00e1s\u00e1t igazol\u00f3 bizonylat\u00e1t mell\u00e9kelve lehet a haj\u00f3sk\u00f6nyv ki\u00e1ll\u00edt\u00e1s\u00e1t k\u00e9relmezni.<\/p>\n<p>A haj\u00f3sk\u00f6nyv a KAVK \u00e1ltal <strong>gyakornok<\/strong> k\u00e9pes\u00edt\u00e9s bejegyz\u00e9ssel ker\u00fcl kiad\u00e1sra.<br \/>\nA szolg\u00e1lati k\u00f6nyv nyomtatv\u00e1ny\u00e1nak t\u00e9r\u00edt\u00e9si d\u00edja 5400 Ft + az elj\u00e1r\u00e1si d\u00edj 12 000 Ft<br \/>\nA haj\u00f3sk\u00f6nyvi bejegyz\u00e9s d\u00edja\u00a0 8.700 Ft, melyet az okm\u00e1nykiad\u00e1si d\u00edjjal egy\u00fctt lehet \u00e1tutalni.<\/p>\n<p>Jelentkez\u00e9s \u00e9s tov\u00e1bbi r\u00e9szletes inform\u00e1ci\u00f3k:<\/p>\n<p>Kipper Gy\u00f6rgy<br \/>\nMobiltelefon: +36 <strong>30 978 6313<\/strong> \u00a0\u00a0\u00a0 Telefon: +36 <strong>62 547 000<\/strong><br \/>\nE-mailben: <a href=\"mailto:kipper@\">kipper@kipper.hu<\/a>\u00a0\u00a0\u00a0 Skype: Kipper Gy\u00f6rgy<br \/>\nA k\u00e9pz\u0151 szerv neve:\u00a0\u00a0\u00a0 AUTOINFO HUNGARY EC<br \/>\nC\u00edme: 6720 SZEGED Kazinczy u. 12.<\/p>\n<p><a href=\"https:\/\/autoinfo.hu\/szvk\/wp-content\/uploads\/2026\/02\/tajekoztato_alap_kompetencia_vizsga_2026_01.doc\">Haj\u00f3s biztons\u00e1gi alapk\u00e9pz\u00e9s \u00e9s kompetencia vizsga let\u00f6lthet\u0151 t\u00e1j\u00e9koztat\u00f3 (A\/4)<\/a><\/p>\n","protected":false},"excerpt":{"rendered":"<p>A HAJ\u00d3S BIZTONS\u00c1GI ALAPK\u00c9PZ\u00c9SR\u0150L \u00c9S A KOMPETENCIA VIZSGA FELT\u00c9TELEIR\u0150L 12\/2022.(IV.14.) ITM rendelet a haj\u00f3s szolg\u00e1lati k\u00f6nyv megszerz\u00e9s\u00e9hez biztons\u00e1gi kompetencia vizsga let\u00e9tel\u00e9t \u00edrja el\u0151. Az\u00a0 AUTOINFO HUNGARY EC az\u00a0 \u00c9KM \u00e1ltal HHF\/27262-3\/2023-\u00c9KM sz\u00e1mon enged\u00e9lyezett tanfolyamainak c\u00e9lja ezen vizsg\u00e1ra t\u00f6rt\u00e9n\u0151 felk\u00e9sz\u00edt\u00e9s \u00e9s vizsg\u00e1ztat\u00e1s. Az elm\u00e9leti k\u00e9pz\u00e9s anyaga oktat\u00f3 vide\u00f3k\u00e9nt a www.autoinfo.hu serveren \u00e9rhet\u0151 el, a gyakorlati oktat\u00e1sok [&hellip;]<\/p>\n","protected":false},"author":1,"featured_media":0,"parent":0,"menu_order":0,"comment_status":"closed","ping_status":"closed","template":"","meta":{"_exactmetrics_skip_tracking":false,"_exactmetrics_sitenote_active":false,"_exactmetrics_sitenote_note":"","_exactmetrics_sitenote_category":0,"footnotes":""},"class_list":["post-1033","page","type-page","status-publish","hentry"],"_links":{"self":[{"href":"https:\/\/autoinfo.hu\/szvk\/index.php\/wp-json\/wp\/v2\/pages\/1033","targetHints":{"allow":["GET"]}}],"collection":[{"href":"https:\/\/autoinfo.hu\/szvk\/index.php\/wp-json\/wp\/v2\/pages"}],"about":[{"href":"https:\/\/autoinfo.hu\/szvk\/index.php\/wp-json\/wp\/v2\/types\/page"}],"author":[{"embeddable":true,"href":"https:\/\/autoinfo.hu\/szvk\/index.php\/wp-json\/wp\/v2\/users\/1"}],"replies":[{"embeddable":true,"href":"https:\/\/autoinfo.hu\/szvk\/index.php\/wp-json\/wp\/v2\/comments?post=1033"}],"version-history":[{"count":33,"href":"https:\/\/autoinfo.hu\/szvk\/index.php\/wp-json\/wp\/v2\/pages\/1033\/revisions"}],"predecessor-version":[{"id":1670,"href":"https:\/\/autoinfo.hu\/szvk\/index.php\/wp-json\/wp\/v2\/pages\/1033\/revisions\/1670"}],"wp:attachment":[{"href":"https:\/\/autoinfo.hu\/szvk\/index.php\/wp-json\/wp\/v2\/media?parent=1033"}],"curies":[{"name":"wp","href":"https:\/\/api.w.org\/{rel}","templated":true}]}}