{"id":10,"date":"2018-04-18T16:24:22","date_gmt":"2018-04-18T16:24:22","guid":{"rendered":"http:\/\/autoinfo.hu\/szvk\/?page_id=10"},"modified":"2026-03-23T01:25:49","modified_gmt":"2026-03-23T00:25:49","slug":"szegedi-vitorlaskikoto","status":"publish","type":"page","link":"https:\/\/autoinfo.hu\/szvk\/","title":{"rendered":"Kishaj\u00f3s k\u00e9pz\u00e9s"},"content":{"rendered":"<div>\r\n<h1 style=\"text-align: center;\"><strong>KEDVTEL\u00c9SI C\u00c9L\u00da<\/strong><strong> VITORL\u00c1S, KISG\u00c9PHAJ\u00d3 \u00c9S\u00a0 JETSKI <\/strong><strong>VEZET\u0150 K\u00c9PZ\u00c9S<br \/><\/strong><\/h1>\r\nAz el\u0151ad\u00e1sok t\u00e9m\u00e1i:\r\n<ul>\r\n<li>a Haj\u00f3z\u00e1si szab\u00e1lyzat,<\/li>\r\n<li>a vitorl\u00e1z\u00e1s elm\u00e9lete,<\/li>\r\n<li>haj\u00f3vezet\u00e9stan,<\/li>\r\n<li>haj\u00f3z\u00e1si f\u00f6ldrajz, v\u00edzrajz,<\/li>\r\n<li>meteorol\u00f3gia,<\/li>\r\n<li>haj\u00f3elm\u00e9let,<\/li>\r\n<li>haj\u00f3k szerkezete \u00e9s \u00e9p\u00edt\u00e9se,<\/li>\r\n<li>haj\u00f3g\u00e9ptan,<\/li>\r\n<li>k\u00f6rnyezet \u00e9s t\u0171zv\u00e9delmi ismeretek,<\/li>\r\n<li>els\u0151seg\u00e9ly ny\u00fajt\u00e1s, v\u00edzb\u0151l ment\u00e9s.<\/li>\r\n<\/ul>\r\n<p style=\"position: absolute; top: -9999px;\">Az aut\u00f3piacr\u00f3l sz\u00f3l\u00f3 inform\u00e1ci\u00f3k \u00e1ttekint\u00e9se ut\u00e1n az Autoinfo.hu oldalon, pr\u00f3b\u00e1lj szerencs\u00e9t az <a href=\"https:\/\/allyspin-casino.hu\/\">allyspin casino<\/a> izgalmas kaszin\u00f3j\u00e1t\u00e9kaival, hogy fokozd az adrenalinl\u00f6ketet.<\/p>\r\n<p>AZ <b>EL\u0150AD\u00c1SOKAT<\/b> <b>T\u00c1VOKTAT\u00c1SSAL TARTJUK,<\/b> a gyakorlati oktat\u00e1sok a Tisz\u00e1n lesznek.<\/p>\r\n<p>A tanfolyam v\u00e9g\u00e9n a r\u00e9sztvev\u0151k a KAVK vizsgabiztosai el\u0151tt vizsg\u00e1znak \u00e9s sikeres vizsga eset\u00e9n foly\u00f3kra, tavakra, csatorn\u00e1kra ( Eur\u00f3pa belvizeire ) \u00e9rv\u00e9nyes kedvtel\u00e9si c\u00e9l\u00fa nemzetk\u00f6zi kishaj\u00f3-vezet\u0151 bizony\u00edtv\u00e1nyt kapnak.<\/p>\r\n<p>A k\u00e9pes\u00edt\u00e9s 20 Le motorteljes\u00edtm\u00e9nyt, illetve 10 m<sup>2<\/sup> vitorlafel\u00fcletet meghalad\u00f3 kishaj\u00f3k vezet\u00e9s\u00e9re jogos\u00edt, 20 m haj\u00f3hosszig, melyek befogad\u00f3 k\u00e9pess\u00e9ge nem haladja meg a\u00a0 12 f\u0151t.<\/p>\r\n<p><strong>A tanfolyam 24 \u00f3ra elm\u00e9leti \u00e9s 12+4 \u00f3ra gyakorlati k\u00e9pz\u00e9sb\u0151l \u00e1ll.<\/strong><\/p>\r\nA tanfolyam elv\u00e9gz\u00e9s\u00e9nek felt\u00e9tele:\r\n<ul>\r\n<li><strong>orvosi alkalmass\u00e1g,<\/strong><\/li>\r\n<li><strong>\u00faszni tud\u00e1s,<\/strong><\/li>\r\n<li>Az elm\u00e9leti vizsg\u00e1ra jelentkez\u00e9s felt\u00e9tele a <strong>17. \u00e9let\u00e9v<\/strong> <strong>bet\u00f6lt\u00e9se,<\/strong><\/li>\r\n<li>a gyakorlati vizsg\u00e1ra jelentkez\u00e9s felt\u00e9tele a <strong>18. \u00e9let\u00e9v<\/strong> <strong>bet\u00f6lt\u00e9se.<\/strong><\/li>\r\n<\/ul>\r\nA vitorl\u00e1s illetve a kisg\u00e9phaj\u00f3 vezet\u0151i vizsga k\u00fcl\u00f6n &#8211; k\u00fcl\u00f6n \u00e9s egy\u00fctt is elv\u00e9gezhet\u0151. Az\u00e9rt <strong>c\u00e9lszer\u0171 egy\u00fctt vizsg\u00e1zni<\/strong>, mert a k\u00f6z\u00f6s tant\u00e1rgyakb\u00f3l csak egyszer kell, a tanfolyamd\u00edjb\u00f3l kedvezm\u00e9nyt adunk \u00e9s a vizsgad\u00edj is kedvez\u0151bb a k\u00f6z\u00f6s vizsga eset\u00e9n.\r\n<table style=\"height: 836px;\" width=\"670\">\r\n<tbody>\r\n<tr>\r\n<td width=\"221\">\r\n<h3>TANFOLYAM<\/h3>\r\n<\/td>\r\n<td colspan=\"2\" width=\"252\">\r\n<h3>TANFOLYAMD\u00cdJ [Ft]<\/h3>\r\n<\/td>\r\n<td colspan=\"2\" width=\"264\">\r\n<h3>VIZSGA+ OKM\u00c1NYKIAD\u00c1SI D\u00cdJ [Ft]<\/h3>\r\n<\/td>\r\n<\/tr>\r\n<tr>\r\n<td width=\"221\">\r\n<h4>Kisg\u00e9phaj\u00f3-vezet\u0151<\/h4>\r\n<\/td>\r\n<td width=\"156\">Elm\u00e9let:\u00a0\u00a0\u00a0\u00a0\u00a0\u00a0\u00a0\u00a0\u00a0\u00a0\u00a0\u00a0\u00a0\u00a0\u00a0\u00a0\u00a0\u00a0\u00a0\u00a0\u00a0 21.000<br \/>Gyakorlat:\u00a0 \u00a0 \u00a0 \u00a0 \u00a0 \u00a0 \u00a0 \u00a0 \u00a0 21.000<br \/>Vizsgaelj\u00e1r\u00e1s:\u00a0 \u00a0 \u00a0 \u00a0 <span style=\"white-space: nowrap;\">2 x 4.000<\/span><\/td>\r\n<td width=\"96\"><strong>50.000<\/strong><\/td>\r\n<td width=\"168\">Elm\u00e9let:\u00a0 \u00a0 \u00a0 \u00a0 \u00a0 \u00a0 \u00a0 \u00a0 <span style=\"white-space: nowrap;\">2 x 10.900<\/span><br \/>Gyakorlat:\u00a0 \u00a0 \u00a0 \u00a0 \u00a0 \u00a0 \u00a0 \u00a0 28.300<br \/>Okm\u00e1nykiad\u00e1s:\u00a0\u00a0\u00a0\u00a0\u00a0\u00a0 16.100<\/td>\r\n<td width=\"96\"><strong>66.200<\/strong><\/td>\r\n<\/tr>\r\n<tr>\r\n<td width=\"221\">\r\n<h4><strong>Vitorl\u00e1s kishaj\u00f3 vezet\u0151<\/strong><\/h4>\r\n<\/td>\r\n<td width=\"156\">Elm\u00e9let:\u00a0 \u00a0 \u00a0 \u00a0 \u00a0 \u00a0 \u00a0 \u00a0 \u00a0 \u00a0 \u00a0 31.000<br \/>Gyakorlat:\u00a0 \u00a0 \u00a0 \u00a0 \u00a0 \u00a0 \u00a0 \u00a0 \u00a0 31.000<br \/>Vizsgaelj\u00e1r\u00e1s:\u00a0 \u00a0 \u00a0 \u00a0 <span style=\"white-space: nowrap;\">2 x 4.000<\/span><\/td>\r\n<td width=\"96\"><strong>70.000<\/strong><\/td>\r\n<td width=\"168\">Elm\u00e9let:\u00a0 \u00a0 \u00a0 \u00a0 \u00a0 \u00a0 \u00a0 \u00a0 <span style=\"white-space: nowrap;\">2 x 10.900<\/span><br \/>Gyakorlat:\u00a0 \u00a0 \u00a0 \u00a0 \u00a0 \u00a0 \u00a0 \u00a0 28.300<br \/>Okm\u00e1nykiad\u00e1s:\u00a0\u00a0\u00a0\u00a0\u00a0\u00a0 16.100<\/td>\r\n<td width=\"96\"><strong>66.200<\/strong><\/td>\r\n<\/tr>\r\n<tr>\r\n<td width=\"221\">\r\n<h4><strong>Kisg\u00e9phaj\u00f3 + Vitorl\u00e1s<br \/>kishaj\u00f3 vezet\u0151 egy\u00fctt<\/strong><\/h4>\r\n<\/td>\r\n<td width=\"156\">\r\n<p>Elm\u00e9let:\u00a0 \u00a0 \u00a0 \u00a0 \u00a0 \u00a0 \u00a0 \u00a0 \u00a0 \u00a0 \u00a0 56.000<br \/>Gyakorlat:\u00a0 \u00a0 \u00a0 \u00a0 \u00a0 \u00a0 \u00a0 \u00a0 \u00a0 56.000<br \/>Vizsgaelj\u00e1r\u00e1s:\u00a0 \u00a0 \u00a0 \u00a0 <span style=\"white-space: nowrap;\">2 x 4.000<\/span><\/p>\r\n<\/td>\r\n<td width=\"96\"><strong>120.000<\/strong><\/td>\r\n<td width=\"168\">Elm\u00e9let:\u00a0 \u00a0 \u00a0 \u00a0 \u00a0 \u00a0 \u00a0 \u00a0 <span style=\"white-space: nowrap;\">3 x 10.900<\/span><br \/>Gyakorlat:<br \/>2 x 28.300<br \/>Okm\u00e1nykiad\u00e1s:\u00a0\u00a0\u00a0\u00a0\u00a0\u00a0 16.100<\/td>\r\n<td width=\"96\"><strong>105.400<\/strong><\/td>\r\n<\/tr>\r\n<tr>\r\n<td width=\"221\">\r\n<h4>Tanfolyam di\u00e1koknak<\/h4>\r\n<\/td>\r\n<td width=\"156\">\r\n<p>Elm\u00e9let:\u00a0\u00a0\u00a0\u00a0\u00a0\u00a0\u00a0\u00a0\u00a0\u00a0\u00a0\u00a0\u00a0\u00a0\u00a0\u00a0\u00a0\u00a0\u00a0\u00a0\u00a0 17.000<br \/>Gyakorlat:\u00a0 \u00a0 \u00a0 \u00a0 \u00a0 \u00a0 \u00a0 \u00a0 \u00a0 23.000<\/p>\r\n<\/td>\r\n<td width=\"96\"><strong>40.000<\/strong><\/td>\r\n<td colspan=\"2\" width=\"264\"><strong>vizsga n\u00e9lk\u00fcl<\/strong><\/td>\r\n<\/tr>\r\n<\/tbody>\r\n<\/table>\r\n<p>A tanfolyam az alapszint\u0171 elm\u00e9leti ismeretek elsaj\u00e1t\u00edt\u00e1sa ut\u00e1n, az id\u0151j\u00e1r\u00e1st\u00f3l f\u00fcgg\u0151 \u00fctemez\u00e9sben 12+4 \u00f3ra gyakorlati oktat\u00e1s k\u00f6veti.<br \/>A tanfolyam tematik\u00e1ja megtekinthet\u0151 az Interneten <a href=\"http:\/\/www.autoinfo.hu\/vitorlas\">www.autoinfo.hu\/vitorlas<\/a> oldalon.<br \/>A <strong>gimnazist\u00e1k<\/strong> \u00e9s <strong>k\u00f6z\u00e9piskol\u00e1sok<\/strong> a 17. \u00e9let\u00e9v bet\u00f6lt\u00e9se el\u0151tt vizsg\u00e1ra bocs\u00e1t\u00e1s n\u00e9lk\u00fcl v\u00e9gezhetik el a k\u00e9pz\u00e9st, 17 \u00e9vesen elm\u00e9leti, 18 \u00e9vesen gyakorlati vizsg\u00e1t tehetnek.<\/p>\r\n<table><caption>Jelentkez\u00e9s \u00e9s tov\u00e1bbi r\u00e9szletes inform\u00e1ci\u00f3k<\/caption>\r\n<tbody>\r\n<tr>\r\n<td>Mobiltelefon<\/td>\r\n<td><a href=\"tel:+36-30-978-6313\"><strong>+36 30 978 6313<\/strong><\/a><\/td>\r\n<\/tr>\r\n<tr>\r\n<td>Telefon<\/td>\r\n<td><a href=\"tel:+36-62-547-000\"><strong>+36 62 547 000<\/strong><\/a><\/td>\r\n<\/tr>\r\n<tr>\r\n<td>E-mail<\/td>\r\n<td><a href=\"mailto:kipper.gyorgy@\">kipper@kipper.hu<\/a><\/td>\r\n<\/tr>\r\n<tr>\r\n<td>Skype<\/td>\r\n<td>kippergyorgy<\/td>\r\n<\/tr>\r\n<tr>\r\n<td>A k\u00e9pz\u0151 szerv neve<\/td>\r\n<td>AUTOINFO HUNGARY EC<\/td>\r\n<\/tr>\r\n<tr>\r\n<td>C\u00edm<\/td>\r\n<td>6720 SZEGED Kazinczy u. 12.<\/td>\r\n<\/tr>\r\n<tr>\r\n<td colspan=\"2\">Az \u00c9p\u00edt\u00e9si \u00e9s K\u00f6zleked\u00e9si Miniszt\u00e9rium\u00a0 a k\u00e9pz\u00e9st a\u00a0<strong><span id=\"page4R_mcid28\" class=\"markedContent\"><span dir=\"ltr\" role=\"presentation\">HHF\/3244-1\/2023-\u00c9KM.<\/span><\/span><span id=\"page4R_mcid29\" class=\"markedContent\"> <\/span><\/strong> sz\u00e1m\u00fa hat\u00e1rozat\u00e1ban hagyta j\u00f3v\u00e1.<\/td>\r\n<\/tr>\r\n<\/tbody>\r\n<\/table>\r\n<p>T\u00e9li id\u0151szakban <b>az elm\u00e9leti \u00e9s gyakorlati oktat\u00e1s k\u00fcl\u00f6nv\u00e1lik<\/b>, \u00edgy nem jelent olyan intenz\u00edv elfoglalts\u00e1got a k\u00e9pz\u00e9s.<br \/>Ny\u00e1ron az elm\u00e9leti \u00e9s gyakorlati oktat\u00e1s p\u00e1rhuzamosan t\u00f6rt\u00e9nik.<\/p>\r\n<\/div>\r\n<div>A gyakorlati vizsga el\u0151felt\u00e9tele az eredm\u00e9nyes elm\u00e9leti tesztvizsga.<\/div>\r\n<div><b><br \/>\u00daJDONS\u00c1GOK<\/b>:<\/div>\r\n<ol>\r\n<li style=\"list-style-type: none;\">\r\n<ol>\r\n<li>Az elm\u00e9leti vizsg\u00e1ra felk\u00e9sz\u00edt\u00e9s t\u00e1voktat\u00e1sban,<br \/><b>A SZEM\u00c9LYES TAL\u00c1LKOZ\u00c1SOK MELL\u0150Z\u00c9S\u00c9VEL<\/b> <b>T\u00d6RT\u00c9NIK<\/b><\/li>\r\n<li>Az el\u0151ad\u00e1sok videofelv\u00e9telr\u0151l b\u00e1rmikor megtekinthet\u0151k!<\/li>\r\n<li>Elm\u00e9leti vizsga a hozz\u00e1d legk\u00f6zelebb es\u0151 vizsgahelyen<\/li>\r\n<li>Vizsg\u00e1ra jelentkez\u00e9s eHivatalon kereszt\u00fcl<\/li>\r\n<li><a href=\"https:\/\/autoinfo.hu\/szvk\/index.php\/uj-tesztkerdesek\/\">Nyilv\u00e1nosan el\u00e9rhet\u0151 teszt k\u00e9rd\u00e9sek www.autoinfo.hu<\/a><\/li>\r\n<li>Sz\u00e1m\u00edt\u00f3g\u00e9pes teszt vizsga a KAVK vizsgaterm\u00e9ben<\/li>\r\n<li>Cs\u00f6kkentett darabsz\u00e1m\u00fa teszt k\u00e9rd\u00e9s<\/li>\r\n<li><span class=\"m_2260949813035703139gmail-m_5360045054705313050gmail-m_5186617501408547217gmail-m_-3210923357306958947gmail-m_5664595313601936080gmail-m_-2947856913491848887gmail-m_3765612980409865694gmail-m_4204861188668143143gmail-m_8281779837473919579gmail-m_416710698450039358gmail-text_exposed_show\"><span class=\"m_2260949813035703139gmail-m_5360045054705313050gmail-m_5186617501408547217gmail-m_-3210923357306958947gmail-m_5664595313601936080gmail-m_-2947856913491848887gmail-m_3765612980409865694gmail-m_4204861188668143143gmail-m_8281779837473919579gmail-m_416710698450039358gmail-text_exposed_show\">Okm\u00e1nykiad\u00e1si k\u00e9relem beny\u00fajt\u00e1sa a gyakorlati vizsga ut\u00e1n, a Szegedi Vitorl\u00e1s Kik\u00f6t\u0151ben t\u00f6rt\u00e9nik. <\/span><\/span><\/li>\r\n<li><span class=\"m_2260949813035703139gmail-m_5360045054705313050gmail-m_5186617501408547217gmail-m_-3210923357306958947gmail-m_5664595313601936080gmail-m_-2947856913491848887gmail-m_3765612980409865694gmail-m_4204861188668143143gmail-m_8281779837473919579gmail-m_416710698450039358gmail-text_exposed_show\">Ig\u00e9ny eset\u00e9n az ideiglenes okm\u00e1ny kiad\u00e1sa egy h\u00e9ttel a vizsga ut\u00e1n az \u00fcgyf\u00e9lszolg\u00e1lati pontokon k\u00e9relmezhet\u0151.<\/span><\/li>\r\n<\/ol>\r\n<\/li>\r\n<\/ol>\r\n<table>\r\n<tbody>\r\n<tr>\r\n<td><strong>Kezd\u00e9s id\u0151pontja<\/strong><\/td>\r\n<td><strong>2026. 03. 27.<\/strong><strong>P\u00c9NTEK<\/strong><\/td>\r\n<\/tr>\r\n<tr>\r\n<td>Befejez\u00e9s id\u0151pontja<\/td>\r\n<td>2026. 04. 06. H\u00c9TF\u0150<\/td>\r\n<\/tr>\r\n<tr>\r\n<td><strong>Elm\u00e9leti vizsga<\/strong> tervezett id\u0151pontja<\/td>\r\n<td><strong>2026. 04. 07. KEDD<\/strong><\/td>\r\n<\/tr>\r\n<tr>\r\n<td><strong>Gyakorlati vizsga <\/strong><\/td>\r\n<td><strong>2026. 04. 09. CS\u00dcT\u00d6RT\u00d6K<\/strong><\/td>\r\n<\/tr>\r\n<tr>\r\n<td>Gyakorlati oktat\u00e1s<\/td>\r\n<td><strong>Id\u0151j\u00e1r\u00e1st\u00f3l f\u00fcgg\u0151en, h\u00e9tv\u00e9geken<\/strong><\/td>\r\n<\/tr>\r\n<tr>\r\n<td><strong>2. Elm\u00e9leti (Jav\u00edt\u00f3) vizsga lehet\u0151s\u00e9g id\u0151pontja<\/strong><\/td>\r\n<td><strong>2026. 04. 21. KEDD<\/strong><\/td>\r\n<\/tr>\r\n<\/tbody>\r\n<\/table>\r\n<div dir=\"ltr\">2026. \u00e9vi tervezett vizsgaid\u0151pontok (.xls)\u00a0<\/div>\r\n<div dir=\"ltr\">\u00a0<\/div>\r\n<div dir=\"ltr\">AZ EL\u0150AD\u00c1SOKAT <strong>T\u00c1VOKTAT\u00c1SSAL<\/strong> TARTJUK.<br \/>AZ EL\u0150AD\u00c1SOK VIDEOFELV\u00c9TELEIT A REGISZTR\u00c1LTAK B\u00c1RMIKOR, KORL\u00c1TOZ\u00c1S N\u00c9LK\u00dcL MEGTEKINTHETIK.<\/div>\r\n<div dir=\"ltr\">\u00a0<\/div>\r\n<div dir=\"ltr\">A VIZSG\u00c1N HASZN\u00c1LT MINDEN TESZTK\u00c9RD\u00c9S AK\u00c1R OKOSTELEFONR\u00d3L IS KORL\u00c1TLANUL GYAKOROLHAT\u00d3.<\/div>\r\n\r\n<p>&nbsp;<\/p>\r\n","protected":false},"excerpt":{"rendered":"<p>KEDVTEL\u00c9SI C\u00c9L\u00da VITORL\u00c1S, KISG\u00c9PHAJ\u00d3 \u00c9S\u00a0 JETSKI VEZET\u0150 K\u00c9PZ\u00c9S Az el\u0151ad\u00e1sok t\u00e9m\u00e1i: a Haj\u00f3z\u00e1si szab\u00e1lyzat, a vitorl\u00e1z\u00e1s elm\u00e9lete, haj\u00f3vezet\u00e9stan, haj\u00f3z\u00e1si f\u00f6ldrajz, v\u00edzrajz, meteorol\u00f3gia, haj\u00f3elm\u00e9let, haj\u00f3k szerkezete \u00e9s \u00e9p\u00edt\u00e9se, haj\u00f3g\u00e9ptan, k\u00f6rnyezet \u00e9s t\u0171zv\u00e9delmi ismeretek, els\u0151seg\u00e9ly ny\u00fajt\u00e1s, v\u00edzb\u0151l ment\u00e9s. Az aut\u00f3piacr\u00f3l sz\u00f3l\u00f3 inform\u00e1ci\u00f3k \u00e1ttekint\u00e9se ut\u00e1n az Autoinfo.hu oldalon, pr\u00f3b\u00e1lj szerencs\u00e9t az allyspin casino izgalmas kaszin\u00f3j\u00e1t\u00e9kaival, hogy fokozd az [&hellip;]<\/p>\n","protected":false},"author":1,"featured_media":0,"parent":0,"menu_order":0,"comment_status":"closed","ping_status":"closed","template":"","meta":{"_exactmetrics_skip_tracking":false,"_exactmetrics_sitenote_active":false,"_exactmetrics_sitenote_note":"","_exactmetrics_sitenote_category":0,"footnotes":""},"class_list":["post-10","page","type-page","status-publish","hentry"],"_links":{"self":[{"href":"https:\/\/autoinfo.hu\/szvk\/index.php\/wp-json\/wp\/v2\/pages\/10","targetHints":{"allow":["GET"]}}],"collection":[{"href":"https:\/\/autoinfo.hu\/szvk\/index.php\/wp-json\/wp\/v2\/pages"}],"about":[{"href":"https:\/\/autoinfo.hu\/szvk\/index.php\/wp-json\/wp\/v2\/types\/page"}],"author":[{"embeddable":true,"href":"https:\/\/autoinfo.hu\/szvk\/index.php\/wp-json\/wp\/v2\/users\/1"}],"replies":[{"embeddable":true,"href":"https:\/\/autoinfo.hu\/szvk\/index.php\/wp-json\/wp\/v2\/comments?post=10"}],"version-history":[{"count":154,"href":"https:\/\/autoinfo.hu\/szvk\/index.php\/wp-json\/wp\/v2\/pages\/10\/revisions"}],"predecessor-version":[{"id":1700,"href":"https:\/\/autoinfo.hu\/szvk\/index.php\/wp-json\/wp\/v2\/pages\/10\/revisions\/1700"}],"wp:attachment":[{"href":"https:\/\/autoinfo.hu\/szvk\/index.php\/wp-json\/wp\/v2\/media?parent=10"}],"curies":[{"name":"wp","href":"https:\/\/api.w.org\/{rel}","templated":true}]}}